{"id":2104,"date":"2021-03-23T09:33:48","date_gmt":"2021-03-23T09:33:48","guid":{"rendered":"http:\/\/localhost\/nuss\/?page_id=167"},"modified":"2025-09-04T10:37:11","modified_gmt":"2025-09-04T10:37:11","slug":"unsere-geschichte","status":"publish","type":"page","link":"https:\/\/pagodahotelchengdu.com\/de\/unsere-geschichte\/","title":{"rendered":"Unsere Geschichte"},"content":{"rendered":"<div data-elementor-type=\"wp-page\" data-elementor-id=\"2104\" class=\"elementor elementor-2104\">\n\t\t\t\t\t\t<section class=\"elementor-section elementor-top-section elementor-element elementor-element-8f5bb9d elementor-section-boxed elementor-section-gap-beside-yes elementor-section-height-default elementor-section-height-default elementor-section-column-vertical-align-stretch\" data-id=\"8f5bb9d\" data-element_type=\"section\" data-e-type=\"section\">\n\t\t\t\t\t\t<div class=\"elementor-container elementor-column-gap-extended\">\n\t\t\t\t\t<div class=\"elementor-column elementor-col-100 elementor-top-column elementor-element elementor-element-7ec4215\" data-id=\"7ec4215\" data-element_type=\"column\" data-e-type=\"column\">\n\t\t\t<div class=\"elementor-widget-wrap elementor-element-populated\">\n\t\t\t\t\t\t<div class=\"elementor-element elementor-element-edd9d03 elementor-widget__width-initial elementor-invisible elementor-widget elementor-widget-text-editor\" data-id=\"edd9d03\" data-element_type=\"widget\" data-e-type=\"widget\" data-settings=\"{&quot;_animation&quot;:&quot;nussFadeInUp&quot;}\" data-widget_type=\"text-editor.default\">\n\t\t\t\t\t\t\t\t\t<p><strong data-spm-anchor-id=\"a2ty_o01.29997173.0.i46.6fbec921q4yY4x\">Die Vision hinter dem Pagoda Hotel Chengdu Taikoo Li \u2013 Wo Tradition auf urbane Eleganz trifft<\/strong><\/p>\t\t\t\t\t\t\t\t<\/div>\n\t\t\t\t\t<\/div>\n\t\t<\/div>\n\t\t\t\t\t<\/div>\n\t\t<\/section>\n\t\t<div class=\"elementor-element elementor-element-e5b3a04 e-flex e-con-boxed e-con e-parent\" data-id=\"e5b3a04\" data-element_type=\"container\" data-e-type=\"container\">\n\t\t\t\t\t<div class=\"e-con-inner\">\n\t\t\t\t<div class=\"elementor-element elementor-element-43ef180 elementor-widget elementor-widget-text-editor\" data-id=\"43ef180\" data-element_type=\"widget\" data-e-type=\"widget\" data-widget_type=\"text-editor.default\">\n\t\t\t\t\t\t\t\t\t<p data-spm-anchor-id=\"a2ty_o01.29997173.0.i48.6fbec921q4yY4x\">Im Herzen von <strong>Bezirk Jinjiang<\/strong>, wo die alten Rhythmen Sichuans auf den Puls des modernen China treffen, <strong>Pagoda Hotel Chengdu Taikoo Li<\/strong> entstand aus einer einzigartigen Vision: ein Refugium zu schaffen, das die Seele von Chengdu ehrt und gleichzeitig die Bed\u00fcrfnisse des modernen Reisenden ber\u00fccksichtigt.<\/p><p data-spm-anchor-id=\"a2ty_o01.29997173.0.i47.6fbec921q4yY4x\">Standort <strong>Nr. 16 Hua Xing Oststra\u00dfe<\/strong>, nur wenige Schritte vom weltber\u00fchmten <strong>Taikoo Li (Sino-Ozean-Taikoo Li)<\/strong>, unser Hotel ist mehr als ein Ort zum Ausruhen \u2013 es ist ein <strong>sorgf\u00e4ltig ausgearbeitete Erz\u00e4hlung von Ausgeglichenheit, Sch\u00f6nheit und Zugeh\u00f6rigkeit<\/strong>. Wir sind nicht nur eine weitere Luxusadresse; wir sind ein <strong>lebendiger Dialog zwischen Erbe und Innovation<\/strong>, zwischen der stillen Anmut einer traditionellen Pagode und der pulsierenden Energie einer der dynamischsten St\u00e4dte Asiens.<\/p><div class=\"py-2 my-3\"><hr \/><\/div><h3>\ud83c\udfef Ein Name mit Bedeutung<\/h3><p>Der Name <strong>&quot;Pagode&quot;<\/strong> ist mehr als eine Anspielung auf architektonische Sch\u00f6nheit \u2013 es ist ein Symbol f\u00fcr <strong>Ruhe, Weisheit und spiritueller Aufstieg<\/strong>. In allen asiatischen Kulturen gelten Pagoden seit Jahrhunderten als Leuchtfeuer des Friedens und erheben sich \u00fcber die Landschaft als Orte der Besinnung und Verbundenheit. Bei <strong>Pagoda Hotel Chengdu Taikoo Li<\/strong>f\u00fchren wir dieses Erbe fort und bieten einen Raum, in dem G\u00e4ste <strong>Erheben Sie sich \u00fcber den Reisel\u00e4rm<\/strong>, Ruhe finden und wieder eine Verbindung herstellen \u2013 mit sich selbst, mit der Kultur und mit dem Moment.<\/p><p>Unsere Geschichte begann mit einer einfachen Frage: <em>Wie kann sich ein Hotel mitten in einer gesch\u00e4ftigen Metropole wie ein R\u00fcckzugsort anf\u00fchlen?<\/em> Die Antwort lag nicht nur in der Gr\u00f6\u00dfe, sondern auch in <strong>Absicht<\/strong> \u2014 bei der Gestaltung eines Raumes, der sich sowohl <strong>raffiniert und einladend<\/strong>, modern und doch in der lokalen Identit\u00e4t verwurzelt.<\/p><div class=\"py-2 my-3\"><hr \/><\/div><h3>\ud83c\udf06 Das Herz von Chengdu: Ein Ort mit Sinn<\/h3><p>Chengdu ist eine Stadt der Kontraste \u2013 hier schlafen Pandas in Bambushainen, nur wenige Kilometer von hohen Wolkenkratzern entfernt, und hier wird scharfer Sichuan-Hotpot sowohl an Stra\u00dfenst\u00e4nden als auch in mit Michelin-Sternen ausgezeichneten Restaurants genossen. <strong>Bezirk Jinjiang<\/strong>, unser Zuhause, ist das Epizentrum dieser Dualit\u00e4t.<\/p><p>Gelegen an der Kreuzung von <strong>Geschichte und Luxus<\/strong>, unser Hotel liegt neben <strong>Taikoo Li<\/strong>, eine bahnbrechende Entwicklung, die meisterhaft verbindet <strong>restaurierte Innenh\u00f6fe aus der Qing-Dynastie<\/strong> mit globaler Mode, gehobener K\u00fcche und Kunst. Diese einzigartige Umgebung inspirierte unsere Designphilosophie: <strong>Respektieren Sie die Vergangenheit und gestalten Sie gleichzeitig die Zukunft<\/strong>.<\/p><p>Wir sahen eine Chance \u2013 nicht nur, ein Hotel zu bauen, sondern <strong>Kuratieren Sie ein Erlebnis<\/strong>. Eines, wo ein Gesch\u00e4ftsreisender nahtlos von einem wichtigen Meeting zu einer ruhigen Tasse Tee in einem ruhigen Innenhof \u00fcbergehen kann, wo ein Tourist morgens die Kuanzhai-Gasse erkunden und in ein Zimmer zur\u00fcckkehren kann, das sich wie ein pers\u00f6nlicher Zufluchtsort anf\u00fchlt.<\/p><div class=\"py-2 my-3\"><hr \/><\/div><h3>\ud83c\udfa8 Designphilosophie: Moderne Einfachheit, Sichuan-Seele<\/h3><p>Von Anfang an war es unser Ziel, einen Raum zu schaffen, der sich anf\u00fchlt <strong>authentisches Chengdu<\/strong> \u2013 nicht durch Klischees, sondern durch subtile, bedeutungsvolle Details.<\/p><ul><li><strong>Minimalistische Innenr\u00e4ume<\/strong> mit warmen Holzt\u00f6nen und sanfter Beleuchtung schaffen Sie eine beruhigende, aufger\u00e4umte Atmosph\u00e4re.<\/li><li><strong>Subtile kulturelle Motive<\/strong> \u2013 inspiriert von Sichuan-Opernmasken, traditioneller Kalligrafie und den \u00fcppigen Landschaften der Region \u2013 sind in Kunstwerke, Textilien und Raumakzente eingewoben.<\/li><li><strong>Bodentiefe Fenster<\/strong> Rahmen Sie den Blick auf die Skyline der Stadt oder ruhige Innenh\u00f6fe ein und verwischen Sie die Grenze zwischen Innen und Au\u00dfen.<\/li><li><strong>Nat\u00fcrliche Materialien<\/strong> \u2013 Stein, Leinen und Bambus \u2013 werden \u00fcberall verwendet, um ein Gef\u00fchl organischer Harmonie hervorzurufen.<\/li><\/ul><p>Jedes Element, vom ergonomischen Schreibtisch bis zum Regenduschkopf, wurde mit <strong>Zweck und Komfort<\/strong> im Hinterkopf. Dies ist kein Hotel, das f\u00fcr die Show konzipiert ist \u2013 es ist f\u00fcr <strong>Du<\/strong>, der Reisende, der sowohl Stil als auch Substanz sch\u00e4tzt.<\/p><div class=\"py-2 my-3\"><hr \/><\/div><h3>\ud83e\udd1d Ein Engagement f\u00fcr herzliche, aufmerksame Gastfreundschaft<\/h3><p>Im Mittelpunkt unserer Geschichte steht der tiefe Glaube an <strong>die Macht des Dienstes<\/strong>In Chengdu ist Gastfreundschaft nicht nur ein beruflicher Standard \u2013 sie ist ein kultureller Wert. Die Einheimischen sind f\u00fcr ihre Herzlichkeit, ihren Humor und ihre Gro\u00dfz\u00fcgigkeit bekannt, und wir bem\u00fchen uns, diesen Geist in jeder Interaktion widerzuspiegeln.<\/p><p>Unser Team ist geschult, <strong>aufmerksam, ohne aufzudringlich<\/strong>, professionell und doch pers\u00f6nlich. Ob es darum geht, sich an Ihren Lieblingstee zu erinnern, Ihnen bei der Buchung von Karten f\u00fcr eine Sichuan-Oper zu helfen oder eine ruhige Ecke im Restaurant f\u00fcr ein Solo-Dinner zu organisieren, wir m\u00f6chten <strong>Ihre Bed\u00fcrfnisse voraussehen<\/strong> bevor Sie sie \u00fcberhaupt aussprechen.<\/p><p>Wir glauben auch an <strong>Inklusivleistungen<\/strong>:<\/p><ul><li><strong>Mehrsprachiges Personal<\/strong> flie\u00dfend in Mandarin, Englisch und Grundkenntnissen in Japanisch<\/li><li><strong>Di\u00e4tetische Anpassungen<\/strong> f\u00fcr vegetarische, vegane und glutenfreie G\u00e4ste<\/li><li><strong>Barrierefreiheitsbewusstes Design<\/strong> um allen Reisenden Komfort zu bieten<\/li><\/ul><p>Denn wahrer Luxus liegt nicht nur in der Einrichtung, sondern auch in der <strong>das Gef\u00fchl, gesehen, respektiert und umsorgt zu werden<\/strong>.<\/p><div class=\"py-2 my-3\"><hr \/><\/div><h3>\ud83c\udf31 Nachhaltigkeit und Verantwortung: Eine bessere Zukunft aufbauen<\/h3><p>W\u00e4hrend wir unsere Geschichte schreiben, achten wir auf die Welt um uns herum. <strong>Pagoda Hotel Chengdu Taikoo Li<\/strong> ist verpflichtet <strong>verantwortungsvolle Gastfreundschaft<\/strong> \u2013 von Grund auf.<\/p><ul><li><strong>Energieeffiziente Beleuchtungs- und HLK-Systeme<\/strong> unseren CO2-Fu\u00dfabdruck reduzieren.<\/li><li><strong>Umweltfreundliche Toilettenartikel<\/strong> in recycelbaren Verpackungen minimieren den Abfall.<\/li><li><strong>Lokale Beschaffung<\/strong> von Lebensmitteln und Materialien unterst\u00fctzt die Bauern und Handwerker von Chengdu.<\/li><li><strong>Digitaler Check-in und mobiler Schl\u00fcsselzugang<\/strong> Reduzieren Sie den Papierverbrauch und optimieren Sie Ihren Aufenthalt.<\/li><\/ul><p>Wir glauben, dass ein gro\u00dfartiges Hotel nicht nur seinen G\u00e4sten dienen sollte, sondern auch <strong>der Gemeinschaft und der Umwelt dienen<\/strong> das es aufrechterh\u00e4lt.<\/p><div class=\"py-2 my-3\"><hr \/><\/div><h3>\ud83c\udf1f Unser Versprechen an Sie<\/h3><p>Unsere Geschichte wird noch immer geschrieben \u2013 mit jedem Gast, der durch unsere T\u00fcren kommt, jeder online geteilten Bewertung und jedem ruhigen Moment, den wir in unserer Sky Lounge oder bei einer Sch\u00fcssel handgemachter Dan-Dan-Nudeln genie\u00dfen.<\/p><p>Wir wollen nicht das gr\u00f6\u00dfte Hotel in Chengdu sein. Wir wollen das <strong>am bedeutungsvollsten<\/strong> \u2013 ein Ort, an dem Ihre Reise m\u00fchelos, Ihr Aufenthalt pers\u00f6nlich und Ihre Verbindung zu dieser unglaublichen Stadt echt wirkt.<\/p><p>Wir sind stolz, Teil der Entwicklung Chengdus zu sein \u2013 einer Stadt, die ihre 2000-j\u00e4hrige Geschichte ehrt und gleichzeitig in die Zukunft eilt. Und w\u00e4hrend neue U-Bahn-Linien er\u00f6ffnet werden, der kulturelle Austausch floriert und die Welt die Magie Sichuans entdeckt, bleiben wir unserer urspr\u00fcnglichen Vision treu: ein <strong>Vertrauensw\u00fcrdiger Hafen im Herzen der Stadt<\/strong>, wo jeder Gast neue Energie tanken, sich neu konzentrieren und neue Kontakte kn\u00fcpfen kann.<\/p><div class=\"py-2 my-3\"><hr \/><\/div><h3>\ud83c\udf3f Willkommen zu unserer Geschichte<\/h3><p>Dies ist <strong>Pagoda Hotel Chengdu Taikoo Li<\/strong> \u2013 ein Ort, an dem Antike und Moderne harmonisch zusammenleben. Wo der Geist der Pagode auf die Energie der Stadt trifft. Wo Ihre Reise durch Chengdu mit Komfort, Zuversicht und einem Gef\u00fchl der Zugeh\u00f6rigkeit beginnt.<\/p><p>Wir laden Sie ein, einzutreten, tief durchzuatmen und Teil unserer Geschichte zu werden.<\/p><div class=\"py-2 my-3\"><hr \/><\/div><p><strong>Bleiben Sie zielstrebig. Bleiben Sie bei uns.<\/strong><br \/>\ud83d\udccd <strong>Pagoda Hotel Chengdu Taikoo Li<\/strong>: Nr. 16 Hua Xing East Street, Bezirk Jinjiang, Chengdu, Sichuan, China<br \/>\ud83d\udcde <strong>Telefon<\/strong>: +86 185 5824 6062<br \/>\ud83c\udf10 <strong>Webseite<\/strong>: <a href=\"https:\/\/pagodahotelchengdu.com\/de\/\" target=\"_blank\" rel=\"nofollow noopener\">https:\/\/pagodahotelchengdu.com <\/a><\/p><p data-spm-anchor-id=\"a2ty_o01.29997173.0.i49.6fbec921q4yY4x\">#PagodaHotelChengdu #TourStory #ChengduHotel #TaikooLiChengdu #JinjiangDistrict #HotelWithHeart #ModernesChengdu #SustainableStay #LuxuryBoutiqueHotel #SichuanHospitality #ChengduTravel #CulturalStayChina #UrbanSanctuary #HotelDesignChengdu<\/p><div class=\"py-2 my-3\"><hr \/><\/div><p data-spm-anchor-id=\"a2ty_o01.29997173.0.i50.6fbec921q4yY4x\"><strong>Im Pagoda Hotel Chengdu Taikoo Li ist Ihre Reise unsere Geschichte.<\/strong><\/p>\t\t\t\t\t\t\t\t<\/div>\n\t\t\t\t\t<\/div>\n\t\t\t\t<\/div>\n\t\t\t\t<section class=\"elementor-section elementor-top-section elementor-element elementor-element-2cf4b432 elementor-section-stretched elementor-section-boxed elementor-section-gap-beside-yes elementor-section-height-default elementor-section-height-default elementor-section-column-vertical-align-stretch\" data-id=\"2cf4b432\" data-element_type=\"section\" data-e-type=\"section\" data-settings=\"{&quot;background_background&quot;:&quot;classic&quot;,&quot;stretch_section&quot;:&quot;section-stretched&quot;}\">\n\t\t\t\t\t\t<div class=\"elementor-container elementor-column-gap-extended\">\n\t\t\t\t\t<div class=\"elementor-column elementor-col-100 elementor-top-column elementor-element elementor-element-a5cf51f\" data-id=\"a5cf51f\" data-element_type=\"column\" data-e-type=\"column\">\n\t\t\t<div class=\"elementor-widget-wrap elementor-element-populated\">\n\t\t\t\t\t\t<div class=\"elementor-element elementor-element-25b5c04c elementor-widget elementor-widget-heading\" data-id=\"25b5c04c\" data-element_type=\"widget\" data-e-type=\"widget\" data-widget_type=\"heading.default\">\n\t\t\t\t\t<h2 class=\"elementor-heading-title elementor-size-default\">Verf\u00fcgbarkeit pr\u00fcfen <\/h2>\t\t\t\t<\/div>\n\t\t\t\t<div class=\"elementor-element elementor-element-7394f8ce elementor-widget elementor-widget-text-editor\" data-id=\"7394f8ce\" data-element_type=\"widget\" data-e-type=\"widget\" data-widget_type=\"text-editor.default\">\n\t\t\t\t\t\t\t\t\t<iframe border=\"0\" src=\"https:\/\/www.trip.com\/partners\/ad\/S5194877?Allianceid=4590391&#038;SID=255941827&#038;trip_sub1=\" style=\"width:1200px;height:200px\" frameborder=\"0\" scrolling=\"no\" id=\"S5194877\"><\/iframe>\t\t\t\t\t\t\t\t<\/div>\n\t\t\t\t\t<\/div>\n\t\t<\/div>\n\t\t\t\t\t<\/div>\n\t\t<\/section>\n\t\t\t\t<\/div>","protected":false},"excerpt":{"rendered":"<p>The hotel is a series of open-house hotels inspired by the diversity and originality of the streets and scenes that surround us. Since 2012 Lorem ipsum dolor sit amet, consectetur adipiscing elit. 2012 The creation Lorem Ipsum is simply dummy text of the printing and typesetting industry. Lorem Ipsum has been the industry&#8217;s standard dummy [&hellip;]<\/p>\n","protected":false},"author":1,"featured_media":0,"parent":0,"menu_order":0,"comment_status":"closed","ping_status":"closed","template":"","meta":{"footnotes":""},"class_list":["post-2104","page","type-page","status-publish","hentry","post-no-thumbnail"],"_links":{"self":[{"href":"https:\/\/pagodahotelchengdu.com\/de\/wp-json\/wp\/v2\/pages\/2104","targetHints":{"allow":["GET"]}}],"collection":[{"href":"https:\/\/pagodahotelchengdu.com\/de\/wp-json\/wp\/v2\/pages"}],"about":[{"href":"https:\/\/pagodahotelchengdu.com\/de\/wp-json\/wp\/v2\/types\/page"}],"author":[{"embeddable":true,"href":"https:\/\/pagodahotelchengdu.com\/de\/wp-json\/wp\/v2\/users\/1"}],"replies":[{"embeddable":true,"href":"https:\/\/pagodahotelchengdu.com\/de\/wp-json\/wp\/v2\/comments?post=2104"}],"version-history":[{"count":0,"href":"https:\/\/pagodahotelchengdu.com\/de\/wp-json\/wp\/v2\/pages\/2104\/revisions"}],"wp:attachment":[{"href":"https:\/\/pagodahotelchengdu.com\/de\/wp-json\/wp\/v2\/media?parent=2104"}],"curies":[{"name":"wp","href":"https:\/\/api.w.org\/{rel}","templated":true}]}}