{"id":2105,"date":"2021-03-24T07:25:45","date_gmt":"2021-03-24T07:25:45","guid":{"rendered":"http:\/\/localhost\/nuss\/?page_id=235"},"modified":"2025-09-04T10:31:55","modified_gmt":"2025-09-04T10:31:55","slug":"faqs","status":"publish","type":"page","link":"https:\/\/pagodahotelchengdu.com\/de\/faqs\/","title":{"rendered":"FAQs"},"content":{"rendered":"<div data-elementor-type=\"wp-page\" data-elementor-id=\"2105\" class=\"elementor elementor-2105\">\n\t\t\t\t\t\t<section class=\"elementor-section elementor-top-section elementor-element elementor-element-2a96a73 elementor-section-boxed elementor-section-gap-beside-yes elementor-section-height-default elementor-section-height-default elementor-section-column-vertical-align-stretch\" data-id=\"2a96a73\" data-element_type=\"section\" data-e-type=\"section\">\n\t\t\t\t\t\t<div class=\"elementor-container elementor-column-gap-extended\">\n\t\t\t\t\t<div class=\"elementor-column elementor-col-100 elementor-top-column elementor-element elementor-element-98ef20c\" data-id=\"98ef20c\" data-element_type=\"column\" data-e-type=\"column\">\n\t\t\t<div class=\"elementor-widget-wrap elementor-element-populated\">\n\t\t\t\t\t\t<div class=\"elementor-element elementor-element-97088c0 elementor-widget__width-initial elementor-invisible elementor-widget elementor-widget-text-editor\" data-id=\"97088c0\" data-element_type=\"widget\" data-e-type=\"widget\" data-settings=\"{&quot;_animation&quot;:&quot;nussFadeInUp&quot;}\" data-widget_type=\"text-editor.default\">\n\t\t\t\t\t\t\t\t\t<p>Nachfolgend finden Sie eine Liste der am h\u00e4ufigsten von unseren G\u00e4sten gestellten Fragen.<\/p>\t\t\t\t\t\t\t\t<\/div>\n\t\t\t\t\t<\/div>\n\t\t<\/div>\n\t\t\t\t\t<\/div>\n\t\t<\/section>\n\t\t\t\t<section class=\"elementor-section elementor-top-section elementor-element elementor-element-b184647 elementor-section-gap-beside-no elementor-section-boxed elementor-section-height-default elementor-section-height-default elementor-section-column-vertical-align-stretch\" data-id=\"b184647\" data-element_type=\"section\" data-e-type=\"section\">\n\t\t\t\t\t\t<div class=\"elementor-container elementor-column-gap-extended\">\n\t\t\t\t\t<div class=\"elementor-column elementor-col-100 elementor-top-column elementor-element elementor-element-1d49749\" data-id=\"1d49749\" data-element_type=\"column\" data-e-type=\"column\">\n\t\t\t<div class=\"elementor-widget-wrap elementor-element-populated\">\n\t\t\t\t\t\t<div class=\"elementor-element elementor-element-b986a9e elementor-invisible elementor-widget elementor-widget-nuss-heading\" data-id=\"b986a9e\" data-element_type=\"widget\" data-e-type=\"widget\" data-settings=\"{&quot;_animation&quot;:&quot;nussFadeInUp&quot;}\" data-widget_type=\"nuss-heading.default\">\n\t\t\t\t<div class=\"elementor-widget-container\">\n\t\t\t\t\t\t\t<div class=\"nuss-modern-heading\">\r\n\t\t\t\r\n\t\t\t\t\t\t<div class=\"heading-primary-wrap\">\r\n\t\t\t\t<h4 class=\"heading-primary elementor-heading-title\">H\u00e4ufig gestellte Fragen<\/h4>\t\t\t<\/div>\r\n\t\t\r\n\t\t\t\t\t\t<div class=\"heading-divider-wrap\">\r\n\t\t\t\t<div class=\"heading-divider\" style=\"left: 0px;top: 6px\"><\/div>\r\n\t\t\t<\/div>\r\n\t\r\n\t\t\t\t\t<\/div>\r\n\t\t\t\t\t<\/div>\n\t\t\t\t<\/div>\n\t\t\t\t<div class=\"elementor-element elementor-element-50f0733 elementor-invisible elementor-widget elementor-widget-heading\" data-id=\"50f0733\" data-element_type=\"widget\" data-e-type=\"widget\" data-settings=\"{&quot;_animation&quot;:&quot;nussFadeInUp&quot;}\" data-widget_type=\"heading.default\">\n\t\t\t\t\t<h2 class=\"elementor-heading-title elementor-size-default\">Fragen &amp; Antworten<\/h2>\t\t\t\t<\/div>\n\t\t\t\t<div class=\"elementor-element elementor-element-ee6340c elementor-widget elementor-widget-text-editor\" data-id=\"ee6340c\" data-element_type=\"widget\" data-e-type=\"widget\" data-widget_type=\"text-editor.default\">\n\t\t\t\t\t\t\t\t\t<p><strong>1. Wo befindet sich das Pagoda Hotel Chengdu Taikoo Li?<\/strong><br \/>Das Hotel befindet sich in <strong>Nr. 16 Hua Xing East Street, Bezirk Jinjiang, Chengdu, Sichuan, China<\/strong>, nur wenige Schritte vom gehobenen <strong>Taikoo Li (Sino-Ozean-Taikoo Li)<\/strong> Einkaufs- und Kulturviertel.<\/p><div class=\"my-2\">\u00a0<\/div><p><strong>2. Wie weit ist das Hotel vom internationalen Flughafen Chengdu Tianfu (TFU) entfernt?<\/strong><br \/>Etwa <strong>55 km<\/strong>, um <strong>50\u201360 Minuten mit dem Taxi oder dem Flughafen-Express-Shuttle<\/strong>, je nach Verkehr.<\/p><div class=\"my-2\">\u00a0<\/div><p><strong>3. Gibt es einen kostenlosen Flughafen-Shuttleservice?<\/strong><br \/>Nein, das Hotel bietet keinen kostenlosen Flughafentransfer an. G\u00e4ste k\u00f6nnen jedoch einen privaten Transfer buchen oder den Flughafen-Expressbus nutzen, um <strong>Chunxi Road Station<\/strong>, das nur 5 Gehminuten vom Hotel entfernt ist.<\/p><div class=\"my-2\">\u00a0<\/div><p><strong>4. Welches ist die n\u00e4chste U-Bahn-Station?<\/strong><br \/><strong>Chunxi Road Station (Linien 2 und 3)<\/strong> ist der n\u00e4chstgelegene, nur einen <strong>5 Minuten zu Fu\u00df<\/strong> vom Hotel entfernt. Es bietet direkten Zugang zu den wichtigsten Gesch\u00e4fts-, Einkaufs- und Touristenvierteln.<\/p><div class=\"my-2\">\u00a0<\/div><p><strong>5. Bietet das Hotel kostenloses WLAN an?<\/strong><br \/>Ja, <strong>kostenloses Highspeed-WLAN<\/strong> ist in allen G\u00e4stezimmern und \u00f6ffentlichen Bereichen verf\u00fcgbar, einschlie\u00dflich der Lobby, des Restaurants und des Business Centers.<\/p><div class=\"my-2\">\u00a0<\/div><p><strong>6. Was sind die Check-in- und Check-out-Zeiten?<\/strong><\/p><ul><li><strong>Einchecken<\/strong>: 14:00 Uhr<\/li><li><strong>Kasse<\/strong>: 12:00 Uhr (Mittag)<br \/>Ein fr\u00fcher Check-in oder ein sp\u00e4ter Check-out ist auf Anfrage und je nach Zimmerverf\u00fcgbarkeit m\u00f6glich.<\/li><\/ul><div class=\"my-2\">\u00a0<\/div><p><strong>7. Verf\u00fcgt das Hotel \u00fcber Parkm\u00f6glichkeiten?<\/strong><br \/>Ja, <strong>Parkpl\u00e4tze stehen vor Ort zur Verf\u00fcgung<\/strong>, allerdings ist dies abh\u00e4ngig von der Verf\u00fcgbarkeit und kann geb\u00fchrenpflichtig sein. Ein Parkservice wird nicht angeboten. G\u00e4sten wird empfohlen, die Verf\u00fcgbarkeit bei der Buchung zu best\u00e4tigen.<\/p><div class=\"my-2\">\u00a0<\/div><p><strong>8. Ist das Hotel f\u00fcr Gesch\u00e4ftsreisende geeignet?<\/strong><br \/>Absolut. Das Hotel bietet eine <strong>24\/7 Business Center<\/strong>, <strong>private Tagungsr\u00e4ume<\/strong>, Highspeed-Internet und die N\u00e4he zu <strong>Chunxi Road CBD<\/strong> Und <strong>Firmenb\u00fcros von Taikoo Li<\/strong>, was es ideal f\u00fcr Gesch\u00e4ftsaufenthalte macht.<\/p><div class=\"my-2\">\u00a0<\/div><p><strong>9. Gibt es im Hotel gastronomische Einrichtungen?<\/strong><br \/>Ja, das Hotel verf\u00fcgt \u00fcber ein <strong>Restaurant vor Ort<\/strong> dient einem <strong>t\u00e4gliches Fr\u00fchst\u00fccksbuffet<\/strong> mit beiden <strong>Chinesische (Sichuan-Stil) und westliche Optionen<\/strong>. Leichte Mahlzeiten und Getr\u00e4nke sind den ganzen Tag \u00fcber ebenfalls erh\u00e4ltlich.<\/p><div class=\"my-2\">\u00a0<\/div><p><strong>10. Ist das Fr\u00fchst\u00fcck im Zimmerpreis inbegriffen?<\/strong><br \/>Das Fr\u00fchst\u00fcck ist abh\u00e4ngig von Ihrem Buchungspaket. Es ist oft <strong>als Add-on erh\u00e4ltlich oder in Premium-Tarifen enthalten<\/strong>. \u00dcberpr\u00fcfen Sie Ihre Reservierungsdetails auf Trip.com oder beim Check-in.<\/p><div class=\"my-2\">\u00a0<\/div><p><strong>11. Verf\u00fcgt das Hotel \u00fcber ein Fitnesscenter?<\/strong><br \/>Ja, es gibt eine <strong>gut ausgestattetes Fitnesscenter<\/strong> f\u00fcr G\u00e4ste ge\u00f6ffnet, mit Laufb\u00e4ndern, Crosstrainern und Krafttrainingsger\u00e4ten f\u00fcr ein umfassendes Training.<\/p><div class=\"my-2\">\u00a0<\/div><p><strong>12. Sind die Zimmer Nichtraucherzimmer?<\/strong><br \/>Ja, <strong>Alle G\u00e4stezimmer sind strikte Nichtraucherzimmer<\/strong>. Das Rauchen ist nur in daf\u00fcr vorgesehenen Au\u00dfenbereichen gestattet.<\/p><div class=\"my-2\">\u00a0<\/div><p><strong>13. Kann ich ein Zimmer mit Stadtblick oder in einem oberen Stockwerk anfordern?<\/strong><br \/>Ja, Zimmerw\u00fcnsche (Stadtblick, obere Etage, ruhige Seite) k\u00f6nnen <strong>bei der Buchung oder bei der Ankunft erfragt<\/strong>, sie unterliegen jedoch der Verf\u00fcgbarkeit.<\/p><div class=\"my-2\">\u00a0<\/div><p><strong>14. Spricht das Personal flie\u00dfend Englisch?<\/strong><br \/>Ja, die <strong>Das Personal an der Rezeption und beim Concierge spricht flie\u00dfend Englisch<\/strong>, wodurch eine reibungslose Kommunikation f\u00fcr internationale G\u00e4ste gew\u00e4hrleistet wird.<\/p><div class=\"my-2\">\u00a0<\/div><p><strong>15. Gibt es vegetarische oder vegane Gerichte?<\/strong><br \/>Ja, das Restaurant bietet <strong>vegetarische Gerichte<\/strong>und die K\u00fcche bietet Platz f\u00fcr <strong>vegane und glutenfreie W\u00fcnsche<\/strong> mit Vorank\u00fcndigung.<\/p><div class=\"my-2\">\u00a0<\/div><p><strong>16. Kann ich mein Gep\u00e4ck vor dem Check-in oder nach dem Check-out aufbewahren?<\/strong><br \/>Ja, das Hotel bietet <strong>kostenlose Gep\u00e4ckaufbewahrung<\/strong> an der Rezeption f\u00fcr fr\u00fch ankommende oder sp\u00e4t abreisende G\u00e4ste.<\/p><div class=\"my-2\">\u00a0<\/div><p><strong>17. Verf\u00fcgt das Hotel \u00fcber einen Gesch\u00e4fts- oder Tagungsraum zur Miete?<\/strong><br \/>Ja, das Hotel hat <strong>voll ausgestattete private Tagungsr\u00e4ume<\/strong> mit AV-Systemen, WLAN, Projektoren und Sitzgelegenheiten f\u00fcr bis zu 15 G\u00e4ste. Ideal f\u00fcr kleine Konferenzen, Interviews oder Teambesprechungen.<\/p><div class=\"my-2\">\u00a0<\/div><p><strong>18. Welche Zahlungsmethoden werden akzeptiert?<\/strong><br \/>Das Hotel akzeptiert:<\/p><ul><li><strong>Kreditkarten<\/strong>: Visa, Mastercard<\/li><li><strong>Chinesische Zahlungsplattformen<\/strong>: UnionPay, Alipay, WeChat Pay<\/li><li><strong>Kasse<\/strong>: CNY (Chinesischer Yuan)<\/li><\/ul><div class=\"my-2\">\u00a0<\/div><p><strong>19. Liegt das Hotel in der N\u00e4he von Einkaufsm\u00f6glichkeiten und Touristenattraktionen?<\/strong><br \/>Ja, das Hotel ist <strong>Schritte von Taikoo Li entfernt<\/strong>, <strong>Kuanzhai-Gasse (breite und schmale Gassen)<\/strong>, <strong>Chunxi-Stra\u00dfe<\/strong>, Und <strong>Daci-Tempel<\/strong> \u2013 perfekt zum Einkaufen, Essen und f\u00fcr kulturelle Erkundungen.<\/p><div class=\"my-2\">\u00a0<\/div><p><strong>20. Wie kann ich eine Reservierung vornehmen oder das Hotel direkt kontaktieren?<\/strong><br \/>Sie k\u00f6nnen \u00fcber gro\u00dfe Plattformen buchen wie <strong>Trip.com, Ctrip oder Booking.com<\/strong>, oder wenden Sie sich direkt an das Hotel:<br \/>\ud83d\udcde <strong>Telefon<\/strong>: +86 185 5824 6062<br \/>\ud83c\udf10 <strong>Trip.com-Eintrag<\/strong>: <a href=\"https:\/\/www.trip.com\/t\/iWOy8FnSJR2\" target=\"_blank\" rel=\"noopener\">https:\/\/www.trip.com\/t\/iWOy8FnSJR2<\/a><\/p><div class=\"my-2\">\u00a0<\/div><div class=\"py-2 my-3\"><hr \/><\/div><div class=\"my-2\">\u00a0<\/div><h3>\u2705 Warum Reisende das Pagoda Hotel Chengdu Taikoo Li lieben<\/h3><ul><li>\u2705 <strong>Top-Lage<\/strong> im Herzen des Bezirks Jinjiang<\/li><li>\u2705 <strong>Stilvolle, moderne und ruhige Zimmer<\/strong><\/li><li>\u2705 <strong>Hervorragend f\u00fcr Gesch\u00e4fts- und Urlaubsreisende<\/strong><\/li><li>\u2705 <strong>Freundliches, mehrsprachiges Personal<\/strong><\/li><li>\u2705 <strong>Tolles Preis-Leistungs-Verh\u00e4ltnis<\/strong><\/li><li>\u2705 <strong>Zuverl\u00e4ssiges WLAN und Business-Dienste<\/strong><\/li><\/ul><div class=\"my-2\">\u00a0<\/div><div class=\"py-2 my-3\"><hr \/><\/div><div class=\"my-2\">\u00a0<\/div><p>Egal, ob Sie Chengdu zum Luxus-Shopping, f\u00fcr gesch\u00e4ftliche Zwecke oder zum Eintauchen in die Kultur besuchen, <strong>Pagoda Hotel Chengdu Taikoo Li<\/strong> bietet einen komfortablen, anspruchsvollen und stressfreien Aufenthalt in einer der pulsierendsten St\u00e4dte Chinas.<\/p><div class=\"my-2\">\u00a0<\/div><p data-spm-anchor-id=\"a2ty_o01.29997173.0.i41.6fbec921q4yY4x\">#PagodaHotelChengdu #ChengduHotelFAQ #LuxuryHotelChengdu #TaikooLiChengdu #JinjiangDistrictHotel #ChengduTravelTips #TripComHotel #ChinaHotelGuide #G\u00e4stefragenbeantwortet #HotelWithBreakfast #ChengduAirportTransfer<\/p>\t\t\t\t\t\t\t\t<\/div>\n\t\t\t\t\t<\/div>\n\t\t<\/div>\n\t\t\t\t\t<\/div>\n\t\t<\/section>\n\t\t\t\t<section class=\"elementor-section elementor-top-section elementor-element elementor-element-6b7f915e elementor-section-stretched elementor-section-boxed elementor-section-gap-beside-yes elementor-section-height-default elementor-section-height-default elementor-section-column-vertical-align-stretch\" data-id=\"6b7f915e\" data-element_type=\"section\" data-e-type=\"section\" data-settings=\"{&quot;background_background&quot;:&quot;classic&quot;,&quot;stretch_section&quot;:&quot;section-stretched&quot;}\">\n\t\t\t\t\t\t<div class=\"elementor-container elementor-column-gap-extended\">\n\t\t\t\t\t<div class=\"elementor-column elementor-col-100 elementor-top-column elementor-element elementor-element-3668a1dd\" data-id=\"3668a1dd\" data-element_type=\"column\" data-e-type=\"column\">\n\t\t\t<div class=\"elementor-widget-wrap elementor-element-populated\">\n\t\t\t\t\t\t<div class=\"elementor-element elementor-element-61bfdaa1 elementor-widget elementor-widget-heading\" data-id=\"61bfdaa1\" data-element_type=\"widget\" data-e-type=\"widget\" data-widget_type=\"heading.default\">\n\t\t\t\t\t<h2 class=\"elementor-heading-title elementor-size-default\">Verf\u00fcgbarkeit pr\u00fcfen <\/h2>\t\t\t\t<\/div>\n\t\t\t\t<div class=\"elementor-element elementor-element-22231bfa elementor-widget elementor-widget-text-editor\" data-id=\"22231bfa\" data-element_type=\"widget\" data-e-type=\"widget\" data-widget_type=\"text-editor.default\">\n\t\t\t\t\t\t\t\t\t<iframe border=\"0\" src=\"https:\/\/www.trip.com\/partners\/ad\/S5194877?Allianceid=4590391&#038;SID=255941827&#038;trip_sub1=\" style=\"width:1200px;height:200px\" frameborder=\"0\" scrolling=\"no\" id=\"S5194877\"><\/iframe>\t\t\t\t\t\t\t\t<\/div>\n\t\t\t\t\t<\/div>\n\t\t<\/div>\n\t\t\t\t\t<\/div>\n\t\t<\/section>\n\t\t\t\t<\/div>","protected":false},"excerpt":{"rendered":"<p>Below, you will find a list of the questions most frequently asked by our guests. FAQ&#8217;S Questions &amp; Answers Check-in time? As a rough guide, the check-in time is after 12 a.m. Let us know your arrival time in case you schedule and early check in we\u2018ll do our best to have your room available. [&hellip;]<\/p>\n","protected":false},"author":1,"featured_media":0,"parent":0,"menu_order":0,"comment_status":"closed","ping_status":"closed","template":"","meta":{"footnotes":""},"class_list":["post-2105","page","type-page","status-publish","hentry","post-no-thumbnail"],"_links":{"self":[{"href":"https:\/\/pagodahotelchengdu.com\/de\/wp-json\/wp\/v2\/pages\/2105","targetHints":{"allow":["GET"]}}],"collection":[{"href":"https:\/\/pagodahotelchengdu.com\/de\/wp-json\/wp\/v2\/pages"}],"about":[{"href":"https:\/\/pagodahotelchengdu.com\/de\/wp-json\/wp\/v2\/types\/page"}],"author":[{"embeddable":true,"href":"https:\/\/pagodahotelchengdu.com\/de\/wp-json\/wp\/v2\/users\/1"}],"replies":[{"embeddable":true,"href":"https:\/\/pagodahotelchengdu.com\/de\/wp-json\/wp\/v2\/comments?post=2105"}],"version-history":[{"count":0,"href":"https:\/\/pagodahotelchengdu.com\/de\/wp-json\/wp\/v2\/pages\/2105\/revisions"}],"wp:attachment":[{"href":"https:\/\/pagodahotelchengdu.com\/de\/wp-json\/wp\/v2\/media?parent=2105"}],"curies":[{"name":"wp","href":"https:\/\/api.w.org\/{rel}","templated":true}]}}