{"id":612,"date":"2021-03-26T10:04:13","date_gmt":"2021-03-26T10:04:13","guid":{"rendered":"http:\/\/localhost\/nuss\/?page_id=612"},"modified":"2025-09-04T10:54:38","modified_gmt":"2025-09-04T10:54:38","slug":"restaurant","status":"publish","type":"page","link":"https:\/\/pagodahotelchengdu.com\/de\/restaurant\/","title":{"rendered":"Restaurant"},"content":{"rendered":"<div data-elementor-type=\"wp-page\" data-elementor-id=\"612\" class=\"elementor elementor-612\">\n\t\t\t\t\t\t<section class=\"elementor-section elementor-top-section elementor-element elementor-element-e2effe8 elementor-section-boxed elementor-section-gap-beside-yes elementor-section-height-default elementor-section-height-default elementor-section-column-vertical-align-stretch\" data-id=\"e2effe8\" data-element_type=\"section\" data-e-type=\"section\">\n\t\t\t\t\t\t<div class=\"elementor-container elementor-column-gap-extended\">\n\t\t\t\t\t<div class=\"elementor-column elementor-col-100 elementor-top-column elementor-element elementor-element-e18f688\" data-id=\"e18f688\" data-element_type=\"column\" data-e-type=\"column\">\n\t\t\t<div class=\"elementor-widget-wrap elementor-element-populated\">\n\t\t\t\t\t\t<div class=\"elementor-element elementor-element-6db146d elementor-widget__width-initial elementor-invisible elementor-widget elementor-widget-text-editor\" data-id=\"6db146d\" data-element_type=\"widget\" data-e-type=\"widget\" data-settings=\"{&quot;_animation&quot;:&quot;nussFadeInUp&quot;}\" data-widget_type=\"text-editor.default\">\n\t\t\t\t\t\t\t\t\t<p><strong data-spm-anchor-id=\"a2ty_o01.29997173.0.i57.6fbec921q4yY4x\">Eine exquisite kulinarische Reise im Restaurant des Pagoda Hotel Chengdu Taikoo Li<\/strong><\/p>\t\t\t\t\t\t\t\t<\/div>\n\t\t\t\t\t<\/div>\n\t\t<\/div>\n\t\t\t\t\t<\/div>\n\t\t<\/section>\n\t\t<div class=\"elementor-element elementor-element-05eadeb e-flex e-con-boxed e-con e-parent\" data-id=\"05eadeb\" data-element_type=\"container\" data-e-type=\"container\">\n\t\t\t\t\t<div class=\"e-con-inner\">\n\t\t\t\t<div class=\"elementor-element elementor-element-cb0ecdc elementor-widget elementor-widget-nuss-image-gallery\" data-id=\"cb0ecdc\" data-element_type=\"widget\" data-e-type=\"widget\" data-widget_type=\"nuss-image-gallery.default\">\n\t\t\t\t<div class=\"elementor-widget-container\">\n\t\t\t\t\t\t\t<div class=\"nuss-grid-wrapper\" data-grid=\"{&quot;type&quot;:&quot;grid&quot;,&quot;ratio&quot;:null,&quot;columns&quot;:3,&quot;gutter&quot;:30}\">\r\n\t\t\t<div class=\"nuss-grid lazy-grid\">\r\n\t\t\t\t<div class=\"grid-sizer\"><\/div>\r\n\r\n\t\t\t\t\t\t\t\t\t\t\t\t<div class=\"grid-item\">\r\n\t\t\t\t\t\t<div class=\"nuss-box\">\t\t<div class=\"nuss-image image\">\r\n\t\t\t<img decoding=\"async\"  src=\"https:\/\/pagodahotelchengdu.com\/wp-content\/uploads\/2025\/09\/Pagoda-Hotel-Chengdu-Taikoo-Li-53.webp\" alt=\"Pagoda Hotel Chengdu Taikoo Li (53)\" \/>\t\t<\/div>\r\n\t\t\t\t<\/div>\t\t\t\t\t<\/div>\r\n\t\t\t\t\t\t<div class=\"grid-item\">\r\n\t\t\t\t\t\t<div class=\"nuss-box\">\t\t<div class=\"nuss-image image\">\r\n\t\t\t<img decoding=\"async\"  src=\"https:\/\/pagodahotelchengdu.com\/wp-content\/uploads\/2025\/09\/Pagoda-Hotel-Chengdu-Taikoo-Li-52.webp\" alt=\"Pagoda Hotel Chengdu Taikoo Li (52)\" \/>\t\t<\/div>\r\n\t\t\t\t<\/div>\t\t\t\t\t<\/div>\r\n\t\t\t\t\t\t<div class=\"grid-item\">\r\n\t\t\t\t\t\t<div class=\"nuss-box\">\t\t<div class=\"nuss-image image\">\r\n\t\t\t<img decoding=\"async\"  src=\"https:\/\/pagodahotelchengdu.com\/wp-content\/uploads\/2025\/09\/Pagoda-Hotel-Chengdu-Taikoo-Li-51.webp\" alt=\"Pagoda Hotel Chengdu Taikoo Li (51)\" \/>\t\t<\/div>\r\n\t\t\t\t<\/div>\t\t\t\t\t<\/div>\r\n\t\t\t\t\t\t<div class=\"grid-item\">\r\n\t\t\t\t\t\t<div class=\"nuss-box\">\t\t<div class=\"nuss-image image\">\r\n\t\t\t<img decoding=\"async\"  src=\"https:\/\/pagodahotelchengdu.com\/wp-content\/uploads\/2025\/09\/Pagoda-Hotel-Chengdu-Taikoo-Li-48.webp\" alt=\"Pagoda Hotel Chengdu Taikoo Li (48)\" \/>\t\t<\/div>\r\n\t\t\t\t<\/div>\t\t\t\t\t<\/div>\r\n\t\t\t\t\t\t<div class=\"grid-item\">\r\n\t\t\t\t\t\t<div class=\"nuss-box\">\t\t<div class=\"nuss-image image\">\r\n\t\t\t<img decoding=\"async\"  src=\"https:\/\/pagodahotelchengdu.com\/wp-content\/uploads\/2025\/09\/Pagoda-Hotel-Chengdu-Taikoo-Li-49.webp\" alt=\"Pagoda Hotel Chengdu Taikoo Li (49)\" \/>\t\t<\/div>\r\n\t\t\t\t<\/div>\t\t\t\t\t<\/div>\r\n\t\t\t\t\t\t<div class=\"grid-item\">\r\n\t\t\t\t\t\t<div class=\"nuss-box\">\t\t<div class=\"nuss-image image\">\r\n\t\t\t<img decoding=\"async\"  src=\"https:\/\/pagodahotelchengdu.com\/wp-content\/uploads\/2025\/09\/Pagoda-Hotel-Chengdu-Taikoo-Li-47.webp\" alt=\"Pagoda Hotel Chengdu Taikoo Li (47)\" \/>\t\t<\/div>\r\n\t\t\t\t<\/div>\t\t\t\t\t<\/div>\r\n\t\t\t\t\t\t<div class=\"grid-item\">\r\n\t\t\t\t\t\t<div class=\"nuss-box\">\t\t<div class=\"nuss-image image\">\r\n\t\t\t<img decoding=\"async\"  src=\"https:\/\/pagodahotelchengdu.com\/wp-content\/uploads\/2025\/09\/Pagoda-Hotel-Chengdu-Taikoo-Li-46.webp\" alt=\"Pagoda Hotel Chengdu Taikoo Li (46)\" \/>\t\t<\/div>\r\n\t\t\t\t<\/div>\t\t\t\t\t<\/div>\r\n\t\t\t\t\t\t<div class=\"grid-item\">\r\n\t\t\t\t\t\t<div class=\"nuss-box\">\t\t<div class=\"nuss-image image\">\r\n\t\t\t<img decoding=\"async\"  src=\"https:\/\/pagodahotelchengdu.com\/wp-content\/uploads\/2025\/09\/Pagoda-Hotel-Chengdu-Taikoo-Li-45.webp\" alt=\"Pagoda Hotel Chengdu Taikoo Li (45)\" \/>\t\t<\/div>\r\n\t\t\t\t<\/div>\t\t\t\t\t<\/div>\r\n\t\t\t\t\t\t<div class=\"grid-item\">\r\n\t\t\t\t\t\t<div class=\"nuss-box\">\t\t<div class=\"nuss-image image\">\r\n\t\t\t<img decoding=\"async\"  src=\"https:\/\/pagodahotelchengdu.com\/wp-content\/uploads\/2025\/09\/Pagoda-Hotel-Chengdu-Taikoo-Li-44.webp\" alt=\"Pagoda Hotel Chengdu Taikoo Li (44)\" \/>\t\t<\/div>\r\n\t\t\t\t<\/div>\t\t\t\t\t<\/div>\r\n\t\t\t\t\t\t<div class=\"grid-item\">\r\n\t\t\t\t\t\t<div class=\"nuss-box\">\t\t<div class=\"nuss-image image\">\r\n\t\t\t<img decoding=\"async\"  src=\"https:\/\/pagodahotelchengdu.com\/wp-content\/uploads\/2025\/09\/Pagoda-Hotel-Chengdu-Taikoo-Li-41.webp\" alt=\"Pagoda Hotel Chengdu Taikoo Li (41)\" \/>\t\t<\/div>\r\n\t\t\t\t<\/div>\t\t\t\t\t<\/div>\r\n\t\t\t\t\t\t<div class=\"grid-item\">\r\n\t\t\t\t\t\t<div class=\"nuss-box\">\t\t<div class=\"nuss-image image\">\r\n\t\t\t<img decoding=\"async\"  src=\"https:\/\/pagodahotelchengdu.com\/wp-content\/uploads\/2025\/09\/Pagoda-Hotel-Chengdu-Taikoo-Li-42.webp\" alt=\"Pagoda Hotel Chengdu Taikoo Li (42)\" \/>\t\t<\/div>\r\n\t\t\t\t<\/div>\t\t\t\t\t<\/div>\r\n\t\t\t\t\t\t<div class=\"grid-item\">\r\n\t\t\t\t\t\t<div class=\"nuss-box\">\t\t<div class=\"nuss-image image\">\r\n\t\t\t<img decoding=\"async\"  src=\"https:\/\/pagodahotelchengdu.com\/wp-content\/uploads\/2025\/09\/Pagoda-Hotel-Chengdu-Taikoo-Li-40.webp\" alt=\"Pagode Hotel Chengdu Taikoo Li (40)\" \/>\t\t<\/div>\r\n\t\t\t\t<\/div>\t\t\t\t\t<\/div>\r\n\t\t\t\t\t\t\t\r\n\t\t\t<\/div>\r\n\t\t<\/div>\r\n\t\t\t\t\t\t<\/div>\n\t\t\t\t<\/div>\n\t\t\t\t\t<\/div>\n\t\t\t\t<\/div>\n\t\t<div class=\"elementor-element elementor-element-3f96813 e-flex e-con-boxed e-con e-parent\" data-id=\"3f96813\" data-element_type=\"container\" data-e-type=\"container\">\n\t\t\t\t\t<div class=\"e-con-inner\">\n\t\t\t\t<div class=\"elementor-element elementor-element-4ab724b elementor-widget elementor-widget-text-editor\" data-id=\"4ab724b\" data-element_type=\"widget\" data-e-type=\"widget\" data-widget_type=\"text-editor.default\">\n\t\t\t\t\t\t\t\t\t<p data-spm-anchor-id=\"a2ty_o01.29997173.0.i58.6fbec921q4yY4x\">Eingebettet im pulsierenden Herzen von <strong>Bezirk Jinjiang<\/strong>, <strong>das hoteleigene Restaurant im Pagoda Hotel Chengdu Taikoo Li<\/strong> bietet mehr als nur eine Mahlzeit \u2013 es l\u00e4dt Sie zu einem raffinierten gastronomischen Abenteuer ein, das die kr\u00e4ftigen, aromatischen und vielschichtigen Aromen von <strong>authentische Sichuan-K\u00fcche<\/strong>, alles in einem eleganten, ruhigen Ambiente. Befindet sich in <strong>Nr. 16 Hua Xing East Street, Chengdu, Sichuan, China<\/strong>, nur wenige Schritte vom weltber\u00fchmten <strong>Taikoo Li<\/strong> Einkaufs- und Kulturviertel, ist unser Restaurant das perfekte Ziel f\u00fcr G\u00e4ste und Besucher, die eine harmonische Mischung aus <strong>lokales Erbe, moderne Pr\u00e4sentation und anspruchsvoller Komfort<\/strong>.<\/p><p>Egal, ob Sie Ihren Tag mit einem nahrhaften Fr\u00fchst\u00fcck beginnen, nach einem Tag voller Erkundungen in der Kuanzhai Alley entspannen oder einen Gesch\u00e4ftspartner zu einem bedeutungsvollen Gespr\u00e4ch einladen, unser kulinarisches Erlebnis ist darauf ausgelegt, die Sinne zu erfreuen und das reiche kulinarische Erbe von Chengdu zu ehren \u2013 ein <strong>UNESCO-Stadt der Gastronomie<\/strong>.<\/p><div class=\"py-2 my-3\"><hr \/><\/div><h3>\ud83c\udf5c Eine Feier authentischer Sichuan-Aromen<\/h3><p>Im Mittelpunkt unserer Speisekarte steht der tiefe Respekt f\u00fcr <strong>Sichuans legend\u00e4re kulinarische Traditionen<\/strong> \u2014 wo die feurige Sch\u00e4rfe der Chilis auf die prickelnde Taubheit des Sichuan-Pfeffers trifft, in einer Symphonie aus <em>m\u00e1l\u00e0<\/em> (bet\u00e4ubend-w\u00fcrzig) Perfektion. Unsere K\u00f6che, ausgebildet in altbew\u00e4hrten Techniken und inspiriert von den gesch\u00e4ftigen M\u00e4rkten von Chengdu, kreieren Gerichte, die beides sind <strong>Kr\u00e4ftig im Geschmack und ausgewogen in der Harmonie<\/strong>.<\/p><h4>Spezialit\u00e4ten, die Sie nicht verpassen d\u00fcrfen:<\/h4><ul><li><strong>Mapo Tofu<\/strong>: Seidentofu in einer sprudelnden, aromatischen Sauce mit gehacktem Schweinefleisch und fermentierten schwarzen Bohnen \u2013 ein so ikonisches Gericht, dass es als die Seele der Sichuan-K\u00fcche gilt.<\/li><li><strong>Dan Dan Nudeln<\/strong>: Ein Streetfood-Klassiker aus Chengdu mit d\u00fcnnen Nudeln, garniert mit w\u00fcrzigem Schweinehackfleisch, eingelegtem Gem\u00fcse und einem duftenden Chili\u00f6l-Dressing.<\/li><li><strong>Sichuan-Eintopf (\u00c0i Hu\u01d2gu\u014d)<\/strong>: Obwohl wir im Restaurant kein komplettes Hotpot-Erlebnis anbieten, umfasst unsere Speisekarte Hotpot-inspirierte Gerichte und saisonale Eint\u00f6pfe, die die Essenz dieses beliebten Volksgerichts einfangen.<\/li><li><strong>Zweimal gekochtes Schweinefleisch (Hu\u00ed Gu\u014d R\u00f2u)<\/strong>: Zarte Scheiben Schweinebauch geschmort, dann mit Lauch und fermentierten Bohnen gebraten f\u00fcr einen rauchigen, herzhaften Genuss.<\/li><\/ul><p>Jedes Gericht wird zubereitet mit <strong>frische, saisonale Zutaten<\/strong>, viele davon stammen von Bauernh\u00f6fen und M\u00e4rkten aus der Umgebung, was f\u00fcr einen optimalen Geschmack sorgt und die regionale Gemeinschaft unterst\u00fctzt.<\/p><div class=\"py-2 my-3\"><hr \/><\/div><h3>\ud83c\udf3f Ein Men\u00fc f\u00fcr jeden Geschmack<\/h3><p>Wir verstehen die unterschiedlichen Bed\u00fcrfnisse unserer internationalen und einheimischen G\u00e4ste und bieten eine <strong>sorgf\u00e4ltig zusammengestelltes Men\u00fc<\/strong> das \u00fcber die W\u00fcrze hinausgeht und Vielfalt und Inklusivit\u00e4t umfasst.<\/p><ul><li><strong>Vegetarische und vegane Optionen<\/strong>: Von gebratenem Saisongem\u00fcse bis hin zu Spezialit\u00e4ten auf Tofu-Basis \u2013 unsere K\u00fcche ber\u00fccksichtigt gerne auch pflanzliche Ern\u00e4hrung.<\/li><li><strong>Glutenfreie Gerichte<\/strong>: Wir bieten mehrere glutenfreie Optionen an und k\u00f6nnen Gerichte auf Anfrage ab\u00e4ndern.<\/li><li><strong>Internationale Favoriten<\/strong>: Wer eine Pause von scharfen Speisen sucht, kann westliche Klassiker wie R\u00fchrei, Speck und frisches Obst zum Fr\u00fchst\u00fcck oder gegrillte Proteine und Pasta zum Mittag- und Abendessen genie\u00dfen.<\/li><li><strong>Fr\u00fchst\u00fccksbuffet<\/strong>: Beginnen Sie Ihren Tag mit einem gro\u00dfz\u00fcgigen Buffet mit <strong>Chinesische und westliche Auswahl<\/strong> \u2013 dampfender Reisbrei, Baozi, eingelegtes Gem\u00fcse, dazu Joghurt, Brot und Premiumkaffee.<\/li><\/ul><p>Unser K\u00fcchenteam legt Wert darauf, dass jeder Gast, ob Gew\u00fcrzliebhaber oder vorsichtiger Neuling, etwas Leckeres zum Genie\u00dfen findet.<\/p><div class=\"py-2 my-3\"><hr \/><\/div><h3>\ud83c\udf7d\ufe0f Ein Ambiente raffinierter Eleganz<\/h3><p>Das Design des Restaurants spiegelt die gleiche Philosophie wie das Hotel wider: <strong>moderne Raffinesse mit einer Seele der Tradition<\/strong>. Mit sanfter Beleuchtung, nat\u00fcrlichen Holzakzenten und gro\u00dfen Fenstern, die nat\u00fcrliches Licht hereinlassen, ist der Raum sowohl <strong>einladend und vielseitig<\/strong>.<\/p><ul><li><strong>Morgen<\/strong>: Beginnen Sie Ihren Tag in einer hellen, luftigen Umgebung mit einer hei\u00dfen Tasse Tee oder Kaffee und einem Teller frisch zubereitetem Dim Sum.<\/li><li><strong>Mittagessen<\/strong>: Genie\u00dfen Sie mit unseren Executive-Lunch-Sets ein schnelles und dennoch zufriedenstellendes Gesch\u00e4ftsessen.<\/li><li><strong>Abendessen<\/strong>: G\u00f6nnen Sie sich einen gem\u00fctlichen Abend mit gehobener K\u00fcche, bei dem die subtilen Aromen von Sichuan-Gew\u00fcrzen in der Luft liegen und die Atmosph\u00e4re zu Gespr\u00e4chen einl\u00e4dt.<\/li><li><strong>Abendgetr\u00e4nke<\/strong>: Entspannen Sie sich bei einem Glas Wein, einem lokalen Tee oder einem Cocktail von unserer Getr\u00e4nkekarte, serviert in der ruhigen Eleganz der Speiselounge.<\/li><\/ul><p>Das Restaurant ist auch <strong>f\u00fcr die \u00d6ffentlichkeit zug\u00e4nglich<\/strong>, was es zu einer vertrauensw\u00fcrdigen Wahl f\u00fcr Einheimische macht, die Meetings veranstalten, Paare, die einen Abend zu zweit verbringen, oder Besucher, die Chengdus kulinarische Szene abseits der Stra\u00dfen erkunden m\u00f6chten.<\/p><div class=\"py-2 my-3\"><hr \/><\/div><h3>\ud83d\udccd Ein erstklassiger Ort f\u00fcr Feinschmecker<\/h3><p>Gelegen im Herzen von <strong>Bezirk Jinjiang<\/strong>Unser Restaurant ist nur wenige Schritte von einigen der ber\u00fchmtesten Sehensw\u00fcrdigkeiten Chengdus entfernt:<\/p><ul><li><strong>Taikoo Li (0 Meter)<\/strong>: Eines der ber\u00fchmtesten Lifestyle-Viertel Asiens, Heimat von Luxusmarken, Kunstgalerien und Gourmetrestaurants.<\/li><li><strong>Kuanzhai-Gasse (breite und schmale Gassen)<\/strong>: Ein 10-min\u00fctiger Spaziergang, um die restaurierten Gassen der Qing-Dynastie zu erkunden und lokales Stra\u00dfenessen zu probieren.<\/li><li><strong>Chunxi-Stra\u00dfe<\/strong>: Nur 5 Minuten entfernt \u2013 Chengdus ber\u00fchmteste Einkaufsstra\u00dfe.<\/li><li><strong>Daci-Tempel<\/strong>: Ein ruhiger buddhistischer Tempel aus dem 15. Jahrhundert, umgeben von trendigen Caf\u00e9s und Boutiquen.<\/li><\/ul><p>Dies macht <strong>das Restaurant im Pagoda Hotel Chengdu Taikoo Li<\/strong> ein idealer Zwischenstopp f\u00fcr:<\/p><ul><li><strong>Gesch\u00e4ftsreisende<\/strong> einen zuverl\u00e4ssigen, professionellen Speiseraum ben\u00f6tigen<\/li><li><strong>Touristen<\/strong> auf der Suche nach authentischem Sichuan-Essen in einer sauberen, gem\u00fctlichen Umgebung<\/li><li><strong>Lokale G\u00e4ste<\/strong> auf der Suche nach einer ruhigen, hochwertigen Mahlzeit ohne das Chaos \u00fcberf\u00fcllter Stra\u00dfenst\u00e4nde<\/li><\/ul><div class=\"py-2 my-3\"><hr \/><\/div><h3>\u2615 Aufmerksamer Service und nachhaltige Praktiken<\/h3><p>Das Herzst\u00fcck unseres Restaurants ist ein Team von <strong>engagierte K\u00fcchen- und Serviceprofis<\/strong> die glauben, dass gutes Essen nur ein Teil des Erlebnisses ist. Von der herzlichen Begr\u00fc\u00dfung an der T\u00fcr bis zum aufmerksamen, aber unaufdringlichen Service ist jede Interaktion darauf ausgerichtet, Ihnen das Gef\u00fchl zu geben <strong>gesch\u00e4tzt und wohl<\/strong>.<\/p><p>Wir priorisieren auch <strong>Nachhaltigkeit und Qualit\u00e4t<\/strong>:<\/p><ul><li>Die Zutaten stammen aus <strong>lokale Bauernh\u00f6fe und M\u00e4rkte<\/strong> um Frische zu gew\u00e4hrleisten und die regionale Wirtschaft zu unterst\u00fctzen.<\/li><li>Wir verwenden <strong>umweltfreundliche Verpackung<\/strong> f\u00fcr Bestellungen zum Mitnehmen.<\/li><li>Unsere K\u00fcchenpraktiken <strong>verantwortungsvolle Abfallwirtschaft<\/strong> und Energieeffizienz.<\/li><\/ul><p>Dieses Engagement f\u00fcr <strong>ethische Gastfreundschaft<\/strong> sorgt daf\u00fcr, dass Ihre Mahlzeit nicht nur gut schmeckt, sondern sich auch gut anf\u00fchlt.<\/p><div class=\"py-2 my-3\"><hr \/><\/div><h3>\ud83e\udd62 Mehr als eine Mahlzeit \u2013 Ein Vorgeschmack auf den Geist von Chengdu<\/h3><p>In einer Stadt, in der Essen Leben ist, <strong>das Restaurant im Pagoda Hotel Chengdu Taikoo Li<\/strong> ist eine Hommage an Chengdus kulinarische Seele \u2013 feurig, einladend und unendlich k\u00f6stlich. Wir servieren nicht nur Essen; wir teilen Kultur, Komfort und Verbundenheit, Gericht f\u00fcr Gericht.<\/p><p>Egal, ob Sie bei uns \u00fcbernachten oder nur auf der Durchreise sind, wir laden Sie ein, Platz zu nehmen, eine Tasse Jasmintee zu trinken und die Aromen von Sichuan Ihre Seele w\u00e4rmen zu lassen.<\/p><div class=\"py-2 my-3\"><hr \/><\/div><p data-spm-anchor-id=\"a2ty_o01.29997173.0.i59.6fbec921q4yY4x\"><strong>Speisen Sie noch heute bei uns<\/strong><br \/>\ud83d\udccd <strong>Standort<\/strong>: Nr. 16 Hua Xing East Street, Bezirk Jinjiang, Chengdu, Sichuan, China<br \/>\ud83d\udd52 <strong>Std<\/strong>: T\u00e4glich ge\u00f6ffnet von <strong>7:00 \u2013 22:00 Uhr<\/strong> (Fr\u00fchst\u00fcck, Mittagessen, Abendessen)<br \/>\ud83d\udcde <strong>Rufen Sie uns an<\/strong>: +86 185 5824 6062<br \/>\ud83c\udf7d\ufe0f <strong>Reservierung empfohlen<\/strong>: Verf\u00fcgbar f\u00fcr Hotelg\u00e4ste und Laufkundschaft<\/p><p>#PagodaHotelChengdu #ChengduRestaurant #SichuanK\u00fcche #HotelRestaurantsChengdu #BestRestaurantJinjiang #MapoTofuChengdu #BusinessMittagessenChengdu #VegetarischSichuan #ChengduFoodExperience #SustainableDining #LocalFlavorsChengdu #CelebrateChengdu<\/p><div class=\"py-2 my-3\"><hr \/><\/div><p data-spm-anchor-id=\"a2ty_o01.29997173.0.i60.6fbec921q4yY4x\"><strong>Im Pagoda Hotel Chengdu Taikoo Li ist jede Mahlzeit eine Feier von Geschmack, Ort und Zweck.<\/strong><\/p>\t\t\t\t\t\t\t\t<\/div>\n\t\t\t\t\t<\/div>\n\t\t\t\t<\/div>\n\t\t\t\t<section class=\"elementor-section elementor-top-section elementor-element elementor-element-7cd0da2d elementor-section-stretched elementor-section-boxed elementor-section-gap-beside-yes elementor-section-height-default elementor-section-height-default elementor-section-column-vertical-align-stretch\" data-id=\"7cd0da2d\" data-element_type=\"section\" data-e-type=\"section\" data-settings=\"{&quot;background_background&quot;:&quot;classic&quot;,&quot;stretch_section&quot;:&quot;section-stretched&quot;}\">\n\t\t\t\t\t\t<div class=\"elementor-container elementor-column-gap-extended\">\n\t\t\t\t\t<div class=\"elementor-column elementor-col-100 elementor-top-column elementor-element elementor-element-7904f509\" data-id=\"7904f509\" data-element_type=\"column\" data-e-type=\"column\">\n\t\t\t<div class=\"elementor-widget-wrap elementor-element-populated\">\n\t\t\t\t\t\t<div class=\"elementor-element elementor-element-2eb19947 elementor-widget elementor-widget-heading\" data-id=\"2eb19947\" data-element_type=\"widget\" data-e-type=\"widget\" data-widget_type=\"heading.default\">\n\t\t\t\t\t<h2 class=\"elementor-heading-title elementor-size-default\">Verf\u00fcgbarkeit pr\u00fcfen <\/h2>\t\t\t\t<\/div>\n\t\t\t\t<div class=\"elementor-element elementor-element-36d2e784 elementor-widget elementor-widget-text-editor\" data-id=\"36d2e784\" data-element_type=\"widget\" data-e-type=\"widget\" data-widget_type=\"text-editor.default\">\n\t\t\t\t\t\t\t\t\t<iframe border=\"0\" src=\"https:\/\/www.trip.com\/partners\/ad\/S5194877?Allianceid=4590391&#038;SID=255941827&#038;trip_sub1=\" style=\"width:1200px;height:200px\" frameborder=\"0\" scrolling=\"no\" id=\"S5194877\"><\/iframe>\t\t\t\t\t\t\t\t<\/div>\n\t\t\t\t\t<\/div>\n\t\t<\/div>\n\t\t\t\t\t<\/div>\n\t\t<\/section>\n\t\t\t\t<\/div>","protected":false},"excerpt":{"rendered":"<p>Feeling healthy and well is not a luxury but an absolute necessity. Heal both your soul and body with our miraculous treatments and return home as a new person, calm and refreshed. Opening Dates Monday &#8211; Sunday Opening Hours 06:00 am &#8211; 22:30 pm Price Range $50 &#8211; $450 Book A Table Or calll us: [&hellip;]<\/p>\n","protected":false},"author":1,"featured_media":0,"parent":0,"menu_order":0,"comment_status":"closed","ping_status":"closed","template":"","meta":{"footnotes":""},"class_list":["post-612","page","type-page","status-publish","hentry","post-no-thumbnail"],"_links":{"self":[{"href":"https:\/\/pagodahotelchengdu.com\/de\/wp-json\/wp\/v2\/pages\/612","targetHints":{"allow":["GET"]}}],"collection":[{"href":"https:\/\/pagodahotelchengdu.com\/de\/wp-json\/wp\/v2\/pages"}],"about":[{"href":"https:\/\/pagodahotelchengdu.com\/de\/wp-json\/wp\/v2\/types\/page"}],"author":[{"embeddable":true,"href":"https:\/\/pagodahotelchengdu.com\/de\/wp-json\/wp\/v2\/users\/1"}],"replies":[{"embeddable":true,"href":"https:\/\/pagodahotelchengdu.com\/de\/wp-json\/wp\/v2\/comments?post=612"}],"version-history":[{"count":0,"href":"https:\/\/pagodahotelchengdu.com\/de\/wp-json\/wp\/v2\/pages\/612\/revisions"}],"wp:attachment":[{"href":"https:\/\/pagodahotelchengdu.com\/de\/wp-json\/wp\/v2\/media?parent=612"}],"curies":[{"name":"wp","href":"https:\/\/api.w.org\/{rel}","templated":true}]}}