{"id":647,"date":"2021-03-29T02:13:52","date_gmt":"2021-03-29T02:13:52","guid":{"rendered":"http:\/\/localhost\/nuss\/?page_id=647"},"modified":"2025-09-04T13:22:57","modified_gmt":"2025-09-04T13:22:57","slug":"dienstleistungen","status":"publish","type":"page","link":"https:\/\/pagodahotelchengdu.com\/de\/dienstleistungen\/","title":{"rendered":"Leistungen"},"content":{"rendered":"<div data-elementor-type=\"wp-page\" data-elementor-id=\"647\" class=\"elementor elementor-647\">\n\t\t\t\t\t\t<section class=\"elementor-section elementor-top-section elementor-element elementor-element-3353bc8 elementor-section-boxed elementor-section-gap-beside-yes elementor-section-height-default elementor-section-height-default elementor-section-column-vertical-align-stretch\" data-id=\"3353bc8\" data-element_type=\"section\" data-e-type=\"section\">\n\t\t\t\t\t\t<div class=\"elementor-container elementor-column-gap-extended\">\n\t\t\t\t\t<div class=\"elementor-column elementor-col-100 elementor-top-column elementor-element elementor-element-0a2bc64\" data-id=\"0a2bc64\" data-element_type=\"column\" data-e-type=\"column\">\n\t\t\t<div class=\"elementor-widget-wrap elementor-element-populated\">\n\t\t\t\t\t\t<div class=\"elementor-element elementor-element-447e3ef elementor-widget__width-initial elementor-invisible elementor-widget elementor-widget-text-editor\" data-id=\"447e3ef\" data-element_type=\"widget\" data-e-type=\"widget\" data-settings=\"{&quot;_animation&quot;:&quot;nussFadeInUp&quot;}\" data-widget_type=\"text-editor.default\">\n\t\t\t\t\t\t\t\t\t<p><strong data-spm-anchor-id=\"a2ty_o01.29997173.0.i63.6fbec921q4yY4x\">Die umfassenden Dienstleistungen im Pagoda Hotel Chengdu Taikoo Li<\/strong><\/p>\t\t\t\t\t\t\t\t<\/div>\n\t\t\t\t\t<\/div>\n\t\t<\/div>\n\t\t\t\t\t<\/div>\n\t\t<\/section>\n\t\t<div class=\"elementor-element elementor-element-01bff08 e-flex e-con-boxed e-con e-parent\" data-id=\"01bff08\" data-element_type=\"container\" data-e-type=\"container\">\n\t\t\t\t\t<div class=\"e-con-inner\">\n\t\t\t\t<div class=\"elementor-element elementor-element-3e3b0d2 elementor-widget elementor-widget-nuss-image-gallery\" data-id=\"3e3b0d2\" data-element_type=\"widget\" data-e-type=\"widget\" data-widget_type=\"nuss-image-gallery.default\">\n\t\t\t\t<div class=\"elementor-widget-container\">\n\t\t\t\t\t\t\t<div class=\"nuss-grid-wrapper\" data-grid=\"{&quot;type&quot;:&quot;grid&quot;,&quot;ratio&quot;:null,&quot;columns&quot;:3,&quot;gutter&quot;:30}\">\r\n\t\t\t<div class=\"nuss-grid lazy-grid\">\r\n\t\t\t\t<div class=\"grid-sizer\"><\/div>\r\n\r\n\t\t\t\t\t\t\t\t\t\t\t\t<div class=\"grid-item\">\r\n\t\t\t\t\t\t<div class=\"nuss-box\">\t\t<div class=\"nuss-image image\">\r\n\t\t\t<img decoding=\"async\"  src=\"https:\/\/pagodahotelchengdu.com\/wp-content\/uploads\/2025\/09\/Pagoda-Hotel-Chengdu-Taikoo-Li-14.webp\" alt=\"Pagoda Hotel Chengdu Taikoo Li (14)\" \/>\t\t<\/div>\r\n\t\t\t\t<\/div>\t\t\t\t\t<\/div>\r\n\t\t\t\t\t\t<div class=\"grid-item\">\r\n\t\t\t\t\t\t<div class=\"nuss-box\">\t\t<div class=\"nuss-image image\">\r\n\t\t\t<img decoding=\"async\"  src=\"https:\/\/pagodahotelchengdu.com\/wp-content\/uploads\/2025\/09\/Pagoda-Hotel-Chengdu-Taikoo-Li-15.webp\" alt=\"Pagoda Hotel Chengdu Taikoo Li (15)\" \/>\t\t<\/div>\r\n\t\t\t\t<\/div>\t\t\t\t\t<\/div>\r\n\t\t\t\t\t\t<div class=\"grid-item\">\r\n\t\t\t\t\t\t<div class=\"nuss-box\">\t\t<div class=\"nuss-image image\">\r\n\t\t\t<img decoding=\"async\"  src=\"https:\/\/pagodahotelchengdu.com\/wp-content\/uploads\/2025\/09\/Pagoda-Hotel-Chengdu-Taikoo-Li-13.webp\" alt=\"Pagoda Hotel Chengdu Taikoo Li (13)\" \/>\t\t<\/div>\r\n\t\t\t\t<\/div>\t\t\t\t\t<\/div>\r\n\t\t\t\t\t\t<div class=\"grid-item\">\r\n\t\t\t\t\t\t<div class=\"nuss-box\">\t\t<div class=\"nuss-image image\">\r\n\t\t\t<img decoding=\"async\"  src=\"https:\/\/pagodahotelchengdu.com\/wp-content\/uploads\/2025\/09\/Pagoda-Hotel-Chengdu-Taikoo-Li-9.webp\" alt=\"Pagoda Hotel Chengdu Taikoo Li (9)\" \/>\t\t<\/div>\r\n\t\t\t\t<\/div>\t\t\t\t\t<\/div>\r\n\t\t\t\t\t\t<div class=\"grid-item\">\r\n\t\t\t\t\t\t<div class=\"nuss-box\">\t\t<div class=\"nuss-image image\">\r\n\t\t\t<img decoding=\"async\"  src=\"https:\/\/pagodahotelchengdu.com\/wp-content\/uploads\/2025\/09\/Pagoda-Hotel-Chengdu-Taikoo-Li-5.webp\" alt=\"Pagoda Hotel Chengdu Taikoo Li (5)\" \/>\t\t<\/div>\r\n\t\t\t\t<\/div>\t\t\t\t\t<\/div>\r\n\t\t\t\t\t\t<div class=\"grid-item\">\r\n\t\t\t\t\t\t<div class=\"nuss-box\">\t\t<div class=\"nuss-image image\">\r\n\t\t\t<img decoding=\"async\"  src=\"https:\/\/pagodahotelchengdu.com\/wp-content\/uploads\/2025\/09\/Pagoda-Hotel-Chengdu-Taikoo-Li-19.webp\" alt=\"Pagode Hotel Chengdu Taikoo Li (19)\" \/>\t\t<\/div>\r\n\t\t\t\t<\/div>\t\t\t\t\t<\/div>\r\n\t\t\t\t\t\t<div class=\"grid-item\">\r\n\t\t\t\t\t\t<div class=\"nuss-box\">\t\t<div class=\"nuss-image image\">\r\n\t\t\t<img decoding=\"async\"  src=\"https:\/\/pagodahotelchengdu.com\/wp-content\/uploads\/2025\/09\/Pagoda-Hotel-Chengdu-Taikoo-Li-18.webp\" alt=\"Pagoda Hotel Chengdu Taikoo Li (18)\" \/>\t\t<\/div>\r\n\t\t\t\t<\/div>\t\t\t\t\t<\/div>\r\n\t\t\t\t\t\t<div class=\"grid-item\">\r\n\t\t\t\t\t\t<div class=\"nuss-box\">\t\t<div class=\"nuss-image image\">\r\n\t\t\t<img decoding=\"async\"  src=\"https:\/\/pagodahotelchengdu.com\/wp-content\/uploads\/2025\/09\/Pagoda-Hotel-Chengdu-Taikoo-Li-36.webp\" alt=\"Pagoda Hotel Chengdu Taikoo Li (36)\" \/>\t\t<\/div>\r\n\t\t\t\t<\/div>\t\t\t\t\t<\/div>\r\n\t\t\t\t\t\t<div class=\"grid-item\">\r\n\t\t\t\t\t\t<div class=\"nuss-box\">\t\t<div class=\"nuss-image image\">\r\n\t\t\t<img decoding=\"async\"  src=\"https:\/\/pagodahotelchengdu.com\/wp-content\/uploads\/2025\/09\/Pagoda-Hotel-Chengdu-Taikoo-Li-42.webp\" alt=\"Pagoda Hotel Chengdu Taikoo Li (42)\" \/>\t\t<\/div>\r\n\t\t\t\t<\/div>\t\t\t\t\t<\/div>\r\n\t\t\t\t\t\t<div class=\"grid-item\">\r\n\t\t\t\t\t\t<div class=\"nuss-box\">\t\t<div class=\"nuss-image image\">\r\n\t\t\t<img decoding=\"async\"  src=\"https:\/\/pagodahotelchengdu.com\/wp-content\/uploads\/2025\/09\/Pagoda-Hotel-Chengdu-Taikoo-Li-2.webp\" alt=\"Pagoda Hotel Chengdu Taikoo Li (2)\" \/>\t\t<\/div>\r\n\t\t\t\t<\/div>\t\t\t\t\t<\/div>\r\n\t\t\t\t\t\t<div class=\"grid-item\">\r\n\t\t\t\t\t\t<div class=\"nuss-box\">\t\t<div class=\"nuss-image image\">\r\n\t\t\t<img decoding=\"async\"  src=\"https:\/\/pagodahotelchengdu.com\/wp-content\/uploads\/2025\/09\/Pagoda-Hotel-Chengdu-Taikoo-Li-55.webp\" alt=\"Pagoda Hotel Chengdu Taikoo Li (55)\" \/>\t\t<\/div>\r\n\t\t\t\t<\/div>\t\t\t\t\t<\/div>\r\n\t\t\t\t\t\t<div class=\"grid-item\">\r\n\t\t\t\t\t\t<div class=\"nuss-box\">\t\t<div class=\"nuss-image image\">\r\n\t\t\t<img decoding=\"async\"  src=\"https:\/\/pagodahotelchengdu.com\/wp-content\/uploads\/2025\/09\/Pagoda-Hotel-Chengdu-Taikoo-Li-3.webp\" alt=\"Pagoda Hotel Chengdu Taikoo Li (3)\" \/>\t\t<\/div>\r\n\t\t\t\t<\/div>\t\t\t\t\t<\/div>\r\n\t\t\t\t\t\t\t\r\n\t\t\t<\/div>\r\n\t\t<\/div>\r\n\t\t\t\t\t\t<\/div>\n\t\t\t\t<\/div>\n\t\t\t\t\t<\/div>\n\t\t\t\t<\/div>\n\t\t<div class=\"elementor-element elementor-element-3eca558 e-flex e-con-boxed e-con e-parent\" data-id=\"3eca558\" data-element_type=\"container\" data-e-type=\"container\">\n\t\t\t\t\t<div class=\"e-con-inner\">\n\t\t\t\t<div class=\"elementor-element elementor-element-8e65983 elementor-widget elementor-widget-text-editor\" data-id=\"8e65983\" data-element_type=\"widget\" data-e-type=\"widget\" data-widget_type=\"text-editor.default\">\n\t\t\t\t\t\t\t\t\t<p data-spm-anchor-id=\"a2ty_o01.29997173.0.i64.6fbec921q4yY4x\">Bei <strong>Pagoda Hotel Chengdu Taikoo Li<\/strong>, gelegen in <strong>Nr. 16 Hua Xing East Street, Bezirk Jinjiang, Chengdu, Sichuan, China<\/strong>Service ist nicht nur eine Funktion \u2013 er ist die Grundlage des G\u00e4steerlebnisses. Von der Ankunft bis zur Abreise ist jede Interaktion, jede Annehmlichkeit und jedes Angebot sorgf\u00e4ltig darauf ausgelegt, <strong>nahtlose, aufmerksame und personalisierte Gastfreundschaft<\/strong> das Ihre Bed\u00fcrfnisse vorwegnimmt und Ihre Erwartungen \u00fcbertrifft.<\/p><p>Gelegen in einem der prestigetr\u00e4chtigsten und dynamischsten Viertel von Chengdu \u2013 nur wenige Schritte vom weltber\u00fchmten <strong>Taikoo Li (Sino-Ozean-Taikoo Li)<\/strong> Einkaufs- und Kulturviertel \u2013 unser Hotel ist mehr als ein luxuri\u00f6ser R\u00fcckzugsort. Es ist ein <strong>modernes Heiligtum<\/strong> Hier trifft die Eleganz zeitgen\u00f6ssischen Designs auf die W\u00e4rme authentischer Sichuan-Gastfreundschaft. Ganz gleich, ob Sie f\u00fcr ein wichtiges Gesch\u00e4ftstreffen, eine kulturelle Erkundung oder einen entspannten Kurzurlaub in der Stadt sind \u2013 unser umfassendes Serviceangebot sorgt daf\u00fcr, dass Ihr Aufenthalt effizient, komfortabel und unvergesslich wird.<\/p><div class=\"py-2 my-3\"><hr \/><\/div><h3>\ud83d\udece\ufe0f <strong>24\/7-Rezeption und mehrsprachiger Concierge: Ihr pers\u00f6nliches Tor zu Chengdu<\/strong><\/h3><p>Unser <strong>24-Stunden-Rezeption<\/strong> verf\u00fcgt \u00fcber ein professionelles, mehrsprachiges Team, das flie\u00dfend spricht <strong>Mandarin, Englisch und Grundkenntnisse in Japanisch<\/strong>, wodurch eine reibungslose Kommunikation f\u00fcr internationale G\u00e4ste gew\u00e4hrleistet wird. Vom Check-in bis zum Check-out bietet unser Personal einen schnellen, zuvorkommenden und pers\u00f6nlichen Service, der die bekannte Herzlichkeit und Gastfreundschaft von Chengdu widerspiegelt.<\/p><p>Der <strong>engagierter Concierge-Service<\/strong> geht weit \u00fcber die grundlegende Hilfe hinaus. Ben\u00f6tigen Sie eine Reservierung in einem Michelin-empfohlenen Sichuan-Restaurant? Suchen Sie nach Tickets f\u00fcr ein <strong>Sichuan-Oper \u2013 Gesichtsver\u00e4nderungsshow<\/strong>? M\u00f6chten Sie eine private Tour zum <strong>Chengdu Forschungsstation f\u00fcr die Zucht von Gro\u00dfen Pandas<\/strong> oder einen Tagesausflug nach <strong>Gro\u00dfer Buddha von Leshan<\/strong>? Unser Concierge ist Ihr vertrauensw\u00fcrdiger lokaler Reisef\u00fchrer und bietet <strong>ma\u00dfgeschneiderte Empfehlungen und reibungslose Absprachen<\/strong> f\u00fcr Essen, Besichtigungen, Transport und kulturelle Erlebnisse.<\/p><p>Wir bieten au\u00dferdem:<\/p><ul><li><strong>Express-Check-in\/-Check-out<\/strong> f\u00fcr wiederkehrende G\u00e4ste und Gesch\u00e4ftsreisende<\/li><li><strong>Kostenlose Gep\u00e4ckaufbewahrung<\/strong> vor dem Check-in und nach dem Check-out<\/li><li><strong>Post- und Kurierdienste<\/strong> (SF Express, DHL und lokale Post)<\/li><li><strong>Hilfe bei Fundsachen<\/strong> und Unterst\u00fctzung bei der Reisedokumentation<\/li><li><strong>Lokale Einblicke und Karten<\/strong> damit Sie sich wie ein Einheimischer in der Stadt zurechtfinden<\/li><\/ul><div class=\"py-2 my-3\"><hr \/><\/div><h3>\ud83c\udf10 <strong>Konnektivit\u00e4t und Business-Services: Power f\u00fcr Ihr Berufsleben<\/strong><\/h3><p>Wir verstehen die Anforderungen des Weltreisenden von heute, <strong>Pagoda Hotel Chengdu Taikoo Li<\/strong> bietet eine robuste Suite von <strong>Gesch\u00e4fts- und Konnektivit\u00e4tsdienste<\/strong> die sicherstellen, dass Sie produktiv, verbunden und vorbereitet bleiben \u2013 unabh\u00e4ngig von Ihrer Zeitzone.<\/p><h4>\u2705 <strong>24-Stunden-Businesscenter<\/strong><\/h4><p>Rund um die Uhr ge\u00f6ffnet, unser <strong>voll ausgestattetes Businesscenter<\/strong> Merkmale:<\/p><ul><li>Hochgeschwindigkeits-WLAN der Enterprise-Klasse mit Dualband-Konnektivit\u00e4t<\/li><li>Ergonomische Arbeitspl\u00e4tze mit Sichtschutz<\/li><li>Multifunktionsdrucker, Scanner und Kopierer (unterst\u00fctzt USB-, Cloud- und mobiles Drucken)<\/li><li>Internationale Steckdosen und USB-Ladeanschl\u00fcsse<\/li><li>Kostenlose Schreibwarensets und Notizbl\u00f6cke<\/li><\/ul><p>Dieser Raum ist ideal f\u00fcr Last-Minute-Pr\u00e4sentationen, dringende E-Mails oder ruhige Arbeitssitzungen und ein Zufluchtsort f\u00fcr Berufst\u00e4tige.<\/p><h4>\u2705 <strong>Private Tagungs- und Konferenzr\u00e4ume<\/strong><\/h4><p>F\u00fcr formelle Meetings, Kundenpr\u00e4sentationen oder Teamtreffen bieten wir <strong>elegante, schalldichte Tagungsr\u00e4ume<\/strong> die Platz f\u00fcr 6 bis 15 G\u00e4ste bieten. Jedes Zimmer ist ausgestattet mit:<\/p><ul><li>HD-Smart-TVs und Projektoren mit HDMI und kabelloser Bildschirmspiegelung (AirPlay, Miracast)<\/li><li>Professionelle Audiosysteme mit drahtlosen Mikrofonen und ger\u00e4uschunterdr\u00fcckenden Lautsprechern<\/li><li>Highspeed-Internet und Videokonferenzfunktionen (Zoom, Microsoft Teams, Google Meet)<\/li><li>Flexible Sitzanordnungen (U-Form, Sitzungssaal, Theaterbestuhlung)<\/li><li>Catering auf Anfrage mit Sichuan-inspirierten Canap\u00e9s, Teeservice oder Business-Lunch-Sets<\/li><\/ul><p>Unser <strong>Veranstaltungskoordinator<\/strong> steht Ihnen bei der Einrichtung, dem technischen Support und der Planung zur Seite und sorgt daf\u00fcr, dass Ihr Meeting reibungslos abl\u00e4uft.<\/p><div class=\"py-2 my-3\"><hr \/><\/div><h3>\ud83c\udf7d\ufe0f <strong>Speisen und kulinarische Dienstleistungen: Ein Hauch von Chengdu, mit Sorgfalt serviert<\/strong><\/h3><p>Unser <strong>Restaurant vor Ort<\/strong> ist mehr als nur eine Annehmlichkeit \u2013 es ist ein Ziel. Es ist sowohl f\u00fcr G\u00e4ste als auch f\u00fcr die \u00d6ffentlichkeit zug\u00e4nglich und bietet ein raffiniertes und dennoch zug\u00e4ngliches Speiseerlebnis, das die kr\u00e4ftigen Aromen von <strong>Sichuan-K\u00fcche<\/strong> und gleichzeitig f\u00fcr unterschiedliche Geschm\u00e4cker etwas zu bieten.<\/p><h4>\ud83c\udf5c Signaturdienste:<\/h4><ul><li><strong>T\u00e4gliches Fr\u00fchst\u00fccksbuffet<\/strong>: Eine gro\u00dfz\u00fcgige Auswahl an <strong>Chinesische und westliche Optionen<\/strong> \u2013 von dampfendem Congee, Baozi und eingelegtem Gem\u00fcse bis hin zu R\u00fchrei, Speck, frischem Obst, Joghurt und handwerklich hergestelltem Brot.<\/li><li><strong>Ganzt\u00e4giges Speisemen\u00fc<\/strong>: Mit lokalen Spezialit\u00e4ten wie <strong>Mapo-Tofu, Dan-Dan-Nudeln, zweimal gekochtes Schweinefleisch<\/strong>, Und <strong>Pfannengerichte nach Sichuan-Art<\/strong>, neben internationalen Gerichten f\u00fcr G\u00e4ste, die Abwechslung suchen.<\/li><li><strong>Di\u00e4tetische Anpassungen<\/strong>: Wir bieten stolz <strong>vegetarische, vegane, glutenfreie und halal-freundliche Optionen<\/strong> Auf Wunsch stellt unser K\u00fcchenteam gerne Gerichte nach Ihren W\u00fcnschen zusammen.<\/li><li><strong>Zimmerservice<\/strong>: Genie\u00dfen Sie einen ruhigen Abend mit unserem <strong>Speisen im Zimmer<\/strong>, verf\u00fcgbar w\u00e4hrend der Restaurantzeiten.<\/li><li><strong>Business-Lunch-Sets<\/strong>: Diese zusammengestellten Sets sind perfekt f\u00fcr Einzelg\u00e4ste oder kleine Gruppen und bieten Effizienz und Geschmack f\u00fcr den vielbesch\u00e4ftigten Berufst\u00e4tigen.<\/li><\/ul><p>Unser <strong>Lobby-Lounge<\/strong> bietet au\u00dferdem einen ruhigen Raum f\u00fcr Kaffee, Tee oder einen leichten Snack, wobei den G\u00e4sten den ganzen Tag \u00fcber kostenlose Getr\u00e4nke zur Verf\u00fcgung stehen.<\/p><div class=\"py-2 my-3\"><hr \/><\/div><h3>\ud83d\udecf\ufe0f <strong>G\u00e4stezimmerservices: Komfort, Bequemlichkeit und Sorgfalt<\/strong><\/h3><p>Jedes G\u00e4stezimmer im Pagoda Hotel Chengdu Taikoo Li ist auf Komfort und Funktionalit\u00e4t ausgelegt und unsere Services sorgen daf\u00fcr, dass Ihr pers\u00f6nlicher Raum ein Zufluchtsort bleibt.<\/p><ul><li><strong>T\u00e4gliche Zimmerreinigung<\/strong>: Sorgf\u00e4ltige Reinigung und Aufdeckservice (auf Anfrage) sorgen daf\u00fcr, dass Ihr Zimmer frisch und einladend bleibt.<\/li><li><strong>24-Stunden-Warmwasser und Klimaanlage<\/strong>: Zuverl\u00e4ssige Klima- und Heizungssysteme sorgen das ganze Jahr \u00fcber f\u00fcr Komfort mit individueller Raumregelung.<\/li><li><strong>Zimmerausstattung<\/strong>: Beinhaltet einen Minik\u00fchlschrank, einen Safe, einen Wasserkocher, hochwertige Toilettenartikel, Hausschuhe und Badem\u00e4ntel.<\/li><li><strong>W\u00e4scherei &amp; chemische Reinigung<\/strong>: Express- und Standard-W\u00e4scheservice mit R\u00fcckgabe am selben oder n\u00e4chsten Tag verf\u00fcgbar.<\/li><li><strong>B\u00fcgeleisen und B\u00fcgelbrett<\/strong>: Auf Anfrage kostenlos erh\u00e4ltlich.<\/li><li><strong>Zus\u00e4tzliche Bettw\u00e4sche und Kissen<\/strong>: Optionen f\u00fcr hypoallergene, feste oder weiche Kissen, ganz nach Ihren W\u00fcnschen.<\/li><\/ul><div class=\"py-2 my-3\"><hr \/><\/div><h3>\ud83c\udfc3\u200d\u2642\ufe0f <strong>Wellness- und Freizeitangebote: Tanken Sie neue Energie f\u00fcr K\u00f6rper und Geist<\/strong><\/h3><p>W\u00e4hrend Pagoda Hotel auf Gesch\u00e4ftseffizienz setzt, verstehen wir auch die Bedeutung der Ausgewogenheit. Unsere <strong>Wellnessangebote<\/strong> sollen Ihnen helfen, sich zu entspannen, zu erfrischen und Ihre Routine beizubehalten.<\/p><h4>\u2705 <strong>Gut ausgestattetes Fitnesscenter<\/strong><\/h4><p>Unser modernes Fitnesscenter ist t\u00e4glich ge\u00f6ffnet und bietet:<\/p><ul><li>Laufb\u00e4nder, Crosstrainer und Heimtrainer<\/li><li>Freihanteln und Krafttrainingsger\u00e4te<\/li><li>Yogamatten und Dehnungszonen<\/li><li>Klimatisierter, gut beleuchteter Raum mit verspiegelten W\u00e4nden<\/li><\/ul><p>Perfekt f\u00fcr Fr\u00fchaufsteher oder abendliche Workout-Enthusiasten.<\/p><h4>\u2705 <strong>Entspannung &amp; Schlafunterst\u00fctzung<\/strong><\/h4><ul><li><strong>Schallschutzfenster<\/strong> Minimieren Sie den Stadtl\u00e4rm<\/li><li><strong>Verdunkelungsvorh\u00e4nge<\/strong> sorgen f\u00fcr tiefen, ungest\u00f6rten Schlaf<\/li><li><strong>Wei\u00dfes Rauschen<\/strong> auf Anfrage erh\u00e4ltlich<\/li><li><strong>Aromatherapie-Sets<\/strong> (Lavendel, Eukalyptus) k\u00f6nnen zur verst\u00e4rkten Entspannung bereitgestellt werden<\/li><\/ul><div class=\"py-2 my-3\"><hr \/><\/div><h3>\ud83d\ude97 <strong>Transport- und Zug\u00e4nglichkeitsdienste<\/strong><\/h3><p>Wir machen die Fortbewegung in Chengdu einfach und stressfrei:<\/p><ul><li><strong>Parkpl\u00e4tze vor Ort<\/strong>: F\u00fcr G\u00e4ste nach dem Prinzip \u201eWer zuerst kommt, mahlt zuerst\u201c verf\u00fcgbar (gegen Geb\u00fchr).<\/li><li><strong>Taxi- und Mitfahrdienst-Unterst\u00fctzung<\/strong>: An der Rezeption k\u00f6nnen Sie Didi (Chinas Mitfahr-App) anrufen oder ein Taxi zu jedem Ziel bestellen.<\/li><li><strong>U-Bahn-Zugang<\/strong>: Nur ein <strong>5 Gehminuten zur Chunxi Road Station (Linien 2 und 3)<\/strong>, die Sie mit den wichtigsten Gesch\u00e4fts- und Touristengebieten verbindet.<\/li><li><strong>Koordination des Flughafentransfers<\/strong>: Obwohl kein kostenloser Shuttle angeboten wird, k\u00f6nnen wir Ihnen bei der Buchung privater Transfers behilflich sein von <strong>Internationaler Flughafen Chengdu Tianfu (TFU)<\/strong> oder <strong>Internationaler Flughafen Shuangliu (CTU)<\/strong>.<\/li><\/ul><div class=\"py-2 my-3\"><hr \/><\/div><h3>\ud83c\udf31 <strong>Nachhaltige und durchdachte Serviceinitiativen<\/strong><\/h3><p>Im Pagoda Hotel Chengdu Taikoo Li glauben wir, dass exzellenter Service auch bedeutet <strong>verantwortungsvoller Dienst<\/strong>Aus diesem Grund haben wir umweltbewusste Praktiken in unseren t\u00e4glichen Betrieb integriert:<\/p><ul><li><strong>Weniger Einwegplastik<\/strong> in Zimmern und \u00f6ffentlichen Bereichen<\/li><li><strong>Umweltfreundliche Toilettenartikel<\/strong> in recycelbarer Verpackung<\/li><li><strong>Energieeffiziente Beleuchtungs- und HLK-Systeme<\/strong><\/li><li><strong>Lokale Beschaffung<\/strong> von Lebensmitteln und Vorr\u00e4ten zur Unterst\u00fctzung der Gemeinde Chengdu<\/li><li><strong>Digitaler Check-in\/Check-out und mobiler Schl\u00fcsselzugang<\/strong> zur Reduzierung von Papierm\u00fcll<\/li><\/ul><div class=\"py-2 my-3\"><hr \/><\/div><h3>\ud83e\udd1d <strong>Unser Serviceversprechen: Vorwegnehmen. Anpassen. Umsetzen.<\/strong><\/h3><p>Bei <strong>Pagoda Hotel Chengdu Taikoo Li<\/strong>, wir reagieren nicht nur auf Ihre Bed\u00fcrfnisse \u2013 wir <strong>antizipieren sie<\/strong>. Unser Team ist darauf geschult, proaktiv, diskret und l\u00f6sungsorientiert zu sein und sicherzustellen, dass sich jeder Aspekt Ihres Aufenthalts m\u00fchelos anf\u00fchlt.<\/p><p>Egal, ob Sie f\u00fcr eine Nacht oder einen l\u00e4ngeren Aufenthalt hier sind, unsere Dienstleistungen sind darauf ausgelegt, <strong>Passen Sie sich Ihrem Rhythmus an<\/strong> \u2014 sei es das Tempo einer Unternehmensagenda oder die Mu\u00dfe einer kulturellen Reise. Wir sind hier, um <strong>helfen Ihnen, Ihre Ziele zu erreichen<\/strong>, sei es der Abschluss eines Gesch\u00e4fts, die Wiedervereinigung mit der Familie oder einfach das Erleben der Seele von Chengdu mit Komfort und Zuversicht.<\/p><div class=\"py-2 my-3\"><hr \/><\/div><p><strong>Erlebnisservice neu definiert<\/strong><br \/>\ud83d\udccd <strong>Adresse<\/strong>: Nr. 16 Hua Xing East Street, Bezirk Jinjiang, Chengdu, Sichuan, China<br \/>\ud83d\udcde <strong>Telefon<\/strong>: +86 185 5824 6062<br \/>\ud83c\udf10 <strong>Webseite<\/strong>: <a href=\"https:\/\/pagodahotelchengdu.com\/de\/\" target=\"_blank\" rel=\"nofollow noopener\">https:\/\/pagodahotelchengdu.com <\/a><\/p><p>#PagodaHotelChengdu #ChengduHotelServices #LuxuryHotelChengdu #BusinessHotelChengdu #HotelWithMeetingRooms #SichuanHospitality #GuestServicesChengdu #24HourBusinessCenter #ChengduTravel #ProfessionalStay<\/p><div class=\"py-2 my-3\"><hr \/><\/div><p data-spm-anchor-id=\"a2ty_o01.29997173.0.i65.6fbec921q4yY4x\"><strong>Im Pagoda Hotel Chengdu Taikoo Li ist Service nicht nur das, was wir tun \u2013 es ist, wer wir sind.<\/strong><\/p>\t\t\t\t\t\t\t\t<\/div>\n\t\t\t\t\t<\/div>\n\t\t\t\t<\/div>\n\t\t\t\t<section class=\"elementor-section elementor-top-section elementor-element elementor-element-134e55db elementor-section-stretched elementor-section-boxed elementor-section-gap-beside-yes elementor-section-height-default elementor-section-height-default elementor-section-column-vertical-align-stretch\" data-id=\"134e55db\" data-element_type=\"section\" data-e-type=\"section\" data-settings=\"{&quot;background_background&quot;:&quot;classic&quot;,&quot;stretch_section&quot;:&quot;section-stretched&quot;}\">\n\t\t\t\t\t\t<div class=\"elementor-container elementor-column-gap-extended\">\n\t\t\t\t\t<div class=\"elementor-column elementor-col-100 elementor-top-column elementor-element elementor-element-5e86fb97\" data-id=\"5e86fb97\" data-element_type=\"column\" data-e-type=\"column\">\n\t\t\t<div class=\"elementor-widget-wrap elementor-element-populated\">\n\t\t\t\t\t\t<div class=\"elementor-element elementor-element-477409f3 elementor-widget elementor-widget-heading\" data-id=\"477409f3\" data-element_type=\"widget\" data-e-type=\"widget\" data-widget_type=\"heading.default\">\n\t\t\t\t\t<h2 class=\"elementor-heading-title elementor-size-default\">Verf\u00fcgbarkeit pr\u00fcfen <\/h2>\t\t\t\t<\/div>\n\t\t\t\t<div class=\"elementor-element elementor-element-b8e27b7 elementor-widget elementor-widget-text-editor\" data-id=\"b8e27b7\" data-element_type=\"widget\" data-e-type=\"widget\" data-widget_type=\"text-editor.default\">\n\t\t\t\t\t\t\t\t\t<iframe border=\"0\" src=\"https:\/\/www.trip.com\/partners\/ad\/S5194877?Allianceid=4590391&#038;SID=255941827&#038;trip_sub1=\" style=\"width:1200px;height:200px\" frameborder=\"0\" scrolling=\"no\" id=\"S5194877\"><\/iframe>\t\t\t\t\t\t\t\t<\/div>\n\t\t\t\t\t<\/div>\n\t\t<\/div>\n\t\t\t\t\t<\/div>\n\t\t<\/section>\n\t\t\t\t<\/div>","protected":false},"excerpt":{"rendered":"<p>We do our best to offer all our guests the services and facilities to make their stay a memorable one. Eat&amp;Drink Restaurant &amp; Bar Suspendisse laoreet orci ac nulla vulputate pellentesque. Vivamus nec eleifend ex, eget molestie lorem. Integer sed sodales sapien. Cras aliquam fringilla elit sit amet fringilla. Open Daily: 7:00pm &#8211; 11:00pm Find [&hellip;]<\/p>\n","protected":false},"author":1,"featured_media":0,"parent":0,"menu_order":0,"comment_status":"closed","ping_status":"closed","template":"","meta":{"footnotes":""},"class_list":["post-647","page","type-page","status-publish","hentry","post-no-thumbnail"],"_links":{"self":[{"href":"https:\/\/pagodahotelchengdu.com\/de\/wp-json\/wp\/v2\/pages\/647","targetHints":{"allow":["GET"]}}],"collection":[{"href":"https:\/\/pagodahotelchengdu.com\/de\/wp-json\/wp\/v2\/pages"}],"about":[{"href":"https:\/\/pagodahotelchengdu.com\/de\/wp-json\/wp\/v2\/types\/page"}],"author":[{"embeddable":true,"href":"https:\/\/pagodahotelchengdu.com\/de\/wp-json\/wp\/v2\/users\/1"}],"replies":[{"embeddable":true,"href":"https:\/\/pagodahotelchengdu.com\/de\/wp-json\/wp\/v2\/comments?post=647"}],"version-history":[{"count":0,"href":"https:\/\/pagodahotelchengdu.com\/de\/wp-json\/wp\/v2\/pages\/647\/revisions"}],"wp:attachment":[{"href":"https:\/\/pagodahotelchengdu.com\/de\/wp-json\/wp\/v2\/media?parent=647"}],"curies":[{"name":"wp","href":"https:\/\/api.w.org\/{rel}","templated":true}]}}