{"id":2109,"date":"2021-03-26T08:35:58","date_gmt":"2021-03-26T08:35:58","guid":{"rendered":"http:\/\/localhost\/nuss\/?page_id=536"},"modified":"2025-09-04T09:45:25","modified_gmt":"2025-09-04T09:45:25","slug":"instalaciones-comerciales","status":"publish","type":"page","link":"https:\/\/pagodahotelchengdu.com\/es\/instalaciones-comerciales\/","title":{"rendered":"Instalaciones comerciales"},"content":{"rendered":"<div data-elementor-type=\"wp-page\" data-elementor-id=\"2109\" class=\"elementor elementor-2109\">\n\t\t\t\t\t\t<section class=\"elementor-section elementor-top-section elementor-element elementor-element-bb2901b elementor-section-boxed elementor-section-gap-beside-yes elementor-section-height-default elementor-section-height-default elementor-section-column-vertical-align-stretch\" data-id=\"bb2901b\" data-element_type=\"section\" data-e-type=\"section\">\n\t\t\t\t\t\t<div class=\"elementor-container elementor-column-gap-extended\">\n\t\t\t\t\t<div class=\"elementor-column elementor-col-100 elementor-top-column elementor-element elementor-element-1919db9\" data-id=\"1919db9\" data-element_type=\"column\" data-e-type=\"column\">\n\t\t\t<div class=\"elementor-widget-wrap elementor-element-populated\">\n\t\t\t\t\t\t<div class=\"elementor-element elementor-element-41a7b9c elementor-widget__width-initial elementor-invisible elementor-widget elementor-widget-text-editor\" data-id=\"41a7b9c\" data-element_type=\"widget\" data-e-type=\"widget\" data-settings=\"{&quot;_animation&quot;:&quot;nussFadeInUp&quot;}\" data-widget_type=\"text-editor.default\">\n\t\t\t\t\t\t\t\t\t<p><strong data-spm-anchor-id=\"a2ty_o01.29997173.0.i29.6fbec921q4yY4x\">Las instalaciones comerciales del Pagoda Hotel Chengdu Taikoo Li: donde la productividad se fusiona con la sofisticaci\u00f3n en el coraz\u00f3n de Jinjiang<\/strong><\/p>\t\t\t\t\t\t\t\t<\/div>\n\t\t\t\t\t<\/div>\n\t\t<\/div>\n\t\t\t\t\t<\/div>\n\t\t<\/section>\n\t\t<div class=\"elementor-element elementor-element-7f8d466 e-flex e-con-boxed e-con e-parent\" data-id=\"7f8d466\" data-element_type=\"container\" data-e-type=\"container\">\n\t\t\t\t\t<div class=\"e-con-inner\">\n\t\t\t\t<div class=\"elementor-element elementor-element-4336220 elementor-widget elementor-widget-text-editor\" data-id=\"4336220\" data-element_type=\"widget\" data-e-type=\"widget\" data-widget_type=\"text-editor.default\">\n\t\t\t\t\t\t\t\t\t<p data-spm-anchor-id=\"a2ty_o01.29997173.0.i31.6fbec921q4yY4x\">Ubicado en <strong>No.16 Hua Xing East Street, distrito de Jinjiang, Chengdu, Sichuan<\/strong>, <strong>Pagoda Hotel Chengdu Taikoo Li<\/strong> es m\u00e1s que un simple refugio elegante en una de las ciudades m\u00e1s vibrantes de China: es un refugio refinado para el viajero de negocios moderno. Combinando a la perfecci\u00f3n <strong>Dise\u00f1o contempor\u00e1neo, ubicaci\u00f3n estrat\u00e9gica y servicio profesional.<\/strong>Nuestro hotel ofrece una suite de <strong>Instalaciones comerciales cuidadosamente seleccionadas<\/strong> que garantizan que su jornada laboral transcurra con la misma fluidez que su exploraci\u00f3n de la rica cultura de Chengdu.<\/p><p>Ya sea que se encuentre en la ciudad para una reuni\u00f3n corporativa de alto nivel, una conferencia internacional o para gestionar un proyecto regional, <strong>Pagoda Hotel Chengdu Taikoo Li<\/strong> Ofrece el entorno perfecto para mantenerse concentrado, conectado y a la vanguardia de su agenda. A solo unos pasos del lujoso... <strong>Taikoo Li<\/strong> Distrito, un centro de comercio, marcas de lujo y empresas globales, nuestro hotel lo ubica en el epicentro de la oportunidad, donde convergen los negocios y el estilo de vida.<\/p><div class=\"py-2 my-3\"><hr \/><\/div><h3>\ud83c\udfe2 Un entorno profesional dise\u00f1ado para el \u00e9xito<\/h3><p>Al comprender las demandas del acelerado mundo corporativo actual, hemos dise\u00f1ado nuestras comodidades comerciales para respaldar la eficiencia, la privacidad y un flujo de trabajo fluido, ya sea que est\u00e9 finalizando una presentaci\u00f3n, organizando una cena con un cliente o prepar\u00e1ndose para una llamada transfronteriza.<\/p><p>De <strong>conectividad de alta velocidad<\/strong> a <strong>espacios de trabajo discretos<\/strong>, cada detalle ha sido considerado para mejorar tu experiencia profesional.<\/p><div class=\"py-2 my-3\"><hr \/><\/div><h3>\u2705 Centro de negocios 24\/7: Trabaje en sus t\u00e9rminos<\/h3><p>Nuestro <strong>centro de negocios abierto las 24 horas<\/strong> Es un santuario tranquilo y bien iluminado, ideal para la productividad. Abierto las 24 horas, ofrece:<\/p><ul><li><strong>Wi-Fi ultrarr\u00e1pido y seguro<\/strong> con ancho de banda de nivel empresarial, ideal para videoconferencias en Zoom, Teams o WeChat Work.<\/li><li><strong>Estaciones de trabajo ergon\u00f3micas<\/strong> con sillas ajustables, amplio espacio de escritorio e iluminaci\u00f3n individual.<\/li><li><strong>Impresoras, esc\u00e1neres y fotocopiadoras multifunci\u00f3n<\/strong> \u2014 compatible con unidades USB, almacenamiento en la nube e impresi\u00f3n m\u00f3vil.<\/li><li><strong>Tomas de corriente internacionales y puertos USB<\/strong> para computadoras port\u00e1tiles, tel\u00e9fonos inteligentes y tabletas.<\/li><li><strong>Kits de papeler\u00eda de cortes\u00eda<\/strong> \u2014 incluidos blocs de notas, bol\u00edgrafos, sobres y adaptadores internacionales.<\/li><\/ul><p>Ya sea que est\u00e9 respondiendo correos electr\u00f3nicos urgentes a medianoche o preparando un informe de \u00faltimo momento, el centro de negocios garantiza que nunca se quedar\u00e1 sin las herramientas que necesita.<\/p><div class=\"py-2 my-3\"><hr \/><\/div><h3>Salas de reuniones y juntas privadas: organice con confianza<\/h3><p>Para profesionales que requieren un entorno formal, <strong>Pagoda Hotel Chengdu Taikoo Li<\/strong> ofertas <strong>salas de reuniones privadas<\/strong> Dise\u00f1ados para reuniones peque\u00f1as y medianas. Ideales para presentaciones a clientes, colaboraciones de equipo o entrevistas ejecutivas, estos espacios combinan elegancia y funcionalidad.<\/p><h4>Caracter\u00edsticas principales:<\/h4><ul><li><strong>Disposiciones de asientos flexibles<\/strong> \u2014 En forma de U, sala de juntas o estilo teatro para 6 a 15 invitados.<\/li><li><strong>Televisores inteligentes y proyectores HD<\/strong> con HDMI, duplicaci\u00f3n de pantalla inal\u00e1mbrica (AirPlay, Miracast) y compatibilidad con las principales plataformas de videoconferencia.<\/li><li><strong>Sistemas de audio profesionales<\/strong> con altavoces con cancelaci\u00f3n de ruido y micr\u00f3fonos inal\u00e1mbricos.<\/li><li><strong>Cortinas opacas y control de clima<\/strong> Para un enfoque y comodidad \u00f3ptimos.<\/li><li><strong>Servicio de catering a demanda<\/strong> \u2014 elija entre almuerzos de negocios, pausas para el caf\u00e9 o canap\u00e9s inspirados en Sichuan.<\/li><\/ul><p>Nuestro <strong>coordinador de eventos dedicado<\/strong> est\u00e1 disponible para ayudar con la configuraci\u00f3n, el soporte t\u00e9cnico y la programaci\u00f3n, garantizando que su reuni\u00f3n se desarrolle sin problemas de principio a fin.<\/p><div class=\"py-2 my-3\"><hr \/><\/div><h3>\ud83d\udcbc Capacidades de negocios en la habitaci\u00f3n: Productividad sin interrupciones desde su suite<\/h3><p>Incluso en la comodidad de su habitaci\u00f3n, la experiencia de negocios contin\u00faa. Todas las habitaciones del Hotel Pagoda est\u00e1n dise\u00f1adas pensando en el viajero de negocios:<\/p><ul><li><strong>Escritorios de trabajo espaciosos<\/strong> con sillas ergon\u00f3micas e iluminaci\u00f3n de trabajo.<\/li><li><strong>Tel\u00e9fonos de dos l\u00edneas<\/strong> con correo de voz y capacidades de marcaci\u00f3n internacional.<\/li><li><strong>Televisores de pantalla plana de alta definici\u00f3n<\/strong> con entrada HDMI para presentaciones o streaming.<\/li><li><strong>Wi-Fi seguro y de alta velocidad<\/strong> con opciones de red p\u00fablica y privada para datos confidenciales.<\/li><li><strong>Check-in\/check-out digital y acceso con llave m\u00f3vil<\/strong> a trav\u00e9s de la aplicaci\u00f3n del hotel: minimice las esperas en recepci\u00f3n y maximice su tiempo.<\/li><\/ul><p>Para estancias prolongadas, <strong>suites ejecutivas<\/strong> Ofrecen espacio adicional, un espacio de trabajo separado, acceso prioritario a los servicios comerciales y mayor privacidad.<\/p><div class=\"py-2 my-3\"><hr \/><\/div><h3>\ud83c\udf10 Ubicaci\u00f3n estrat\u00e9gica para negocios y networking<\/h3><p>Situado en <strong>Distrito de Jinjiang<\/strong>, una de las zonas comerciales m\u00e1s din\u00e1micas de Chengdu, el hotel le sit\u00faa a poca distancia de los principales centros comerciales y gubernamentales:<\/p><ul><li><strong>0 metros<\/strong> de <strong>Taikoo Li Chengdu<\/strong> \u2014 hogar de marcas multinacionales, nuevas empresas tecnol\u00f3gicas y minoristas internacionales.<\/li><li><strong>5 minutos<\/strong> a <strong>Distrito financiero central de Chunxi Road<\/strong> \u2014 uno de los distritos financieros y comerciales m\u00e1s concurridos de Chengdu.<\/li><li><strong>10 minutos<\/strong> a <strong>Complejo del Gobierno Provincial de Sichuan<\/strong><\/li><li><strong>15 minutos<\/strong> a <strong>Zona de Desarrollo Industrial de Alta Tecnolog\u00eda de Chengdu (CDHT)<\/strong><\/li><li><strong>20 minutos<\/strong> de <strong>Estaci\u00f3n de tren de Chengdu Este<\/strong> y <strong>Parque de software de Tianfu<\/strong><\/li><\/ul><p>La ubicaci\u00f3n tambi\u00e9n ofrece una excelente conectividad a trav\u00e9s del transporte p\u00fablico, con <strong>Estaci\u00f3n de metro de Chunxi Road (l\u00edneas 2 y 3)<\/strong> A solo 5 minutos a pie, lo que le permitir\u00e1 llegar directamente a centros de conferencias, aeropuertos y distritos financieros.<\/p><div class=\"py-2 my-3\"><hr \/><\/div><h3>\ud83d\udece\ufe0f Servicios de soporte integrales para el profesional moderno<\/h3><p>M\u00e1s all\u00e1 de la infraestructura f\u00edsica, el hotel ofrece <strong>servicios de valor a\u00f1adido<\/strong> que elevan su experiencia empresarial:<\/p><ul><li><strong>Servicios de secretar\u00eda expr\u00e9s<\/strong>Desde la traducci\u00f3n de documentos (ingl\u00e9s, mandar\u00edn, japon\u00e9s) hasta la gesti\u00f3n del correo electr\u00f3nico y la planificaci\u00f3n de itinerarios: podemos ofrecerle asistencia a pedido.<\/li><li><strong>Mensajer\u00eda y correo urgente<\/strong>:Servicios de entrega y recogida de DHL, SF Express y FedEx en la recepci\u00f3n.<\/li><li><strong>Conserje de negocios<\/strong>:Un miembro del personal dedicado a ayudar con las reservas de salas de reuniones, reservas de restaurantes para cenas de clientes, arreglos de transporte y orientaci\u00f3n sobre etiqueta comercial local.<\/li><li><strong>Personal multiling\u00fce<\/strong>:Habla mandar\u00edn, ingl\u00e9s y japon\u00e9s b\u00e1sico con fluidez, lo que garantiza una comunicaci\u00f3n clara para los hu\u00e9spedes internacionales.<\/li><\/ul><p>Para quienes buscan un equilibrio entre trabajo y bienestar, el hotel tambi\u00e9n cuenta con un <strong>gimnasio<\/strong>, <strong>zonas de estar tranquilas<\/strong>, y <strong>restaurante en el lugar<\/strong> Sirviendo energizantes buffets de desayuno con opciones de Sichuan e internacionales, perfectos para comenzar un d\u00eda productivo.<\/p><div class=\"py-2 my-3\"><hr \/><\/div><h3>\ud83c\udfc6 \u00bfPor qu\u00e9 elegir Pagoda Hotel Chengdu Taikoo Li para viajes de negocios?<\/h3><ul><li>\u2705 <strong>Ubicaci\u00f3n privilegiada<\/strong> En el coraz\u00f3n del distrito comercial y de estilo de vida de Jinjiang.<\/li><li>\u2705 <strong>Conectividad confiable y de alta velocidad<\/strong> con sistemas de respaldo<\/li><li>\u2705 <strong>Espacios de reuni\u00f3n profesionales<\/strong> con integraci\u00f3n tecnol\u00f3gica<\/li><li>\u2705 <strong>Acceso 24\/7 a los elementos esenciales del negocio<\/strong><\/li><li>\u2705 <strong>Servicio discreto y eficiente<\/strong> Adaptado a las necesidades corporativas<\/li><li>\u2705 <strong>Combinaci\u00f3n perfecta de comodidad y funcionalidad.<\/strong><\/li><\/ul><p>Ya sea que est\u00e9 cerrando un trato, liderando un equipo o trabajando de forma remota con una vista del horizonte de Chengdu, <strong>Pagoda Hotel Chengdu Taikoo Li<\/strong> Transforma tu estancia en una experiencia de alto rendimiento.<\/p><div class=\"py-2 my-3\"><hr \/><\/div><p><strong>Planifique su estad\u00eda de negocios hoy<\/strong><br \/>\ud83d\udccd <strong>DIRECCI\u00d3N<\/strong>: No.16 Hua Xing East Street, distrito de Jinjiang, Chengdu, Sichuan, China<br \/>\ud83d\udcde <strong>Tel\u00e9fono<\/strong>: \u00a0+86 185 5824 6062<\/p><p>\ud83c\udf10 <strong>Sitio web<\/strong>: <a href=\"https:\/\/www.trip.com\/t\/iWOy8FnSJR2\" target=\"_blank\" rel=\"noopener\">https:\/\/www.trip.com\/t\/iWOy8FnSJR2<\/a><br \/><br \/><\/p><div class=\"my-2\">\u00a0<\/div><p>En <strong>Pagoda Hotel Chengdu Taikoo Li<\/strong>No solo hospedamos a viajeros de negocios, sino que los empoderamos. Porque en el mundo acelerado de hoy, el \u00e9xito no se trata solo de ad\u00f3nde vas, sino del buen apoyo que recibes al llegar.<\/p><div class=\"my-2\">\u00a0<\/div><p data-spm-anchor-id=\"a2ty_o01.29997173.0.i33.6fbec921q4yY4x\">Hotel Agoda #Pengdu, Hotel de Negocios #TaikooLi, Estancia de Negocios #, Hotel del Distrito Jinjiang #, Viajes Ejecutivos, China #, Salas de Reuniones, Chengdu #, Estancia Profesional #, Hotel Inteligente, China #, Instalaciones de Negocios, Chengdu #, Viajes Corporativos, Sichuan<\/p>\t\t\t\t\t\t\t\t<\/div>\n\t\t\t\t\t<\/div>\n\t\t\t\t<\/div>\n\t\t\t\t<\/div>","protected":false},"excerpt":{"rendered":"<p>Our Hotel board room offers a private, elegant meeting space in the heart of New York for groups of 8 to 10 persons. For your comfort and convenience, coffee break packages are available. Capacity 8 &#8211; 10 persions Catering Coffee, Tea Internet Free Wifi LCD TV with HDMI Catering Coffee, Tea Capacity 8 &#8211; 10 [&hellip;]<\/p>\n","protected":false},"author":1,"featured_media":0,"parent":0,"menu_order":0,"comment_status":"closed","ping_status":"closed","template":"elementor_header_footer","meta":{"footnotes":""},"class_list":["post-2109","page","type-page","status-publish","hentry","post-no-thumbnail"],"_links":{"self":[{"href":"https:\/\/pagodahotelchengdu.com\/es\/wp-json\/wp\/v2\/pages\/2109","targetHints":{"allow":["GET"]}}],"collection":[{"href":"https:\/\/pagodahotelchengdu.com\/es\/wp-json\/wp\/v2\/pages"}],"about":[{"href":"https:\/\/pagodahotelchengdu.com\/es\/wp-json\/wp\/v2\/types\/page"}],"author":[{"embeddable":true,"href":"https:\/\/pagodahotelchengdu.com\/es\/wp-json\/wp\/v2\/users\/1"}],"replies":[{"embeddable":true,"href":"https:\/\/pagodahotelchengdu.com\/es\/wp-json\/wp\/v2\/comments?post=2109"}],"version-history":[{"count":0,"href":"https:\/\/pagodahotelchengdu.com\/es\/wp-json\/wp\/v2\/pages\/2109\/revisions"}],"wp:attachment":[{"href":"https:\/\/pagodahotelchengdu.com\/es\/wp-json\/wp\/v2\/media?parent=2109"}],"curies":[{"name":"gracias","href":"https:\/\/api.w.org\/{rel}","templated":true}]}}