{"id":612,"date":"2021-03-26T10:04:13","date_gmt":"2021-03-26T10:04:13","guid":{"rendered":"http:\/\/localhost\/nuss\/?page_id=612"},"modified":"2025-09-04T10:54:38","modified_gmt":"2025-09-04T10:54:38","slug":"restaurante","status":"publish","type":"page","link":"https:\/\/pagodahotelchengdu.com\/es\/restaurante\/","title":{"rendered":"Restaurante"},"content":{"rendered":"<div data-elementor-type=\"wp-page\" data-elementor-id=\"612\" class=\"elementor elementor-612\">\n\t\t\t\t\t\t<section class=\"elementor-section elementor-top-section elementor-element elementor-element-e2effe8 elementor-section-boxed elementor-section-gap-beside-yes elementor-section-height-default elementor-section-height-default elementor-section-column-vertical-align-stretch\" data-id=\"e2effe8\" data-element_type=\"section\" data-e-type=\"section\">\n\t\t\t\t\t\t<div class=\"elementor-container elementor-column-gap-extended\">\n\t\t\t\t\t<div class=\"elementor-column elementor-col-100 elementor-top-column elementor-element elementor-element-e18f688\" data-id=\"e18f688\" data-element_type=\"column\" data-e-type=\"column\">\n\t\t\t<div class=\"elementor-widget-wrap elementor-element-populated\">\n\t\t\t\t\t\t<div class=\"elementor-element elementor-element-6db146d elementor-widget__width-initial elementor-invisible elementor-widget elementor-widget-text-editor\" data-id=\"6db146d\" data-element_type=\"widget\" data-e-type=\"widget\" data-settings=\"{&quot;_animation&quot;:&quot;nussFadeInUp&quot;}\" data-widget_type=\"text-editor.default\">\n\t\t\t\t\t\t\t\t\t<p><strong data-spm-anchor-id=\"a2ty_o01.29997173.0.i57.6fbec921q4yY4x\">Un exquisito viaje culinario en el restaurante del Hotel Pagoda Chengdu Taikoo Li<\/strong><\/p>\t\t\t\t\t\t\t\t<\/div>\n\t\t\t\t\t<\/div>\n\t\t<\/div>\n\t\t\t\t\t<\/div>\n\t\t<\/section>\n\t\t<div class=\"elementor-element elementor-element-05eadeb e-flex e-con-boxed e-con e-parent\" data-id=\"05eadeb\" data-element_type=\"container\" data-e-type=\"container\">\n\t\t\t\t\t<div class=\"e-con-inner\">\n\t\t\t\t<div class=\"elementor-element elementor-element-cb0ecdc elementor-widget elementor-widget-nuss-image-gallery\" data-id=\"cb0ecdc\" data-element_type=\"widget\" data-e-type=\"widget\" data-widget_type=\"nuss-image-gallery.default\">\n\t\t\t\t<div class=\"elementor-widget-container\">\n\t\t\t\t\t\t\t<div class=\"nuss-grid-wrapper\" data-grid=\"{&quot;type&quot;:&quot;grid&quot;,&quot;ratio&quot;:null,&quot;columns&quot;:3,&quot;gutter&quot;:30}\">\r\n\t\t\t<div class=\"nuss-grid lazy-grid\">\r\n\t\t\t\t<div class=\"grid-sizer\"><\/div>\r\n\r\n\t\t\t\t\t\t\t\t\t\t\t\t<div class=\"grid-item\">\r\n\t\t\t\t\t\t<div class=\"nuss-box\">\t\t<div class=\"nuss-image image\">\r\n\t\t\t<img decoding=\"async\"  src=\"https:\/\/pagodahotelchengdu.com\/wp-content\/uploads\/2025\/09\/Pagoda-Hotel-Chengdu-Taikoo-Li-53.webp\" alt=\"Pagoda Hotel Chengdu Taikoo Li (53)\" \/>\t\t<\/div>\r\n\t\t\t\t<\/div>\t\t\t\t\t<\/div>\r\n\t\t\t\t\t\t<div class=\"grid-item\">\r\n\t\t\t\t\t\t<div class=\"nuss-box\">\t\t<div class=\"nuss-image image\">\r\n\t\t\t<img decoding=\"async\"  src=\"https:\/\/pagodahotelchengdu.com\/wp-content\/uploads\/2025\/09\/Pagoda-Hotel-Chengdu-Taikoo-Li-52.webp\" alt=\"Pagoda Hotel Chengdu Taikoo Li (52)\" \/>\t\t<\/div>\r\n\t\t\t\t<\/div>\t\t\t\t\t<\/div>\r\n\t\t\t\t\t\t<div class=\"grid-item\">\r\n\t\t\t\t\t\t<div class=\"nuss-box\">\t\t<div class=\"nuss-image image\">\r\n\t\t\t<img decoding=\"async\"  src=\"https:\/\/pagodahotelchengdu.com\/wp-content\/uploads\/2025\/09\/Pagoda-Hotel-Chengdu-Taikoo-Li-51.webp\" alt=\"Pagoda Hotel Chengdu Taikoo Li (51)\" \/>\t\t<\/div>\r\n\t\t\t\t<\/div>\t\t\t\t\t<\/div>\r\n\t\t\t\t\t\t<div class=\"grid-item\">\r\n\t\t\t\t\t\t<div class=\"nuss-box\">\t\t<div class=\"nuss-image image\">\r\n\t\t\t<img decoding=\"async\"  src=\"https:\/\/pagodahotelchengdu.com\/wp-content\/uploads\/2025\/09\/Pagoda-Hotel-Chengdu-Taikoo-Li-48.webp\" alt=\"Pagoda Hotel Chengdu Taikoo Li (48)\" \/>\t\t<\/div>\r\n\t\t\t\t<\/div>\t\t\t\t\t<\/div>\r\n\t\t\t\t\t\t<div class=\"grid-item\">\r\n\t\t\t\t\t\t<div class=\"nuss-box\">\t\t<div class=\"nuss-image image\">\r\n\t\t\t<img decoding=\"async\"  src=\"https:\/\/pagodahotelchengdu.com\/wp-content\/uploads\/2025\/09\/Pagoda-Hotel-Chengdu-Taikoo-Li-49.webp\" alt=\"Pagoda Hotel Chengdu Taikoo Li (49)\" \/>\t\t<\/div>\r\n\t\t\t\t<\/div>\t\t\t\t\t<\/div>\r\n\t\t\t\t\t\t<div class=\"grid-item\">\r\n\t\t\t\t\t\t<div class=\"nuss-box\">\t\t<div class=\"nuss-image image\">\r\n\t\t\t<img decoding=\"async\"  src=\"https:\/\/pagodahotelchengdu.com\/wp-content\/uploads\/2025\/09\/Pagoda-Hotel-Chengdu-Taikoo-Li-47.webp\" alt=\"Pagoda Hotel Chengdu Taikoo Li (47)\" \/>\t\t<\/div>\r\n\t\t\t\t<\/div>\t\t\t\t\t<\/div>\r\n\t\t\t\t\t\t<div class=\"grid-item\">\r\n\t\t\t\t\t\t<div class=\"nuss-box\">\t\t<div class=\"nuss-image image\">\r\n\t\t\t<img decoding=\"async\"  src=\"https:\/\/pagodahotelchengdu.com\/wp-content\/uploads\/2025\/09\/Pagoda-Hotel-Chengdu-Taikoo-Li-46.webp\" alt=\"Pagoda Hotel Chengdu Taikoo Li (46)\" \/>\t\t<\/div>\r\n\t\t\t\t<\/div>\t\t\t\t\t<\/div>\r\n\t\t\t\t\t\t<div class=\"grid-item\">\r\n\t\t\t\t\t\t<div class=\"nuss-box\">\t\t<div class=\"nuss-image image\">\r\n\t\t\t<img decoding=\"async\"  src=\"https:\/\/pagodahotelchengdu.com\/wp-content\/uploads\/2025\/09\/Pagoda-Hotel-Chengdu-Taikoo-Li-45.webp\" alt=\"Pagoda Hotel Chengdu Taikoo Li (45)\" \/>\t\t<\/div>\r\n\t\t\t\t<\/div>\t\t\t\t\t<\/div>\r\n\t\t\t\t\t\t<div class=\"grid-item\">\r\n\t\t\t\t\t\t<div class=\"nuss-box\">\t\t<div class=\"nuss-image image\">\r\n\t\t\t<img decoding=\"async\"  src=\"https:\/\/pagodahotelchengdu.com\/wp-content\/uploads\/2025\/09\/Pagoda-Hotel-Chengdu-Taikoo-Li-44.webp\" alt=\"Pagoda Hotel Chengdu Taikoo Li (44)\" \/>\t\t<\/div>\r\n\t\t\t\t<\/div>\t\t\t\t\t<\/div>\r\n\t\t\t\t\t\t<div class=\"grid-item\">\r\n\t\t\t\t\t\t<div class=\"nuss-box\">\t\t<div class=\"nuss-image image\">\r\n\t\t\t<img decoding=\"async\"  src=\"https:\/\/pagodahotelchengdu.com\/wp-content\/uploads\/2025\/09\/Pagoda-Hotel-Chengdu-Taikoo-Li-41.webp\" alt=\"Pagoda Hotel Chengdu Taikoo Li (41)\" \/>\t\t<\/div>\r\n\t\t\t\t<\/div>\t\t\t\t\t<\/div>\r\n\t\t\t\t\t\t<div class=\"grid-item\">\r\n\t\t\t\t\t\t<div class=\"nuss-box\">\t\t<div class=\"nuss-image image\">\r\n\t\t\t<img decoding=\"async\"  src=\"https:\/\/pagodahotelchengdu.com\/wp-content\/uploads\/2025\/09\/Pagoda-Hotel-Chengdu-Taikoo-Li-42.webp\" alt=\"Pagoda Hotel Chengdu Taikoo Li (42)\" \/>\t\t<\/div>\r\n\t\t\t\t<\/div>\t\t\t\t\t<\/div>\r\n\t\t\t\t\t\t<div class=\"grid-item\">\r\n\t\t\t\t\t\t<div class=\"nuss-box\">\t\t<div class=\"nuss-image image\">\r\n\t\t\t<img decoding=\"async\"  src=\"https:\/\/pagodahotelchengdu.com\/wp-content\/uploads\/2025\/09\/Pagoda-Hotel-Chengdu-Taikoo-Li-40.webp\" alt=\"Pagoda Hotel Chengdu Taikoo Li (40)\" \/>\t\t<\/div>\r\n\t\t\t\t<\/div>\t\t\t\t\t<\/div>\r\n\t\t\t\t\t\t\t\r\n\t\t\t<\/div>\r\n\t\t<\/div>\r\n\t\t\t\t\t\t<\/div>\n\t\t\t\t<\/div>\n\t\t\t\t\t<\/div>\n\t\t\t\t<\/div>\n\t\t<div class=\"elementor-element elementor-element-3f96813 e-flex e-con-boxed e-con e-parent\" data-id=\"3f96813\" data-element_type=\"container\" data-e-type=\"container\">\n\t\t\t\t\t<div class=\"e-con-inner\">\n\t\t\t\t<div class=\"elementor-element elementor-element-4ab724b elementor-widget elementor-widget-text-editor\" data-id=\"4ab724b\" data-element_type=\"widget\" data-e-type=\"widget\" data-widget_type=\"text-editor.default\">\n\t\t\t\t\t\t\t\t\t<p data-spm-anchor-id=\"a2ty_o01.29997173.0.i58.6fbec921q4yY4x\">Ubicado en el vibrante coraz\u00f3n de <strong>Distrito de Jinjiang<\/strong>, <strong>El restaurante del hotel Pagoda Hotel Chengdu Taikoo Li<\/strong> ofrece m\u00e1s que solo una comida: te invita a una refinada aventura gastron\u00f3mica que celebra los sabores audaces, arom\u00e1ticos y profundamente complejos de <strong>aut\u00e9ntica cocina de Sichuan<\/strong>, todo en un entorno elegante y sereno. Ubicado en <strong>No.16 Hua Xing East Street, Chengdu, Sichuan, China<\/strong>, a solo unos pasos del mundialmente famoso <strong>Taikoo Li<\/strong> Distrito comercial y cultural, nuestro restaurante es el destino perfecto para hu\u00e9spedes y visitantes que buscan una mezcla armoniosa de <strong>Patrimonio local, presentaci\u00f3n moderna y comodidad sofisticada<\/strong>.<\/p><p>Ya sea que comience el d\u00eda con un desayuno nutritivo, se relaje despu\u00e9s de un d\u00eda explorando Kuanzhai Alley o reciba a un socio comercial para una conversaci\u00f3n significativa, nuestra experiencia culinaria est\u00e1 dise\u00f1ada para deleitar los sentidos y honrar el rico legado culinario de Chengdu, un <strong>Ciudad de la Gastronom\u00eda de la UNESCO<\/strong>.<\/p><div class=\"py-2 my-3\"><hr \/><\/div><h3>\ud83c\udf5c Una celebraci\u00f3n de los aut\u00e9nticos sabores de Sichuan<\/h3><p>En el coraz\u00f3n de nuestro men\u00fa hay un profundo respeto por <strong>Las legendarias tradiciones culinarias de Sichuan<\/strong> \u2014donde el calor abrasador del chile se encuentra con el hormigueo y entumecimiento de la pimienta de Sichuan en una sinfon\u00eda de <em>mal\u00e1<\/em> Perfecci\u00f3n (que entumece y especia). Nuestros chefs, formados en t\u00e9cnicas ancestrales e inspirados por los bulliciosos mercados de Chengdu, elaboran platos que son a la vez... <strong>Audaz en sabor y equilibrado en armon\u00eda.<\/strong>.<\/p><h4>Platos de autor que no te puedes perder:<\/h4><ul><li><strong>Tofu mapo<\/strong>:Tofu sedoso en una salsa burbujeante y arom\u00e1tica con carne de cerdo picada y frijoles negros fermentados: un plato tan ic\u00f3nico que se considera el alma de la cocina de Sichuan.<\/li><li><strong>Fideos Dan Dan<\/strong>:Un cl\u00e1sico de la comida callejera de Chengdu, con fideos finos cubiertos con carne de cerdo picada picante, verduras encurtidas y un aderezo arom\u00e1tico de aceite de chile.<\/li><li><strong>Olla caliente de Sichuan (\u00c0i Hu\u01d2gu\u014d)<\/strong>Si bien no ofrecemos una experiencia completa de olla caliente en el restaurante, nuestro men\u00fa incluye platos inspirados en ollas calientes y guisos de temporada que capturan la esencia de este favorito comunitario.<\/li><li><strong>Cerdo dos veces cocido (Hu\u00ed Gu\u014d R\u00f2u)<\/strong>:Rebanadas tiernas de panceta de cerdo estofadas y luego salteadas con puerros y frijoles fermentados para una delicia ahumada y sabrosa.<\/li><\/ul><p>Cada plato est\u00e1 preparado con <strong>ingredientes frescos de temporada<\/strong>, muchos de ellos procedentes de granjas y mercados locales, lo que garantiza un sabor \u00f3ptimo y apoya a la comunidad regional.<\/p><div class=\"py-2 my-3\"><hr \/><\/div><h3>\ud83c\udf3f Un men\u00fa para cada paladar<\/h3><p>Entendiendo las diversas necesidades de nuestros hu\u00e9spedes nacionales e internacionales, ofrecemos una <strong>Men\u00fa cuidadosamente seleccionado<\/strong> que va m\u00e1s all\u00e1 de las especias para abrazar la variedad y la inclusi\u00f3n.<\/p><ul><li><strong>Opciones vegetarianas y veganas<\/strong>Desde verduras de temporada salteadas hasta especialidades a base de tofu, nuestra cocina se complace en adaptarse a las dietas basadas en plantas.<\/li><li><strong>Platos sin gluten<\/strong>Ofrecemos varias opciones sin gluten y podemos modificar los platos bajo petici\u00f3n.<\/li><li><strong>Favoritos internacionales<\/strong>Para aquellos que buscan un descanso del picante, disfrute de cl\u00e1sicos occidentales como huevos revueltos, tocino y fruta fresca en el desayuno, o prote\u00ednas a la parrilla y pasta para el almuerzo y la cena.<\/li><li><strong>Desayuno buffet<\/strong>:Empieza el d\u00eda con un generoso buffet que incluye tanto <strong>Selecciones chinas y occidentales<\/strong> \u2014 gachas humeantes, baozi, verduras encurtidas, adem\u00e1s de yogur, pan y caf\u00e9 de primera calidad.<\/li><\/ul><p>Nuestro equipo culinario se dedica a garantizar que cada hu\u00e9sped, ya sea un entusiasta de las especias o un reci\u00e9n llegado cauteloso, encuentre algo delicioso para saborear.<\/p><div class=\"py-2 my-3\"><hr \/><\/div><h3>\ud83c\udf7d\ufe0f Un ambiente de elegancia refinada<\/h3><p>El dise\u00f1o del restaurante refleja la misma filosof\u00eda que el hotel: <strong>Sofisticaci\u00f3n moderna con alma de tradici\u00f3n<\/strong>Con una iluminaci\u00f3n suave, detalles en madera natural y grandes ventanales que dejan entrar la luz natural, el espacio es a la vez <strong>atractivo y vers\u00e1til<\/strong>.<\/p><ul><li><strong>Ma\u00f1ana<\/strong>Comience el d\u00eda en un ambiente luminoso y aireado con una taza de t\u00e9 o caf\u00e9 caliente y un plato de dim sum reci\u00e9n hecho.<\/li><li><strong>Almuerzo<\/strong>Disfrute de una comida de negocios r\u00e1pida pero satisfactoria con nuestros conjuntos de almuerzo ejecutivo.<\/li><li><strong>Cena<\/strong>Disfrute de una velada relajada con una excelente cena, donde los sutiles aromas de las especias de Sichuan llenan el aire y el ambiente fomenta la conversaci\u00f3n.<\/li><li><strong>Bebidas por la noche<\/strong>Rel\u00e1jese con una copa de vino, un t\u00e9 local o un c\u00f3ctel exclusivo de nuestro men\u00fa de bebidas, servido en la tranquila elegancia del sal\u00f3n comedor.<\/li><\/ul><p>El restaurante tambi\u00e9n es <strong>hacer p\u00fablicos<\/strong>, lo que lo convierte en una opci\u00f3n confiable para los lugare\u00f1os que organizan reuniones, parejas en una cita nocturna o visitantes que exploran la escena culinaria de Chengdu m\u00e1s all\u00e1 de las calles.<\/p><div class=\"py-2 my-3\"><hr \/><\/div><h3>\ud83d\udccd Una ubicaci\u00f3n privilegiada para los amantes de la gastronom\u00eda<\/h3><p>Situado en el coraz\u00f3n de <strong>Distrito de Jinjiang<\/strong>Nuestro restaurante est\u00e1 a pocos pasos de algunos de los destinos m\u00e1s emblem\u00e1ticos de Chengdu:<\/p><ul><li><strong>Taikoo Li (0 metros)<\/strong>:Uno de los distritos de estilo de vida m\u00e1s famosos de Asia, hogar de marcas de lujo, galer\u00edas de arte y restaurantes gourmet.<\/li><li><strong>Callej\u00f3n Kuanzhai (Callejones anchos y estrechos)<\/strong>:Un paseo de 10 minutos para explorar los callejones restaurados de la dinast\u00eda Qing y probar la comida callejera local.<\/li><li><strong>Carretera Chunxi<\/strong>:A solo 5 minutos: la calle comercial m\u00e1s famosa de Chengdu.<\/li><li><strong>Templo de Daci<\/strong>:Un tranquilo templo budista del siglo XV rodeado de caf\u00e9s y boutiques de moda.<\/li><\/ul><p>Esto hace que <strong>El restaurante del Hotel Pagoda Chengdu Taikoo Li<\/strong> Una parada ideal para:<\/p><ul><li><strong>Viajeros de negocios<\/strong> Necesitando un espacio de comedor confiable y profesional.<\/li><li><strong>turistas<\/strong> Buscando comida aut\u00e9ntica de Sichuan en un ambiente limpio y c\u00f3modo.<\/li><li><strong>Invitados locales<\/strong> Buscando una comida tranquila y de alta calidad sin el caos de los puestos callejeros abarrotados<\/li><\/ul><div class=\"py-2 my-3\"><hr \/><\/div><h3>\u2615 Servicio considerado y pr\u00e1cticas sostenibles<\/h3><p>En el coraz\u00f3n de nuestro restaurante hay un equipo de <strong>profesionales dedicados a la cocina y al servicio<\/strong> Quienes creen que la buena comida es solo una parte de la experiencia. Desde la c\u00e1lida bienvenida en la puerta hasta el servicio atento pero discreto, cada interacci\u00f3n est\u00e1 dise\u00f1ada para hacerle sentir... <strong>valorado y a gusto<\/strong>.<\/p><p>Tambi\u00e9n priorizamos <strong>sostenibilidad y calidad<\/strong>:<\/p><ul><li>Los ingredientes proceden de <strong>granjas y mercados locales<\/strong> para garantizar la frescura y apoyar la econom\u00eda regional.<\/li><li>Nosotros usamos <strong>embalaje ecol\u00f3gico<\/strong> para pedidos para llevar.<\/li><li>Nuestras pr\u00e1cticas en la cocina <strong>gesti\u00f3n responsable de residuos<\/strong> y eficiencia energ\u00e9tica.<\/li><\/ul><p>Este compromiso con <strong>hospitalidad \u00e9tica<\/strong> garantiza que su comida no s\u00f3lo tenga buen sabor, sino que tambi\u00e9n se sienta bien.<\/p><div class=\"py-2 my-3\"><hr \/><\/div><h3>\ud83e\udd62 M\u00e1s que una comida: una muestra del esp\u00edritu de Chengdu<\/h3><p>En una ciudad donde la comida es vida, <strong>El restaurante del Hotel Pagoda Chengdu Taikoo Li<\/strong> Es un homenaje al alma culinaria de Chengdu: ardiente, acogedora e infinitamente deliciosa. No solo servimos comida; compartimos cultura, comodidad y conexi\u00f3n, plato a plato.<\/p><p>Ya sea que se hospede con nosotros o simplemente est\u00e9 de paso, lo invitamos a acercar una silla, tomar una taza de t\u00e9 de jazm\u00edn y dejar que los sabores de Sichuan calienten su esp\u00edritu.<\/p><div class=\"py-2 my-3\"><hr \/><\/div><p data-spm-anchor-id=\"a2ty_o01.29997173.0.i59.6fbec921q4yY4x\"><strong>Cene con nosotros hoy<\/strong><br \/>\ud83d\udccd <strong>Ubicaci\u00f3n<\/strong>: No.16 Hua Xing East Street, distrito de Jinjiang, Chengdu, Sichuan, China<br \/>\ud83d\udd52 <strong>Horas<\/strong>: Abierto todos los d\u00edas desde <strong>7:00 a. m. a 10:00 p. m.<\/strong> (Desayuno, Almuerzo, Cena)<br \/>\ud83d\udcde <strong>Ll\u00e1manos<\/strong>: +86 185 5824 6062<br \/>\ud83c\udf7d\ufe0f <strong>Se recomienda hacer reservaciones<\/strong>:Disponible para hu\u00e9spedes del hotel y sin cita previa.<\/p><p>#PagodaHotelChengdu #CengduRestaurante #SichuanCocina #HotelComidaChengdu #BestRestauranteJinjiang #MapoTofuChengdu #BegociosAlmuerzoChengdu #VegetarianoSichuan #ChengduComidaExperiencia #SostenibleCenas #SaboresLocalesChengdu #CelebrarChengdu<\/p><div class=\"py-2 my-3\"><hr \/><\/div><p data-spm-anchor-id=\"a2ty_o01.29997173.0.i60.6fbec921q4yY4x\"><strong>En Pagoda Hotel Chengdu Taikoo Li, cada comida es una celebraci\u00f3n del sabor, el lugar y el prop\u00f3sito.<\/strong><\/p>\t\t\t\t\t\t\t\t<\/div>\n\t\t\t\t\t<\/div>\n\t\t\t\t<\/div>\n\t\t\t\t<section class=\"elementor-section elementor-top-section elementor-element elementor-element-7cd0da2d elementor-section-stretched elementor-section-boxed elementor-section-gap-beside-yes elementor-section-height-default elementor-section-height-default elementor-section-column-vertical-align-stretch\" data-id=\"7cd0da2d\" data-element_type=\"section\" data-e-type=\"section\" data-settings=\"{&quot;background_background&quot;:&quot;classic&quot;,&quot;stretch_section&quot;:&quot;section-stretched&quot;}\">\n\t\t\t\t\t\t<div class=\"elementor-container elementor-column-gap-extended\">\n\t\t\t\t\t<div class=\"elementor-column elementor-col-100 elementor-top-column elementor-element elementor-element-7904f509\" data-id=\"7904f509\" data-element_type=\"column\" data-e-type=\"column\">\n\t\t\t<div class=\"elementor-widget-wrap elementor-element-populated\">\n\t\t\t\t\t\t<div class=\"elementor-element elementor-element-2eb19947 elementor-widget elementor-widget-heading\" data-id=\"2eb19947\" data-element_type=\"widget\" data-e-type=\"widget\" data-widget_type=\"heading.default\">\n\t\t\t\t\t<h2 class=\"elementor-heading-title elementor-size-default\">Consultar disponibilidad <\/h2>\t\t\t\t<\/div>\n\t\t\t\t<div class=\"elementor-element elementor-element-36d2e784 elementor-widget elementor-widget-text-editor\" data-id=\"36d2e784\" data-element_type=\"widget\" data-e-type=\"widget\" data-widget_type=\"text-editor.default\">\n\t\t\t\t\t\t\t\t\t<iframe border=\"0\" src=\"https:\/\/www.trip.com\/partners\/ad\/S5194877?Allianceid=4590391&#038;SID=255941827&#038;trip_sub1=\" style=\"width:1200px;height:200px\" frameborder=\"0\" scrolling=\"no\" id=\"S5194877\"><\/iframe>\t\t\t\t\t\t\t\t<\/div>\n\t\t\t\t\t<\/div>\n\t\t<\/div>\n\t\t\t\t\t<\/div>\n\t\t<\/section>\n\t\t\t\t<\/div>","protected":false},"excerpt":{"rendered":"<p>Feeling healthy and well is not a luxury but an absolute necessity. Heal both your soul and body with our miraculous treatments and return home as a new person, calm and refreshed. Opening Dates Monday &#8211; Sunday Opening Hours 06:00 am &#8211; 22:30 pm Price Range $50 &#8211; $450 Book A Table Or calll us: [&hellip;]<\/p>\n","protected":false},"author":1,"featured_media":0,"parent":0,"menu_order":0,"comment_status":"closed","ping_status":"closed","template":"","meta":{"footnotes":""},"class_list":["post-612","page","type-page","status-publish","hentry","post-no-thumbnail"],"_links":{"self":[{"href":"https:\/\/pagodahotelchengdu.com\/es\/wp-json\/wp\/v2\/pages\/612","targetHints":{"allow":["GET"]}}],"collection":[{"href":"https:\/\/pagodahotelchengdu.com\/es\/wp-json\/wp\/v2\/pages"}],"about":[{"href":"https:\/\/pagodahotelchengdu.com\/es\/wp-json\/wp\/v2\/types\/page"}],"author":[{"embeddable":true,"href":"https:\/\/pagodahotelchengdu.com\/es\/wp-json\/wp\/v2\/users\/1"}],"replies":[{"embeddable":true,"href":"https:\/\/pagodahotelchengdu.com\/es\/wp-json\/wp\/v2\/comments?post=612"}],"version-history":[{"count":0,"href":"https:\/\/pagodahotelchengdu.com\/es\/wp-json\/wp\/v2\/pages\/612\/revisions"}],"wp:attachment":[{"href":"https:\/\/pagodahotelchengdu.com\/es\/wp-json\/wp\/v2\/media?parent=612"}],"curies":[{"name":"gracias","href":"https:\/\/api.w.org\/{rel}","templated":true}]}}