{"id":647,"date":"2021-03-29T02:13:52","date_gmt":"2021-03-29T02:13:52","guid":{"rendered":"http:\/\/localhost\/nuss\/?page_id=647"},"modified":"2025-09-04T13:22:57","modified_gmt":"2025-09-04T13:22:57","slug":"servicios","status":"publish","type":"page","link":"https:\/\/pagodahotelchengdu.com\/es\/servicios\/","title":{"rendered":"Servicios"},"content":{"rendered":"<div data-elementor-type=\"wp-page\" data-elementor-id=\"647\" class=\"elementor elementor-647\">\n\t\t\t\t\t\t<section class=\"elementor-section elementor-top-section elementor-element elementor-element-3353bc8 elementor-section-boxed elementor-section-gap-beside-yes elementor-section-height-default elementor-section-height-default elementor-section-column-vertical-align-stretch\" data-id=\"3353bc8\" data-element_type=\"section\" data-e-type=\"section\">\n\t\t\t\t\t\t<div class=\"elementor-container elementor-column-gap-extended\">\n\t\t\t\t\t<div class=\"elementor-column elementor-col-100 elementor-top-column elementor-element elementor-element-0a2bc64\" data-id=\"0a2bc64\" data-element_type=\"column\" data-e-type=\"column\">\n\t\t\t<div class=\"elementor-widget-wrap elementor-element-populated\">\n\t\t\t\t\t\t<div class=\"elementor-element elementor-element-447e3ef elementor-widget__width-initial elementor-invisible elementor-widget elementor-widget-text-editor\" data-id=\"447e3ef\" data-element_type=\"widget\" data-e-type=\"widget\" data-settings=\"{&quot;_animation&quot;:&quot;nussFadeInUp&quot;}\" data-widget_type=\"text-editor.default\">\n\t\t\t\t\t\t\t\t\t<p><strong data-spm-anchor-id=\"a2ty_o01.29997173.0.i63.6fbec921q4yY4x\">Los servicios integrales del Pagoda Hotel Chengdu Taikoo Li<\/strong><\/p>\t\t\t\t\t\t\t\t<\/div>\n\t\t\t\t\t<\/div>\n\t\t<\/div>\n\t\t\t\t\t<\/div>\n\t\t<\/section>\n\t\t<div class=\"elementor-element elementor-element-01bff08 e-flex e-con-boxed e-con e-parent\" data-id=\"01bff08\" data-element_type=\"container\" data-e-type=\"container\">\n\t\t\t\t\t<div class=\"e-con-inner\">\n\t\t\t\t<div class=\"elementor-element elementor-element-3e3b0d2 elementor-widget elementor-widget-nuss-image-gallery\" data-id=\"3e3b0d2\" data-element_type=\"widget\" data-e-type=\"widget\" data-widget_type=\"nuss-image-gallery.default\">\n\t\t\t\t<div class=\"elementor-widget-container\">\n\t\t\t\t\t\t\t<div class=\"nuss-grid-wrapper\" data-grid=\"{&quot;type&quot;:&quot;grid&quot;,&quot;ratio&quot;:null,&quot;columns&quot;:3,&quot;gutter&quot;:30}\">\r\n\t\t\t<div class=\"nuss-grid lazy-grid\">\r\n\t\t\t\t<div class=\"grid-sizer\"><\/div>\r\n\r\n\t\t\t\t\t\t\t\t\t\t\t\t<div class=\"grid-item\">\r\n\t\t\t\t\t\t<div class=\"nuss-box\">\t\t<div class=\"nuss-image image\">\r\n\t\t\t<img decoding=\"async\"  src=\"https:\/\/pagodahotelchengdu.com\/wp-content\/uploads\/2025\/09\/Pagoda-Hotel-Chengdu-Taikoo-Li-14.webp\" alt=\"Pagoda Hotel Chengdu Taikoo Li (14)\" \/>\t\t<\/div>\r\n\t\t\t\t<\/div>\t\t\t\t\t<\/div>\r\n\t\t\t\t\t\t<div class=\"grid-item\">\r\n\t\t\t\t\t\t<div class=\"nuss-box\">\t\t<div class=\"nuss-image image\">\r\n\t\t\t<img decoding=\"async\"  src=\"https:\/\/pagodahotelchengdu.com\/wp-content\/uploads\/2025\/09\/Pagoda-Hotel-Chengdu-Taikoo-Li-15.webp\" alt=\"Pagoda Hotel Chengdu Taikoo Li (15)\" \/>\t\t<\/div>\r\n\t\t\t\t<\/div>\t\t\t\t\t<\/div>\r\n\t\t\t\t\t\t<div class=\"grid-item\">\r\n\t\t\t\t\t\t<div class=\"nuss-box\">\t\t<div class=\"nuss-image image\">\r\n\t\t\t<img decoding=\"async\"  src=\"https:\/\/pagodahotelchengdu.com\/wp-content\/uploads\/2025\/09\/Pagoda-Hotel-Chengdu-Taikoo-Li-13.webp\" alt=\"Pagoda Hotel Chengdu Taikoo Li (13)\" \/>\t\t<\/div>\r\n\t\t\t\t<\/div>\t\t\t\t\t<\/div>\r\n\t\t\t\t\t\t<div class=\"grid-item\">\r\n\t\t\t\t\t\t<div class=\"nuss-box\">\t\t<div class=\"nuss-image image\">\r\n\t\t\t<img decoding=\"async\"  src=\"https:\/\/pagodahotelchengdu.com\/wp-content\/uploads\/2025\/09\/Pagoda-Hotel-Chengdu-Taikoo-Li-9.webp\" alt=\"Pagoda Hotel Chengdu Taikoo Li (9)\" \/>\t\t<\/div>\r\n\t\t\t\t<\/div>\t\t\t\t\t<\/div>\r\n\t\t\t\t\t\t<div class=\"grid-item\">\r\n\t\t\t\t\t\t<div class=\"nuss-box\">\t\t<div class=\"nuss-image image\">\r\n\t\t\t<img decoding=\"async\"  src=\"https:\/\/pagodahotelchengdu.com\/wp-content\/uploads\/2025\/09\/Pagoda-Hotel-Chengdu-Taikoo-Li-5.webp\" alt=\"Pagoda Hotel Chengdu Taikoo Li (5)\" \/>\t\t<\/div>\r\n\t\t\t\t<\/div>\t\t\t\t\t<\/div>\r\n\t\t\t\t\t\t<div class=\"grid-item\">\r\n\t\t\t\t\t\t<div class=\"nuss-box\">\t\t<div class=\"nuss-image image\">\r\n\t\t\t<img decoding=\"async\"  src=\"https:\/\/pagodahotelchengdu.com\/wp-content\/uploads\/2025\/09\/Pagoda-Hotel-Chengdu-Taikoo-Li-19.webp\" alt=\"Pagoda Hotel Chengdu Taikoo Li (19)\" \/>\t\t<\/div>\r\n\t\t\t\t<\/div>\t\t\t\t\t<\/div>\r\n\t\t\t\t\t\t<div class=\"grid-item\">\r\n\t\t\t\t\t\t<div class=\"nuss-box\">\t\t<div class=\"nuss-image image\">\r\n\t\t\t<img decoding=\"async\"  src=\"https:\/\/pagodahotelchengdu.com\/wp-content\/uploads\/2025\/09\/Pagoda-Hotel-Chengdu-Taikoo-Li-18.webp\" alt=\"Pagoda Hotel Chengdu Taikoo Li (18)\" \/>\t\t<\/div>\r\n\t\t\t\t<\/div>\t\t\t\t\t<\/div>\r\n\t\t\t\t\t\t<div class=\"grid-item\">\r\n\t\t\t\t\t\t<div class=\"nuss-box\">\t\t<div class=\"nuss-image image\">\r\n\t\t\t<img decoding=\"async\"  src=\"https:\/\/pagodahotelchengdu.com\/wp-content\/uploads\/2025\/09\/Pagoda-Hotel-Chengdu-Taikoo-Li-36.webp\" alt=\"Pagoda Hotel Chengdu Taikoo Li (36)\" \/>\t\t<\/div>\r\n\t\t\t\t<\/div>\t\t\t\t\t<\/div>\r\n\t\t\t\t\t\t<div class=\"grid-item\">\r\n\t\t\t\t\t\t<div class=\"nuss-box\">\t\t<div class=\"nuss-image image\">\r\n\t\t\t<img decoding=\"async\"  src=\"https:\/\/pagodahotelchengdu.com\/wp-content\/uploads\/2025\/09\/Pagoda-Hotel-Chengdu-Taikoo-Li-42.webp\" alt=\"Pagoda Hotel Chengdu Taikoo Li (42)\" \/>\t\t<\/div>\r\n\t\t\t\t<\/div>\t\t\t\t\t<\/div>\r\n\t\t\t\t\t\t<div class=\"grid-item\">\r\n\t\t\t\t\t\t<div class=\"nuss-box\">\t\t<div class=\"nuss-image image\">\r\n\t\t\t<img decoding=\"async\"  src=\"https:\/\/pagodahotelchengdu.com\/wp-content\/uploads\/2025\/09\/Pagoda-Hotel-Chengdu-Taikoo-Li-2.webp\" alt=\"Pagoda Hotel Chengdu Taikoo Li (2)\" \/>\t\t<\/div>\r\n\t\t\t\t<\/div>\t\t\t\t\t<\/div>\r\n\t\t\t\t\t\t<div class=\"grid-item\">\r\n\t\t\t\t\t\t<div class=\"nuss-box\">\t\t<div class=\"nuss-image image\">\r\n\t\t\t<img decoding=\"async\"  src=\"https:\/\/pagodahotelchengdu.com\/wp-content\/uploads\/2025\/09\/Pagoda-Hotel-Chengdu-Taikoo-Li-55.webp\" alt=\"Pagoda Hotel Chengdu Taikoo Li (55)\" \/>\t\t<\/div>\r\n\t\t\t\t<\/div>\t\t\t\t\t<\/div>\r\n\t\t\t\t\t\t<div class=\"grid-item\">\r\n\t\t\t\t\t\t<div class=\"nuss-box\">\t\t<div class=\"nuss-image image\">\r\n\t\t\t<img decoding=\"async\"  src=\"https:\/\/pagodahotelchengdu.com\/wp-content\/uploads\/2025\/09\/Pagoda-Hotel-Chengdu-Taikoo-Li-3.webp\" alt=\"Pagoda Hotel Chengdu Taikoo Li (3)\" \/>\t\t<\/div>\r\n\t\t\t\t<\/div>\t\t\t\t\t<\/div>\r\n\t\t\t\t\t\t\t\r\n\t\t\t<\/div>\r\n\t\t<\/div>\r\n\t\t\t\t\t\t<\/div>\n\t\t\t\t<\/div>\n\t\t\t\t\t<\/div>\n\t\t\t\t<\/div>\n\t\t<div class=\"elementor-element elementor-element-3eca558 e-flex e-con-boxed e-con e-parent\" data-id=\"3eca558\" data-element_type=\"container\" data-e-type=\"container\">\n\t\t\t\t\t<div class=\"e-con-inner\">\n\t\t\t\t<div class=\"elementor-element elementor-element-8e65983 elementor-widget elementor-widget-text-editor\" data-id=\"8e65983\" data-element_type=\"widget\" data-e-type=\"widget\" data-widget_type=\"text-editor.default\">\n\t\t\t\t\t\t\t\t\t<p data-spm-anchor-id=\"a2ty_o01.29997173.0.i64.6fbec921q4yY4x\">En <strong>Pagoda Hotel Chengdu Taikoo Li<\/strong>, ubicado en <strong>No.16 Hua Xing East Street, distrito de Jinjiang, Chengdu, Sichuan, China<\/strong>El servicio no es solo una funci\u00f3n, sino la base misma de la experiencia del hu\u00e9sped. Desde su llegada hasta su partida, cada interacci\u00f3n, servicio y oferta est\u00e1 meticulosamente dise\u00f1ada para brindar... <strong>Hospitalidad impecable, atenta y personalizada<\/strong> que se anticipa a sus necesidades y supera sus expectativas.<\/p><p>Situado en uno de los barrios m\u00e1s prestigiosos y din\u00e1micos de Chengdu, a solo unos pasos del mundialmente famoso... <strong>Taikoo Li (Taikoo Li Chino-Oc\u00e9ano)<\/strong> distrito comercial y cultural: nuestro hotel es m\u00e1s que un refugio de lujo. Es un <strong>santuario moderno<\/strong> Donde la elegancia del dise\u00f1o contempor\u00e1neo se fusiona con la calidez de la aut\u00e9ntica hospitalidad sichuan. Ya sea que se encuentre en la ciudad para una importante reuni\u00f3n de negocios, una exploraci\u00f3n cultural o una escapada de placer, nuestro completo conjunto de servicios garantiza que su estancia sea eficiente, c\u00f3moda y verdaderamente memorable.<\/p><div class=\"py-2 my-3\"><hr \/><\/div><h3>\ud83d\udece\ufe0f <strong>Recepci\u00f3n 24\/7 y conserjer\u00eda multiling\u00fce: su puerta de entrada personal a Chengdu<\/strong><\/h3><p>Nuestro <strong>recepci\u00f3n las 24 horas<\/strong> Est\u00e1 compuesto por un equipo profesional y multiling\u00fce que habla con fluidez <strong>Mandar\u00edn, ingl\u00e9s y japon\u00e9s b\u00e1sico.<\/strong>Garantizamos una comunicaci\u00f3n fluida para los hu\u00e9spedes internacionales. Desde el check-in hasta el check-out, nuestro personal brinda un servicio r\u00e1pido, cort\u00e9s y personalizado, reflejando la reconocida calidez y hospitalidad de Chengdu.<\/p><p>El <strong>servicio de conserjer\u00eda dedicado<\/strong> Va mucho m\u00e1s all\u00e1 de la asistencia b\u00e1sica. \u00bfNecesitas una reserva en un restaurante de Sichuan recomendado por Michelin? \u00bfBuscas entradas para un... <strong>Espect\u00e1culo que cambia el rostro de la \u00d3pera de Sichuan<\/strong>\u00bfQuieres organizar un tour privado a la <strong>Base de investigaci\u00f3n de cr\u00eda de pandas gigantes de Chengdu<\/strong> o una excursi\u00f3n de un d\u00eda a <strong>Buda gigante de Leshan<\/strong>Nuestro conserje es su gu\u00eda local de confianza, que le ofrece <strong>Recomendaciones personalizadas y acuerdos sin interrupciones<\/strong> Para comer, hacer turismo, transporte y experiencias culturales.<\/p><p>Tambi\u00e9n ofrecemos:<\/p><ul><li><strong>Check-in\/check-out expr\u00e9s<\/strong> Para hu\u00e9spedes que regresan y viajeros corporativos<\/li><li><strong>Consigna de equipaje gratuita<\/strong> antes del check-in y despu\u00e9s del check-out<\/li><li><strong>Servicios postales y de mensajer\u00eda<\/strong> (SF Express, DHL y correo local)<\/li><li><strong>Asistencia para objetos perdidos<\/strong> y soporte para documentaci\u00f3n de viaje<\/li><li><strong>Informaci\u00f3n local y mapas<\/strong> Para ayudarte a navegar por la ciudad como un local.<\/li><\/ul><div class=\"py-2 my-3\"><hr \/><\/div><h3>\ud83c\udf10 <strong>Conectividad y servicios empresariales: Impulsando su vida profesional<\/strong><\/h3><p>Entendiendo las demandas del viajero global de hoy, <strong>Pagoda Hotel Chengdu Taikoo Li<\/strong> ofrece un conjunto s\u00f3lido de <strong>servicios empresariales y de conectividad<\/strong> que garantizan que usted se mantenga productivo, conectado y preparado, sin importar su zona horaria.<\/p><h4>\u2705 <strong>Centro de negocios abierto las 24 horas<\/strong><\/h4><p>Abierto las 24 horas, nuestro <strong>centro de negocios totalmente equipado<\/strong> caracter\u00edsticas:<\/p><ul><li>Wi-Fi de alta velocidad y nivel empresarial con conectividad de doble banda<\/li><li>Estaciones de trabajo ergon\u00f3micas con divisiones de privacidad<\/li><li>Impresoras, esc\u00e1neres y fotocopiadoras multifunci\u00f3n (compatibles con impresi\u00f3n USB, en la nube y m\u00f3vil)<\/li><li>Tomas de corriente internacionales y puertos de carga USB<\/li><li>Kits de papeler\u00eda y blocs de notas de cortes\u00eda<\/li><\/ul><p>Ideal para presentaciones de \u00faltimo momento, correos electr\u00f3nicos urgentes o sesiones de trabajo tranquilas, este espacio es un refugio para profesionales.<\/p><h4>\u2705 <strong>Salas de reuniones y conferencias privadas<\/strong><\/h4><p>Para reuniones formales, presentaciones a clientes o reuniones de equipo, ofrecemos <strong>Salas de reuniones elegantes e insonorizadas<\/strong> Con capacidad para 6 a 15 hu\u00e9spedes. Cada habitaci\u00f3n est\u00e1 equipada con:<\/p><ul><li>Televisores inteligentes y proyectores HD con HDMI y duplicaci\u00f3n de pantalla inal\u00e1mbrica (AirPlay, Miracast)<\/li><li>Sistemas de audio profesionales con micr\u00f3fonos inal\u00e1mbricos y altavoces con cancelaci\u00f3n de ruido.<\/li><li>Internet de alta velocidad y capacidades de videoconferencia (Zoom, Microsoft Teams, Google Meet)<\/li><li>Disposiciones de asientos flexibles (en forma de U, sala de juntas, estilo teatro)<\/li><li>Catering a pedido con canap\u00e9s inspirados en Sichuan, servicio de t\u00e9 o men\u00fas para almuerzos de negocios.<\/li><\/ul><p>Nuestro <strong>coordinador de eventos<\/strong> est\u00e1 disponible para ayudar con la configuraci\u00f3n, el soporte t\u00e9cnico y la programaci\u00f3n, garantizando que su reuni\u00f3n se desarrolle sin problemas.<\/p><div class=\"py-2 my-3\"><hr \/><\/div><h3>\ud83c\udf7d\ufe0f <strong>Servicios culinarios y gastron\u00f3micos: un sabor de Chengdu, servido con esmero<\/strong><\/h3><p>Nuestro <strong>restaurante en el lugar<\/strong> Es m\u00e1s que una simple comodidad: es un destino. Abierto tanto a hu\u00e9spedes como al p\u00fablico, ofrece una experiencia gastron\u00f3mica refinada y accesible que celebra los sabores audaces de <strong>cocina de sichuan<\/strong> Mientras atendemos a diversos paladares.<\/p><h4>Servicios de Firma:<\/h4><ul><li><strong>Desayuno buffet diario<\/strong>:Un generoso spread que incluye ambos <strong>Opciones chinas y occidentales<\/strong> \u2014 desde congee humeante, baozi y verduras encurtidas hasta huevos revueltos, tocino, fruta fresca, yogur y panes artesanales.<\/li><li><strong>Men\u00fa de comidas durante todo el d\u00eda<\/strong>:Con especialidades locales como <strong>Mapo tofu, fideos Dan Dan, cerdo dos veces cocido<\/strong>, y <strong>Salteados al estilo Sichuan<\/strong>, junto con platos internacionales para los hu\u00e9spedes que buscan variedad.<\/li><li><strong>Adaptaciones diet\u00e9ticas<\/strong>:Ofrecemos con orgullo <strong>Opciones vegetarianas, veganas, sin gluten y halal<\/strong> Bajo petici\u00f3n, nuestro equipo de cocina estar\u00e1 encantado de personalizar los platos para satisfacer sus necesidades.<\/li><li><strong>Servicio de habitaciones<\/strong>:Disfrute de una tarde tranquila con nuestro <strong>men\u00fa del servicio de habitaciones<\/strong>, disponible durante el horario del restaurante.<\/li><li><strong>Conjuntos de almuerzos de negocios<\/strong>Perfectos para comensales solitarios o grupos peque\u00f1os, estos sets seleccionados ofrecen eficiencia y sabor para el profesional ocupado.<\/li><\/ul><p>Nuestro <strong>sal\u00f3n del vest\u00edbulo<\/strong> Tambi\u00e9n ofrece un espacio tranquilo para tomar un caf\u00e9, un t\u00e9 o un refrigerio ligero, con bebidas de cortes\u00eda disponibles para los hu\u00e9spedes durante todo el d\u00eda.<\/p><div class=\"py-2 my-3\"><hr \/><\/div><h3>\ud83d\udecf\ufe0f <strong>Servicios de la habitaci\u00f3n: comodidad, conveniencia y atenci\u00f3n<\/strong><\/h3><p>Cada habitaci\u00f3n del Pagoda Hotel Chengdu Taikoo Li est\u00e1 dise\u00f1ada para la comodidad y la funcionalidad, y nuestros servicios garantizan que su espacio personal siga siendo un santuario.<\/p><ul><li><strong>Servicio de limpieza diario<\/strong>Una limpieza meticulosa y un servicio de cobertura (a petici\u00f3n) mantienen su habitaci\u00f3n fresca y acogedora.<\/li><li><strong>Agua caliente y climatizaci\u00f3n las 24 horas<\/strong>Los sistemas confiables de aire acondicionado y calefacci\u00f3n garantizan comodidad durante todo el a\u00f1o, con controles individuales por habitaci\u00f3n.<\/li><li><strong>Servicios en la habitaci\u00f3n<\/strong>:Incluye mininevera, caja fuerte, hervidor el\u00e9ctrico, art\u00edculos de aseo premium, zapatillas y albornoces.<\/li><li><strong>Lavander\u00eda y tintorer\u00eda<\/strong>:Servicios de lavander\u00eda expr\u00e9s y est\u00e1ndar disponibles con devoluci\u00f3n el mismo d\u00eda o al d\u00eda siguiente.<\/li><li><strong>Plancha y tabla de planchar<\/strong>:Disponible previa solicitud, sin cargo.<\/li><li><strong>Ropa de cama y almohadas adicionales<\/strong>:Opciones de almohadas hipoalerg\u00e9nicas, firmes o suaves para adaptarse a sus preferencias.<\/li><\/ul><div class=\"py-2 my-3\"><hr \/><\/div><h3>\ud83c\udfc3\u200d\u2642\ufe0f <strong>Servicios de bienestar y ocio: recargue su cuerpo y mente<\/strong><\/h3><p>Si bien Pagoda Hotel se centra en la eficiencia empresarial, tambi\u00e9n entendemos la importancia del equilibrio. Nuestro <strong>servicios de bienestar<\/strong> Est\u00e1n dise\u00f1ados para ayudarle a relajarse, refrescarse y mantener su rutina.<\/p><h4>\u2705 <strong>Gimnasio bien equipado<\/strong><\/h4><p>Nuestro moderno gimnasio est\u00e1 abierto todos los d\u00edas y cuenta con:<\/p><ul><li>Cintas de correr, el\u00edpticas y bicicletas est\u00e1ticas<\/li><li>Pesas libres y equipos de entrenamiento de resistencia<\/li><li>Colchonetas de yoga y zonas de estiramiento<\/li><li>Espacio climatizado, bien iluminado y con paredes espejadas.<\/li><\/ul><p>Perfecto para quienes se levantan temprano o para quienes hacen ejercicio por la noche.<\/p><h4>\u2705 <strong>Relajaci\u00f3n y apoyo para dormir<\/strong><\/h4><ul><li><strong>Ventanas insonorizadas<\/strong> minimizar el ruido de la ciudad<\/li><li><strong>Cortinas opacas<\/strong> garantizar un sue\u00f1o profundo e ininterrumpido<\/li><li><strong>m\u00e1quinas de ruido blanco<\/strong> Disponible a pedido<\/li><li><strong>Kits de aromaterapia<\/strong> (lavanda, eucalipto) se pueden proporcionar para una mayor relajaci\u00f3n<\/li><\/ul><div class=\"py-2 my-3\"><hr \/><\/div><h3>\ud83d\ude97 <strong>Servicios de transporte y accesibilidad<\/strong><\/h3><p>Hacemos que moverse por Chengdu sea f\u00e1cil y sin estr\u00e9s:<\/p><ul><li><strong>Estacionamiento en el lugar<\/strong>:Disponible para los hu\u00e9spedes por orden de llegada (sujeto a pago).<\/li><li><strong>Asistencia para taxis y viajes compartidos<\/strong>:La recepci\u00f3n puede llamar a Didi (la aplicaci\u00f3n de transporte de China) o concertar un taxi a cualquier destino.<\/li><li><strong>Acceso al metro<\/strong>:Solo una <strong>A 5 minutos a pie de la estaci\u00f3n de Chunxi Road (l\u00edneas 2 y 3)<\/strong>, conect\u00e1ndote con las principales zonas comerciales y tur\u00edsticas.<\/li><li><strong>Coordinaci\u00f3n de traslados al aeropuerto<\/strong>:Si bien no se ofrece transporte gratuito, podemos ayudarlo a reservar traslados privados desde <strong>Aeropuerto Internacional Chengdu Tianfu (TFU)<\/strong> o <strong>Aeropuerto Internacional de Shuangliu (CTU)<\/strong>.<\/li><\/ul><div class=\"py-2 my-3\"><hr \/><\/div><h3>\ud83c\udf31 <strong>Iniciativas de servicio sostenibles y reflexivas<\/strong><\/h3><p>En Pagoda Hotel Chengdu Taikoo Li, creemos que un servicio excelente tambi\u00e9n significa <strong>servicio responsable<\/strong>Por eso hemos integrado pr\u00e1cticas ecol\u00f3gicas en nuestras operaciones diarias:<\/p><ul><li><strong>Reducci\u00f3n de pl\u00e1sticos de un solo uso<\/strong> en habitaciones y \u00e1reas p\u00fablicas<\/li><li><strong>Art\u00edculos de tocador ecol\u00f3gicos<\/strong> en envases reciclables<\/li><li><strong>Sistemas de iluminaci\u00f3n y climatizaci\u00f3n energ\u00e9ticamente eficientes<\/strong><\/li><li><strong>Abastecimiento local<\/strong> de alimentos y suministros para apoyar a la comunidad de Chengdu<\/li><li><strong>Check-in\/check-out digital y acceso con llave m\u00f3vil<\/strong> para reducir el desperdicio de papel<\/li><\/ul><div class=\"py-2 my-3\"><hr \/><\/div><h3>\ud83e\udd1d <strong>Nuestra promesa de servicio: Anticipar. Adaptarse. Lograr.<\/strong><\/h3><p>En <strong>Pagoda Hotel Chengdu Taikoo Li<\/strong>No solo respondemos a sus necesidades, sino que <strong>anticiparlos<\/strong>Nuestro equipo est\u00e1 capacitado para ser proactivo, discreto y orientado a soluciones, garantizando que cada aspecto de su estancia sea sencillo.<\/p><p>Ya sea que est\u00e9 aqu\u00ed por una noche o por una estad\u00eda prolongada, nuestros servicios est\u00e1n dise\u00f1ados para <strong>adaptarse a tu ritmo<\/strong> \u2014ya sea el ritmo de una agenda corporativa o el ocio de un viaje cultural. Estamos aqu\u00ed para <strong>ayudarle a lograr sus objetivos<\/strong>, ya sea para cerrar un trato, reunirse con la familia o simplemente experimentar el alma de Chengdu con comodidad y confianza.<\/p><div class=\"py-2 my-3\"><hr \/><\/div><p><strong>Experiencia de servicio redefinida<\/strong><br \/>\ud83d\udccd <strong>DIRECCI\u00d3N<\/strong>: No.16 Hua Xing East Street, distrito de Jinjiang, Chengdu, Sichuan, China<br \/>\ud83d\udcde <strong>Tel\u00e9fono<\/strong>: +86 185 5824 6062<br \/>\ud83c\udf10 <strong>Sitio web<\/strong>: <a href=\"https:\/\/pagodahotelchengdu.com\/es\/\" target=\"_blank\" rel=\"nofollow noopener\">https:\/\/pagodahotelchengdu.com <\/a><\/p><p>Hotel Agoda en Chengdu, Servicios Hoteleros en Chengdu, Hotel de Lujo en Chengdu, Hotel de Negocios en Chengdu, Hotel con Salas de Reuniones en Chengdu, Hospitalidad en Sichuan, Servicios para Hu\u00e9spedes en Chengdu, Centro de Negocios 24 Horas en Chengdu, Viajes en Chengdu, Estancia Profesional en Chengdu<\/p><div class=\"py-2 my-3\"><hr \/><\/div><p data-spm-anchor-id=\"a2ty_o01.29997173.0.i65.6fbec921q4yY4x\"><strong>En Pagoda Hotel Chengdu Taikoo Li, el servicio no es s\u00f3lo lo que hacemos: es quienes somos.<\/strong><\/p>\t\t\t\t\t\t\t\t<\/div>\n\t\t\t\t\t<\/div>\n\t\t\t\t<\/div>\n\t\t\t\t<section class=\"elementor-section elementor-top-section elementor-element elementor-element-134e55db elementor-section-stretched elementor-section-boxed elementor-section-gap-beside-yes elementor-section-height-default elementor-section-height-default elementor-section-column-vertical-align-stretch\" data-id=\"134e55db\" data-element_type=\"section\" data-e-type=\"section\" data-settings=\"{&quot;background_background&quot;:&quot;classic&quot;,&quot;stretch_section&quot;:&quot;section-stretched&quot;}\">\n\t\t\t\t\t\t<div class=\"elementor-container elementor-column-gap-extended\">\n\t\t\t\t\t<div class=\"elementor-column elementor-col-100 elementor-top-column elementor-element elementor-element-5e86fb97\" data-id=\"5e86fb97\" data-element_type=\"column\" data-e-type=\"column\">\n\t\t\t<div class=\"elementor-widget-wrap elementor-element-populated\">\n\t\t\t\t\t\t<div class=\"elementor-element elementor-element-477409f3 elementor-widget elementor-widget-heading\" data-id=\"477409f3\" data-element_type=\"widget\" data-e-type=\"widget\" data-widget_type=\"heading.default\">\n\t\t\t\t\t<h2 class=\"elementor-heading-title elementor-size-default\">Consultar disponibilidad <\/h2>\t\t\t\t<\/div>\n\t\t\t\t<div class=\"elementor-element elementor-element-b8e27b7 elementor-widget elementor-widget-text-editor\" data-id=\"b8e27b7\" data-element_type=\"widget\" data-e-type=\"widget\" data-widget_type=\"text-editor.default\">\n\t\t\t\t\t\t\t\t\t<iframe border=\"0\" src=\"https:\/\/www.trip.com\/partners\/ad\/S5194877?Allianceid=4590391&#038;SID=255941827&#038;trip_sub1=\" style=\"width:1200px;height:200px\" frameborder=\"0\" scrolling=\"no\" id=\"S5194877\"><\/iframe>\t\t\t\t\t\t\t\t<\/div>\n\t\t\t\t\t<\/div>\n\t\t<\/div>\n\t\t\t\t\t<\/div>\n\t\t<\/section>\n\t\t\t\t<\/div>","protected":false},"excerpt":{"rendered":"<p>We do our best to offer all our guests the services and facilities to make their stay a memorable one. Eat&amp;Drink Restaurant &amp; Bar Suspendisse laoreet orci ac nulla vulputate pellentesque. Vivamus nec eleifend ex, eget molestie lorem. Integer sed sodales sapien. Cras aliquam fringilla elit sit amet fringilla. Open Daily: 7:00pm &#8211; 11:00pm Find [&hellip;]<\/p>\n","protected":false},"author":1,"featured_media":0,"parent":0,"menu_order":0,"comment_status":"closed","ping_status":"closed","template":"","meta":{"footnotes":""},"class_list":["post-647","page","type-page","status-publish","hentry","post-no-thumbnail"],"_links":{"self":[{"href":"https:\/\/pagodahotelchengdu.com\/es\/wp-json\/wp\/v2\/pages\/647","targetHints":{"allow":["GET"]}}],"collection":[{"href":"https:\/\/pagodahotelchengdu.com\/es\/wp-json\/wp\/v2\/pages"}],"about":[{"href":"https:\/\/pagodahotelchengdu.com\/es\/wp-json\/wp\/v2\/types\/page"}],"author":[{"embeddable":true,"href":"https:\/\/pagodahotelchengdu.com\/es\/wp-json\/wp\/v2\/users\/1"}],"replies":[{"embeddable":true,"href":"https:\/\/pagodahotelchengdu.com\/es\/wp-json\/wp\/v2\/comments?post=647"}],"version-history":[{"count":0,"href":"https:\/\/pagodahotelchengdu.com\/es\/wp-json\/wp\/v2\/pages\/647\/revisions"}],"wp:attachment":[{"href":"https:\/\/pagodahotelchengdu.com\/es\/wp-json\/wp\/v2\/media?parent=647"}],"curies":[{"name":"gracias","href":"https:\/\/api.w.org\/{rel}","templated":true}]}}