{"id":2104,"date":"2021-03-23T09:33:48","date_gmt":"2021-03-23T09:33:48","guid":{"rendered":"http:\/\/localhost\/nuss\/?page_id=167"},"modified":"2025-09-04T10:37:11","modified_gmt":"2025-09-04T10:37:11","slug":"notre-histoire","status":"publish","type":"page","link":"https:\/\/pagodahotelchengdu.com\/fr\/notre-histoire\/","title":{"rendered":"Notre histoire"},"content":{"rendered":"<div data-elementor-type=\"wp-page\" data-elementor-id=\"2104\" class=\"elementor elementor-2104\">\n\t\t\t\t\t\t<section class=\"elementor-section elementor-top-section elementor-element elementor-element-8f5bb9d elementor-section-boxed elementor-section-gap-beside-yes elementor-section-height-default elementor-section-height-default elementor-section-column-vertical-align-stretch\" data-id=\"8f5bb9d\" data-element_type=\"section\" data-e-type=\"section\">\n\t\t\t\t\t\t<div class=\"elementor-container elementor-column-gap-extended\">\n\t\t\t\t\t<div class=\"elementor-column elementor-col-100 elementor-top-column elementor-element elementor-element-7ec4215\" data-id=\"7ec4215\" data-element_type=\"column\" data-e-type=\"column\">\n\t\t\t<div class=\"elementor-widget-wrap elementor-element-populated\">\n\t\t\t\t\t\t<div class=\"elementor-element elementor-element-edd9d03 elementor-widget__width-initial elementor-invisible elementor-widget elementor-widget-text-editor\" data-id=\"edd9d03\" data-element_type=\"widget\" data-e-type=\"widget\" data-settings=\"{&quot;_animation&quot;:&quot;nussFadeInUp&quot;}\" data-widget_type=\"text-editor.default\">\n\t\t\t\t\t\t\t\t\t<p><strong data-spm-anchor-id=\"a2ty_o01.29997173.0.i46.6fbec921q4yY4x\">La vision derri\u00e8re le Pagoda Hotel Chengdu Taikoo Li \u2013 O\u00f9 la tradition rencontre l&#039;\u00e9l\u00e9gance urbaine<\/strong><\/p>\t\t\t\t\t\t\t\t<\/div>\n\t\t\t\t\t<\/div>\n\t\t<\/div>\n\t\t\t\t\t<\/div>\n\t\t<\/section>\n\t\t<div class=\"elementor-element elementor-element-e5b3a04 e-flex e-con-boxed e-con e-parent\" data-id=\"e5b3a04\" data-element_type=\"container\" data-e-type=\"container\">\n\t\t\t\t\t<div class=\"e-con-inner\">\n\t\t\t\t<div class=\"elementor-element elementor-element-43ef180 elementor-widget elementor-widget-text-editor\" data-id=\"43ef180\" data-element_type=\"widget\" data-e-type=\"widget\" data-widget_type=\"text-editor.default\">\n\t\t\t\t\t\t\t\t\t<p data-spm-anchor-id=\"a2ty_o01.29997173.0.i48.6fbec921q4yY4x\">Au coeur de <strong>District de Jinjiang<\/strong>, o\u00f9 les rythmes anciens du Sichuan rencontrent le pouls de la Chine moderne, <strong>Pagoda Hotel Chengdu Taikoo Li<\/strong> est n\u00e9 d&#039;une vision singuli\u00e8re : cr\u00e9er un sanctuaire qui honore l&#039;\u00e2me de Chengdu tout en r\u00e9pondant aux besoins du voyageur contemporain.<\/p><p data-spm-anchor-id=\"a2ty_o01.29997173.0.i47.6fbec921q4yY4x\">Situ\u00e9 \u00e0 <strong>N\u00b0 16, rue Hua Xing Est<\/strong>, \u00e0 quelques pas du c\u00e9l\u00e8bre <strong>Taikoo Li (Taikoo Li sino-oc\u00e9anique)<\/strong>, notre h\u00f4tel est plus qu&#039;un lieu de repos \u2014 c&#039;est un <strong>r\u00e9cit soigneusement \u00e9labor\u00e9 sur l&#039;\u00e9quilibre, la beaut\u00e9 et l&#039;appartenance<\/strong>Nous ne sommes pas seulement une autre adresse de luxe ; nous sommes un <strong>dialogue vivant entre patrimoine et innovation<\/strong>, entre la gr\u00e2ce tranquille d&#039;une pagode traditionnelle et l&#039;\u00e9nergie vibrante de l&#039;une des villes les plus dynamiques d&#039;Asie.<\/p><div class=\"py-2 my-3\"><hr \/><\/div><h3>\ud83c\udfef Un nom ancr\u00e9 dans le sens<\/h3><p>Le nom <strong>&quot;Pagode&quot;<\/strong> est plus qu&#039;un clin d&#039;\u0153il \u00e0 la beaut\u00e9 architecturale \u2014 c&#039;est un symbole de <strong>tranquillit\u00e9, sagesse et ascension spirituelle<\/strong>Dans toutes les cultures asiatiques, les pagodes ont \u00e9t\u00e9 pendant des si\u00e8cles des phares de paix, s&#039;\u00e9levant au-dessus du paysage comme des lieux de r\u00e9flexion et de connexion. <strong>Pagoda Hotel Chengdu Taikoo Li<\/strong>, nous perp\u00e9tuons cet h\u00e9ritage en offrant un espace o\u00f9 les invit\u00e9s peuvent <strong>s&#039;\u00e9lever au-dessus du bruit du voyage<\/strong>, trouver le calme et se reconnecter \u2014 avec eux-m\u00eames, avec la culture et avec l\u2019instant pr\u00e9sent.<\/p><p>Notre histoire a commenc\u00e9 avec une question simple : <em>Comment un h\u00f4tel au milieu d\u2019une m\u00e9tropole anim\u00e9e peut-il ressembler \u00e0 un refuge ?<\/em> La r\u00e9ponse ne r\u00e9sidait pas seulement dans la grandeur, mais dans <strong>intention<\/strong> \u2014 dans la conception d\u2019un espace qui se sent \u00e0 la fois <strong>raffin\u00e9 et accueillant<\/strong>, moderne mais ancr\u00e9 dans l\u2019identit\u00e9 locale.<\/p><div class=\"py-2 my-3\"><hr \/><\/div><h3>\ud83c\udf06 Le c\u0153ur de Chengdu : un lieu charg\u00e9 de sens<\/h3><p>Chengdu est une ville de contrastes : o\u00f9 les pandas font la sieste dans des bosquets de bambous \u00e0 quelques kilom\u00e8tres de gratte-ciels imposants, o\u00f9 l&#039;on d\u00e9guste des fondues \u00e9pic\u00e9es du Sichuan dans des stands de rue et dans des restaurants \u00e9toil\u00e9s au Michelin. <strong>District de Jinjiang<\/strong>, notre maison, est l\u2019\u00e9picentre de cette dualit\u00e9.<\/p><p>Situ\u00e9 au carrefour de <strong>histoire et luxe<\/strong>, notre h\u00f4tel est adjacent \u00e0 <strong>Taikoo Li<\/strong>, un d\u00e9veloppement historique qui allie magistralement <strong>cours restaur\u00e9es de la dynastie Qing<\/strong> avec la mode internationale, la gastronomie et l&#039;art. Cet environnement unique a inspir\u00e9 notre philosophie de conception\u00a0: <strong>respecter le pass\u00e9 tout en fa\u00e7onnant l&#039;avenir<\/strong>.<\/p><p>Nous avons vu une opportunit\u00e9 \u2014 pas seulement de construire un h\u00f4tel, mais de <strong>organiser une exp\u00e9rience<\/strong>. Un endroit o\u00f9 un voyageur d&#039;affaires peut passer en toute transparence d&#039;une r\u00e9union \u00e0 enjeux \u00e9lev\u00e9s \u00e0 une tasse de th\u00e9 tranquille dans une cour tranquille, o\u00f9 un touriste peut explorer Kuanzhai Alley le matin et revenir dans une pi\u00e8ce qui ressemble \u00e0 un sanctuaire personnel.<\/p><div class=\"py-2 my-3\"><hr \/><\/div><h3>\ud83c\udfa8 Philosophie de conception : simplicit\u00e9 moderne, \u00e2me du Sichuan<\/h3><p>D\u00e8s le d\u00e9but, nous nous sommes engag\u00e9s \u00e0 cr\u00e9er un espace o\u00f9 l&#039;on se sent <strong>authentiquement Chengdu<\/strong> \u2014 non pas \u00e0 travers des clich\u00e9s, mais \u00e0 travers des d\u00e9tails subtils et significatifs.<\/p><ul><li><strong>Int\u00e9rieurs minimalistes<\/strong> avec des tons de bois chaleureux et un \u00e9clairage doux cr\u00e9ent une atmosph\u00e8re apaisante et \u00e9pur\u00e9e.<\/li><li><strong>Motifs culturels subtils<\/strong> \u2014 inspir\u00e9s des masques d&#039;op\u00e9ra du Sichuan, de la calligraphie traditionnelle et des paysages luxuriants de la r\u00e9gion \u2014 sont tiss\u00e9s dans des \u0153uvres d&#039;art, des textiles et des accents de pi\u00e8ce.<\/li><li><strong>Fen\u00eatres du sol au plafond<\/strong> encadrez des vues sur les toits de la ville ou des cours int\u00e9rieures sereines, brouillant la fronti\u00e8re entre l&#039;int\u00e9rieur et l&#039;ext\u00e9rieur.<\/li><li><strong>Mat\u00e9riaux naturels<\/strong> \u2014 la pierre, le lin et le bambou \u2014 sont utilis\u00e9s partout pour \u00e9voquer un sentiment d\u2019harmonie organique.<\/li><\/ul><p>Chaque \u00e9l\u00e9ment, du bureau ergonomique \u00e0 la pomme de douche \u00e0 effet pluie, a \u00e9t\u00e9 choisi avec <strong>but et confort<\/strong> \u00e0 l&#039;esprit. Cet h\u00f4tel n&#039;est pas con\u00e7u pour le spectacle, mais pour <strong>toi<\/strong>, le voyageur qui appr\u00e9cie \u00e0 la fois le style et la substance.<\/p><div class=\"py-2 my-3\"><hr \/><\/div><h3>\ud83e\udd1d Un engagement pour une hospitalit\u00e9 chaleureuse et attentionn\u00e9e<\/h3><p>Au c\u0153ur de notre histoire se trouve une croyance profonde en <strong>le pouvoir du service<\/strong>\u00c0 Chengdu, l&#039;hospitalit\u00e9 n&#039;est pas seulement une norme professionnelle, c&#039;est une valeur culturelle. Les habitants sont r\u00e9put\u00e9s pour leur chaleur, leur humour et leur g\u00e9n\u00e9rosit\u00e9, et nous nous effor\u00e7ons de refl\u00e9ter cet esprit dans chacune de nos interactions.<\/p><p>Notre \u00e9quipe est form\u00e9e pour \u00eatre <strong>attentif sans intrusion<\/strong>, \u00e0 la fois professionnel et personnalis\u00e9. Qu&#039;il s&#039;agisse de vous rappeler votre th\u00e9 pr\u00e9f\u00e9r\u00e9, de vous aider \u00e0 r\u00e9server des billets pour un spectacle d&#039;op\u00e9ra du Sichuan ou de vous r\u00e9server un coin tranquille au restaurant pour un d\u00eener en solo, nous nous effor\u00e7ons de <strong>anticiper vos besoins<\/strong> avant m\u00eame de les exprimer.<\/p><p>Nous croyons \u00e9galement en <strong>service inclusif<\/strong>:<\/p><ul><li><strong>Personnel multilingue<\/strong> parle couramment le mandarin, l&#039;anglais et le japonais de base<\/li><li><strong>Am\u00e9nagements di\u00e9t\u00e9tiques<\/strong> pour les clients v\u00e9g\u00e9tariens, v\u00e9g\u00e9taliens et sans gluten<\/li><li><strong>Conception soucieuse de l&#039;accessibilit\u00e9<\/strong> pour assurer le confort de tous les voyageurs<\/li><\/ul><p>Parce que le vrai luxe ne r\u00e9side pas seulement dans la d\u00e9coration, il r\u00e9side dans <strong>sentiment d&#039;\u00eatre vu, respect\u00e9 et pris en charge<\/strong>.<\/p><div class=\"py-2 my-3\"><hr \/><\/div><h3>\ud83c\udf31 Durabilit\u00e9 et responsabilit\u00e9 : construire un avenir meilleur<\/h3><p>En \u00e9crivant notre histoire, nous sommes attentifs au monde qui nous entoure. <strong>Pagoda Hotel Chengdu Taikoo Li<\/strong> s&#039;engage \u00e0 <strong>hospitalit\u00e9 responsable<\/strong> \u2014 \u00e0 partir de la base.<\/p><ul><li><strong>Syst\u00e8mes d&#039;\u00e9clairage et de CVC \u00e9co\u00e9nerg\u00e9tiques<\/strong> r\u00e9duire notre empreinte carbone.<\/li><li><strong>Articles de toilette \u00e9cologiques<\/strong> dans des emballages recyclables minimisent les d\u00e9chets.<\/li><li><strong>Approvisionnement local<\/strong> de nourriture et de mat\u00e9riaux soutiennent les agriculteurs et les artisans de Chengdu.<\/li><li><strong>Enregistrement num\u00e9rique et acc\u00e8s par cl\u00e9 mobile<\/strong> r\u00e9duisez votre consommation de papier et rationalisez votre s\u00e9jour.<\/li><\/ul><p>Nous pensons qu&#039;un grand h\u00f4tel ne doit pas seulement servir ses clients, mais aussi <strong>servir la communaut\u00e9 et l&#039;environnement<\/strong> qui le soutient.<\/p><div class=\"py-2 my-3\"><hr \/><\/div><h3>\ud83c\udf1f Notre promesse envers vous<\/h3><p>Notre histoire est encore en train de s&#039;\u00e9crire \u2014 avec chaque client qui franchit nos portes, chaque avis partag\u00e9 en ligne et chaque moment de calme appr\u00e9ci\u00e9 dans notre Sky Lounge ou autour d&#039;un bol de nouilles dan dan faites \u00e0 la main.<\/p><p>Notre objectif n&#039;est pas d&#039;\u00eatre le plus grand h\u00f4tel de Chengdu. Nous voulons \u00eatre le <strong>le plus significatif<\/strong> \u2014 un endroit o\u00f9 votre voyage semble sans effort, votre s\u00e9jour semble personnel et votre lien avec cette ville incroyable semble r\u00e9el.<\/p><p>Nous sommes fiers de participer \u00e0 l&#039;\u00e9volution de Chengdu, une ville qui honore ses 2\u00a0000 ans d&#039;histoire tout en se tournant vers l&#039;avenir. Alors que de nouvelles lignes de m\u00e9tro ouvrent, que les \u00e9changes culturels s&#039;\u00e9panouissent et que le monde d\u00e9couvre la magie du Sichuan, nous restons fid\u00e8les \u00e0 notre vision initiale\u00a0: \u00eatre un <strong>havre de confiance au c\u0153ur de la ville<\/strong>, o\u00f9 chaque invit\u00e9 peut se ressourcer, se recentrer et se reconnecter.<\/p><div class=\"py-2 my-3\"><hr \/><\/div><h3>\ud83c\udf3f Bienvenue dans notre histoire<\/h3><p>C&#039;est <strong>Pagoda Hotel Chengdu Taikoo Li<\/strong> \u2014 Un lieu o\u00f9 l&#039;ancien et le moderne cohabitent en harmonie. L\u00e0 o\u00f9 l&#039;esprit de la pagode rencontre l&#039;\u00e9nergie de la ville. L\u00e0 o\u00f9 votre voyage \u00e0 Chengdu commence avec confort, confiance et sentiment d&#039;appartenance.<\/p><p>Nous vous invitons \u00e0 entrer, \u00e0 respirer profond\u00e9ment et \u00e0 faire partie de notre histoire.<\/p><div class=\"py-2 my-3\"><hr \/><\/div><p><strong>Restez fid\u00e8le \u00e0 votre objectif. Restez avec nous.<\/strong><br \/>\ud83d\udccd <strong>Pagoda Hotel Chengdu Taikoo Li<\/strong>: No.16 rue Hua Xing East, district de Jinjiang, Chengdu, Sichuan, Chine<br \/>\ud83d\udcde <strong>T\u00e9l\u00e9phone<\/strong>: +86 185 5824 6062<br \/>\ud83c\udf10 <strong>Site web<\/strong>: <a href=\"https:\/\/pagodahotelchengdu.com\/fr\/\" target=\"_blank\" rel=\"nofollow noopener\">https:\/\/pagodahotelchengdu.com <\/a><\/p><p data-spm-anchor-id=\"a2ty_o01.29997173.0.i49.6fbec921q4yY4x\">#PagodaHotelChengdu #OutreHistoire #ChengduHotel #TaikooLiChengdu #JinjiangDistrict #H\u00f4telAvecC\u0153ur #ModerneChengdu #S\u00e9jourDurable #LuxuryBoutiqueHotel #SichuanHospitalit\u00e9 #ChengduVoyages #CulturalStayChengdu #UrbanSanctuary #H\u00f4telDesignChengdu<\/p><div class=\"py-2 my-3\"><hr \/><\/div><p data-spm-anchor-id=\"a2ty_o01.29997173.0.i50.6fbec921q4yY4x\"><strong>Au Pagoda Hotel Chengdu Taikoo Li, votre voyage est notre histoire.<\/strong><\/p>\t\t\t\t\t\t\t\t<\/div>\n\t\t\t\t\t<\/div>\n\t\t\t\t<\/div>\n\t\t\t\t<section class=\"elementor-section elementor-top-section elementor-element elementor-element-2cf4b432 elementor-section-stretched elementor-section-boxed elementor-section-gap-beside-yes elementor-section-height-default elementor-section-height-default elementor-section-column-vertical-align-stretch\" data-id=\"2cf4b432\" data-element_type=\"section\" data-e-type=\"section\" data-settings=\"{&quot;background_background&quot;:&quot;classic&quot;,&quot;stretch_section&quot;:&quot;section-stretched&quot;}\">\n\t\t\t\t\t\t<div class=\"elementor-container elementor-column-gap-extended\">\n\t\t\t\t\t<div class=\"elementor-column elementor-col-100 elementor-top-column elementor-element elementor-element-a5cf51f\" data-id=\"a5cf51f\" data-element_type=\"column\" data-e-type=\"column\">\n\t\t\t<div class=\"elementor-widget-wrap elementor-element-populated\">\n\t\t\t\t\t\t<div class=\"elementor-element elementor-element-25b5c04c elementor-widget elementor-widget-heading\" data-id=\"25b5c04c\" data-element_type=\"widget\" data-e-type=\"widget\" data-widget_type=\"heading.default\">\n\t\t\t\t\t<h2 class=\"elementor-heading-title elementor-size-default\">Ch\u00e8que disponible <\/h2>\t\t\t\t<\/div>\n\t\t\t\t<div class=\"elementor-element elementor-element-7394f8ce elementor-widget elementor-widget-text-editor\" data-id=\"7394f8ce\" data-element_type=\"widget\" data-e-type=\"widget\" data-widget_type=\"text-editor.default\">\n\t\t\t\t\t\t\t\t\t<iframe border=\"0\" src=\"https:\/\/www.trip.com\/partners\/ad\/S5194877?Allianceid=4590391&#038;SID=255941827&#038;trip_sub1=\" style=\"width:1200px;height:200px\" frameborder=\"0\" scrolling=\"no\" id=\"S5194877\"><\/iframe>\t\t\t\t\t\t\t\t<\/div>\n\t\t\t\t\t<\/div>\n\t\t<\/div>\n\t\t\t\t\t<\/div>\n\t\t<\/section>\n\t\t\t\t<\/div>","protected":false},"excerpt":{"rendered":"<p>The hotel is a series of open-house hotels inspired by the diversity and originality of the streets and scenes that surround us. Since 2012 Lorem ipsum dolor sit amet, consectetur adipiscing elit. 2012 The creation Lorem Ipsum is simply dummy text of the printing and typesetting industry. Lorem Ipsum has been the industry&#8217;s standard dummy [&hellip;]<\/p>\n","protected":false},"author":1,"featured_media":0,"parent":0,"menu_order":0,"comment_status":"closed","ping_status":"closed","template":"","meta":{"footnotes":""},"class_list":["post-2104","page","type-page","status-publish","hentry","post-no-thumbnail"],"_links":{"self":[{"href":"https:\/\/pagodahotelchengdu.com\/fr\/wp-json\/wp\/v2\/pages\/2104","targetHints":{"allow":["GET"]}}],"collection":[{"href":"https:\/\/pagodahotelchengdu.com\/fr\/wp-json\/wp\/v2\/pages"}],"about":[{"href":"https:\/\/pagodahotelchengdu.com\/fr\/wp-json\/wp\/v2\/types\/page"}],"author":[{"embeddable":true,"href":"https:\/\/pagodahotelchengdu.com\/fr\/wp-json\/wp\/v2\/users\/1"}],"replies":[{"embeddable":true,"href":"https:\/\/pagodahotelchengdu.com\/fr\/wp-json\/wp\/v2\/comments?post=2104"}],"version-history":[{"count":0,"href":"https:\/\/pagodahotelchengdu.com\/fr\/wp-json\/wp\/v2\/pages\/2104\/revisions"}],"wp:attachment":[{"href":"https:\/\/pagodahotelchengdu.com\/fr\/wp-json\/wp\/v2\/media?parent=2104"}],"curies":[{"name":"wp","href":"https:\/\/api.w.org\/{rel}","templated":true}]}}