{"id":2109,"date":"2021-03-26T08:35:58","date_gmt":"2021-03-26T08:35:58","guid":{"rendered":"http:\/\/localhost\/nuss\/?page_id=536"},"modified":"2025-09-04T09:45:25","modified_gmt":"2025-09-04T09:45:25","slug":"installations-commerciales","status":"publish","type":"page","link":"https:\/\/pagodahotelchengdu.com\/fr\/installations-commerciales\/","title":{"rendered":"Installations commerciales"},"content":{"rendered":"<div data-elementor-type=\"wp-page\" data-elementor-id=\"2109\" class=\"elementor elementor-2109\">\n\t\t\t\t\t\t<section class=\"elementor-section elementor-top-section elementor-element elementor-element-bb2901b elementor-section-boxed elementor-section-gap-beside-yes elementor-section-height-default elementor-section-height-default elementor-section-column-vertical-align-stretch\" data-id=\"bb2901b\" data-element_type=\"section\" data-e-type=\"section\">\n\t\t\t\t\t\t<div class=\"elementor-container elementor-column-gap-extended\">\n\t\t\t\t\t<div class=\"elementor-column elementor-col-100 elementor-top-column elementor-element elementor-element-1919db9\" data-id=\"1919db9\" data-element_type=\"column\" data-e-type=\"column\">\n\t\t\t<div class=\"elementor-widget-wrap elementor-element-populated\">\n\t\t\t\t\t\t<div class=\"elementor-element elementor-element-41a7b9c elementor-widget__width-initial elementor-invisible elementor-widget elementor-widget-text-editor\" data-id=\"41a7b9c\" data-element_type=\"widget\" data-e-type=\"widget\" data-settings=\"{&quot;_animation&quot;:&quot;nussFadeInUp&quot;}\" data-widget_type=\"text-editor.default\">\n\t\t\t\t\t\t\t\t\t<p><strong data-spm-anchor-id=\"a2ty_o01.29997173.0.i29.6fbec921q4yY4x\">Les installations commerciales du Pagoda Hotel Chengdu Taikoo Li \u2013 O\u00f9 la productivit\u00e9 rencontre la sophistication au c\u0153ur de Jinjiang<\/strong><\/p>\t\t\t\t\t\t\t\t<\/div>\n\t\t\t\t\t<\/div>\n\t\t<\/div>\n\t\t\t\t\t<\/div>\n\t\t<\/section>\n\t\t<div class=\"elementor-element elementor-element-7f8d466 e-flex e-con-boxed e-con e-parent\" data-id=\"7f8d466\" data-element_type=\"container\" data-e-type=\"container\">\n\t\t\t\t\t<div class=\"e-con-inner\">\n\t\t\t\t<div class=\"elementor-element elementor-element-4336220 elementor-widget elementor-widget-text-editor\" data-id=\"4336220\" data-element_type=\"widget\" data-e-type=\"widget\" data-widget_type=\"text-editor.default\">\n\t\t\t\t\t\t\t\t\t<p data-spm-anchor-id=\"a2ty_o01.29997173.0.i31.6fbec921q4yY4x\">Situ\u00e9 \u00e0 <strong>No.16 rue Hua Xing Est, district de Jinjiang, Chengdu, Sichuan<\/strong>, <strong>Pagoda Hotel Chengdu Taikoo Li<\/strong> est bien plus qu&#039;un refuge \u00e9l\u00e9gant dans l&#039;une des villes les plus dynamiques de Chine\u00a0: c&#039;est un havre de paix raffin\u00e9 pour le voyageur d&#039;affaires moderne. <strong>design contemporain, emplacement strat\u00e9gique et service professionnel<\/strong>, notre h\u00f4tel propose une suite de <strong>des installations commerciales soigneusement organis\u00e9es<\/strong> qui garantissent que votre journ\u00e9e de travail se d\u00e9roule aussi bien que votre exploration de la riche culture de Chengdu.<\/p><p>Que vous soyez en ville pour une r\u00e9union d\u2019entreprise de haut niveau, une conf\u00e9rence internationale ou pour g\u00e9rer un projet r\u00e9gional, <strong>Pagoda Hotel Chengdu Taikoo Li<\/strong> offre l&#039;environnement id\u00e9al pour rester concentr\u00e9, connect\u00e9 et prendre de l&#039;avance sur son emploi du temps. \u00c0 deux pas du quartier chic <strong>Taikoo Li<\/strong> Quartier \u2014 un centre de commerce, de marques de luxe et d&#039;entreprises mondiales \u2014 notre h\u00f4tel vous place \u00e0 l&#039;\u00e9picentre des opportunit\u00e9s, l\u00e0 o\u00f9 les affaires et le style de vie convergent.<\/p><div class=\"py-2 my-3\"><hr \/><\/div><h3>\ud83c\udfe2 Un environnement professionnel con\u00e7u pour la r\u00e9ussite<\/h3><p>Conscients des exigences du monde des affaires tr\u00e9pidant d&#039;aujourd&#039;hui, nous avons con\u00e7u nos \u00e9quipements professionnels pour favoriser l&#039;efficacit\u00e9, la confidentialit\u00e9 et un flux de travail fluide, que vous finalisiez une pr\u00e9sentation, organisiez un d\u00eener client ou pr\u00e9pariez un appel transfrontalier.<\/p><p>Depuis <strong>connectivit\u00e9 haut d\u00e9bit<\/strong> \u00e0 <strong>espaces de travail discrets<\/strong>, chaque d\u00e9tail a \u00e9t\u00e9 pens\u00e9 pour agr\u00e9menter votre exp\u00e9rience professionnelle.<\/p><div class=\"py-2 my-3\"><hr \/><\/div><h3>\u2705 Centre d&#039;affaires 24h\/24 et 7j\/7 : Travaillez selon vos conditions<\/h3><p>Notre <strong>centre d&#039;affaires ouvert 24h\/24<\/strong> C&#039;est un espace calme et lumineux, propice \u00e0 la productivit\u00e9. Ouvert 24h\/24, il propose\u00a0:<\/p><ul><li><strong>Wi-Fi ultra-rapide et s\u00e9curis\u00e9<\/strong> avec une bande passante de qualit\u00e9 professionnelle, id\u00e9ale pour la vid\u00e9oconf\u00e9rence sur Zoom, Teams ou WeChat Work.<\/li><li><strong>Postes de travail ergonomiques<\/strong> avec des chaises r\u00e9glables, un grand espace de bureau et un \u00e9clairage individuel.<\/li><li><strong>Imprimantes multifonctions, scanners et copieurs<\/strong> \u2014 compatible avec les cl\u00e9s USB, le stockage cloud et l\u2019impression mobile.<\/li><li><strong>Prises de courant et ports USB internationaux<\/strong> pour ordinateurs portables, smartphones et tablettes.<\/li><li><strong>Kits de papeterie gratuits<\/strong> \u2014 y compris des blocs-notes, des stylos, des enveloppes et des adaptateurs internationaux.<\/li><\/ul><p>Que vous r\u00e9pondiez \u00e0 des e-mails urgents \u00e0 minuit ou que vous pr\u00e9pariez un rapport de derni\u00e8re minute, le centre d&#039;affaires garantit que vous ne manquerez jamais des outils dont vous avez besoin.<\/p><div class=\"py-2 my-3\"><hr \/><\/div><h3>\ud83e\udd1d Salles de r\u00e9union et de conseil priv\u00e9es\u00a0: organisez vos \u00e9v\u00e9nements en toute confiance<\/h3><p>Pour les professionnels n\u00e9cessitant un cadre formel, <strong>Pagoda Hotel Chengdu Taikoo Li<\/strong> offres <strong>salles de r\u00e9union priv\u00e9es<\/strong> Con\u00e7us pour les petits et moyens rassemblements. Parfaits pour les pr\u00e9sentations clients, les collaborations d&#039;\u00e9quipe ou les entretiens de direction, ces espaces allient \u00e9l\u00e9gance et fonctionnalit\u00e9.<\/p><h4>Caract\u00e9ristiques principales :<\/h4><ul><li><strong>Dispositions de si\u00e8ges flexibles<\/strong> \u2014 En U, en salle de r\u00e9union ou en th\u00e9\u00e2tre pour 6 \u00e0 15 personnes.<\/li><li><strong>T\u00e9l\u00e9viseurs et projecteurs intelligents HD<\/strong> avec HDMI, mise en miroir d&#039;\u00e9cran sans fil (AirPlay, Miracast) et compatibilit\u00e9 avec les principales plates-formes de vid\u00e9oconf\u00e9rence.<\/li><li><strong>Syst\u00e8mes audio professionnels<\/strong> avec des haut-parleurs antibruit et des microphones sans fil.<\/li><li><strong>Rideaux occultants et climatisation<\/strong> pour une concentration et un confort optimaux.<\/li><li><strong>Service de restauration \u00e0 la demande<\/strong> \u2014 choisissez parmi des formules d\u00e9jeuner d&#039;affaires, des pauses caf\u00e9 ou des canap\u00e9s d&#039;inspiration Sichuan.<\/li><\/ul><p>Notre <strong>coordinateur d&#039;\u00e9v\u00e9nements d\u00e9di\u00e9<\/strong> est disponible pour vous aider dans la configuration, le support technique et la planification, garantissant ainsi que votre r\u00e9union se d\u00e9roule parfaitement du d\u00e9but \u00e0 la fin.<\/p><div class=\"py-2 my-3\"><hr \/><\/div><h3>\ud83d\udcbc Capacit\u00e9s professionnelles en chambre\u00a0: productivit\u00e9 transparente depuis votre suite<\/h3><p>M\u00eame dans le confort de votre chambre, l&#039;exp\u00e9rience professionnelle se poursuit. Toutes les chambres de l&#039;h\u00f4tel Pagoda sont con\u00e7ues pour les voyageurs d&#039;affaires\u00a0:<\/p><ul><li><strong>Bureaux de travail spacieux<\/strong> avec des chaises ergonomiques et un \u00e9clairage de travail.<\/li><li><strong>T\u00e9l\u00e9phones \u00e0 deux lignes<\/strong> avec messagerie vocale et capacit\u00e9s de num\u00e9rotation internationale.<\/li><li><strong>T\u00e9l\u00e9viseurs \u00e0 \u00e9cran plat haute d\u00e9finition<\/strong> avec entr\u00e9e HDMI pour pr\u00e9sentations ou streaming.<\/li><li><strong>Wi-Fi s\u00e9curis\u00e9 et haut d\u00e9bit<\/strong> avec des options de r\u00e9seau public et priv\u00e9 pour les donn\u00e9es sensibles.<\/li><li><strong>Enregistrement\/d\u00e9part num\u00e9rique et acc\u00e8s par cl\u00e9 mobile<\/strong> via l&#039;application de l&#039;h\u00f4tel \u2014 minimisant ainsi les temps d&#039;attente \u00e0 la r\u00e9ception et maximisant votre temps.<\/li><\/ul><p>Pour les s\u00e9jours prolong\u00e9s, <strong>suites ex\u00e9cutives<\/strong> offrent un espace suppl\u00e9mentaire, une alc\u00f4ve de travail s\u00e9par\u00e9e, un acc\u00e8s prioritaire aux services professionnels et une confidentialit\u00e9 accrue.<\/p><div class=\"py-2 my-3\"><hr \/><\/div><h3>\ud83c\udf10 Emplacement strat\u00e9gique pour les affaires et le r\u00e9seautage<\/h3><p>Situ\u00e9 \u00e0 <strong>District de Jinjiang<\/strong>, l&#039;une des zones commerciales les plus dynamiques de Chengdu, l&#039;h\u00f4tel vous place \u00e0 proximit\u00e9 des principaux centres d&#039;affaires et gouvernementaux :<\/p><ul><li><strong>0 m\u00e8tres<\/strong> depuis <strong>Taikoo Li Chengdu<\/strong> \u2014 abrite des marques multinationales, des startups technologiques et des d\u00e9taillants internationaux.<\/li><li><strong>5 minutes<\/strong> \u00e0 <strong>Quartier central des affaires de Chunxi Road<\/strong> \u2014 l&#039;un des quartiers financiers et commerciaux les plus fr\u00e9quent\u00e9s de Chengdu.<\/li><li><strong>10 minutes<\/strong> \u00e0 <strong>Complexe du gouvernement provincial du Sichuan<\/strong><\/li><li><strong>15 minutes<\/strong> \u00e0 <strong>Zone de d\u00e9veloppement industriel de haute technologie de Chengdu (CDHT)<\/strong><\/li><li><strong>20 minutes<\/strong> depuis <strong>Gare de l&#039;Est de Chengdu<\/strong> et <strong>Parc logiciel de Tianfu<\/strong><\/li><\/ul><p>L&#039;emplacement offre \u00e9galement une excellente connectivit\u00e9 via les transports en commun, avec <strong>Station de m\u00e9tro Chunxi Road (lignes 2 et 3)<\/strong> \u00e0 seulement 5 minutes \u00e0 pied, vous reliant directement aux centres de conf\u00e9rence, aux a\u00e9roports et aux quartiers financiers.<\/p><div class=\"py-2 my-3\"><hr \/><\/div><h3>\ud83d\udece\ufe0f Services d&#039;assistance transparents pour le professionnel moderne<\/h3><p>Au-del\u00e0 de l\u2019infrastructure physique, l\u2019h\u00f4tel offre <strong>services \u00e0 valeur ajout\u00e9e<\/strong> qui am\u00e9liorent votre exp\u00e9rience professionnelle :<\/p><ul><li><strong>Services de secr\u00e9tariat express<\/strong>:De la traduction de documents (anglais, mandarin, japonais) \u00e0 la gestion des e-mails et \u00e0 la planification d&#039;itin\u00e9raires, une assistance est disponible sur demande.<\/li><li><strong>Courrier et courrier express<\/strong>:Services de d\u00e9p\u00f4t et de collecte DHL, SF Express et FedEx \u00e0 la r\u00e9ception.<\/li><li><strong>Conciergerie d&#039;affaires<\/strong>:Un membre du personnel d\u00e9di\u00e9 pour aider \u00e0 la r\u00e9servation de salles de r\u00e9union, aux r\u00e9servations de restaurants pour les d\u00eeners des clients, aux arrangements de transport et aux conseils sur l&#039;\u00e9tiquette des entreprises locales.<\/li><li><strong>Personnel multilingue<\/strong>:Parle couramment le mandarin, l&#039;anglais et le japonais de base, assurant une communication claire pour les clients internationaux.<\/li><\/ul><p>Pour ceux qui cherchent \u00e0 concilier travail et bien-\u00eatre, l&#039;h\u00f4tel propose \u00e9galement un <strong>centre de fitness<\/strong>, <strong>espaces de d\u00e9tente calmes<\/strong>, et <strong>restaurant sur place<\/strong> proposant des buffets de petit-d\u00e9jeuner \u00e9nergisants avec des options du Sichuan et internationales, parfaits pour alimenter une journ\u00e9e productive.<\/p><div class=\"py-2 my-3\"><hr \/><\/div><h3>\ud83c\udfc6 Pourquoi choisir Pagoda Hotel Chengdu Taikoo Li pour un voyage d&#039;affaires ?<\/h3><ul><li>\u2705 <strong>Emplacement privil\u00e9gi\u00e9<\/strong> au c\u0153ur du quartier des affaires et du style de vie de Jinjiang<\/li><li>\u2705 <strong>Connectivit\u00e9 fiable et haut d\u00e9bit<\/strong> avec des syst\u00e8mes de sauvegarde<\/li><li>\u2705 <strong>Espaces de r\u00e9union professionnels<\/strong> avec int\u00e9gration technologique<\/li><li>\u2705 <strong>Acc\u00e8s 24h\/24 et 7j\/7 aux \u00e9l\u00e9ments essentiels de l&#039;entreprise<\/strong><\/li><li>\u2705 <strong>Service discret et efficace<\/strong> adapt\u00e9 aux besoins de l&#039;entreprise<\/li><li>\u2705 <strong>M\u00e9lange harmonieux de confort et de fonctionnalit\u00e9<\/strong><\/li><\/ul><p>Que vous concluiez une affaire, dirigiez une \u00e9quipe ou travailliez \u00e0 distance avec vue sur les toits de Chengdu, <strong>Pagoda Hotel Chengdu Taikoo Li<\/strong> transforme votre s\u00e9jour en une exp\u00e9rience haute performance.<\/p><div class=\"py-2 my-3\"><hr \/><\/div><p><strong>Planifiez votre s\u00e9jour d&#039;affaires d\u00e8s aujourd&#039;hui<\/strong><br \/>\ud83d\udccd <strong>Adresse<\/strong>: No.16 rue Hua Xing East, district de Jinjiang, Chengdu, Sichuan, Chine<br \/>\ud83d\udcde <strong>T\u00e9l\u00e9phone<\/strong>: \u00a0+86 185 5824 6062<\/p><p>\ud83c\udf10 <strong>Site web<\/strong>: <a href=\"https:\/\/www.trip.com\/t\/iWOy8FnSJR2\" target=\"_blank\" rel=\"noopener\">https:\/\/www.trip.com\/t\/iWOy8FnSJR2<\/a><br \/><br \/><\/p><div class=\"my-2\">\u00a0<\/div><p>\u00c0 <strong>Pagoda Hotel Chengdu Taikoo Li<\/strong>Nous ne nous contentons pas d&#039;accueillir les voyageurs d&#039;affaires, nous leur donnons les moyens d&#039;agir. Car dans le monde tr\u00e9pidant d&#039;aujourd&#039;hui, la r\u00e9ussite ne se r\u00e9sume pas \u00e0 la destination, mais \u00e0 l&#039;accompagnement dont vous b\u00e9n\u00e9ficiez une fois arriv\u00e9 \u00e0 destination.<\/p><div class=\"my-2\">\u00a0<\/div><p data-spm-anchor-id=\"a2ty_o01.29997173.0.i33.6fbec921q4yY4x\">#PagodaHotelChengdu #ChengduBusinessHotel #TaikooLiBusinessStay #JinjiangDistrictHotel #ExecutiveTravelChina #MeetingRoomsChengdu #ProfessionalStay #SmartHotelChina #BusinessFacilitiesChengdu #CorporateTravelSichuan<\/p>\t\t\t\t\t\t\t\t<\/div>\n\t\t\t\t\t<\/div>\n\t\t\t\t<\/div>\n\t\t\t\t<\/div>","protected":false},"excerpt":{"rendered":"<p>Our Hotel board room offers a private, elegant meeting space in the heart of New York for groups of 8 to 10 persons. For your comfort and convenience, coffee break packages are available. Capacity 8 &#8211; 10 persions Catering Coffee, Tea Internet Free Wifi LCD TV with HDMI Catering Coffee, Tea Capacity 8 &#8211; 10 [&hellip;]<\/p>\n","protected":false},"author":1,"featured_media":0,"parent":0,"menu_order":0,"comment_status":"closed","ping_status":"closed","template":"elementor_header_footer","meta":{"footnotes":""},"class_list":["post-2109","page","type-page","status-publish","hentry","post-no-thumbnail"],"_links":{"self":[{"href":"https:\/\/pagodahotelchengdu.com\/fr\/wp-json\/wp\/v2\/pages\/2109","targetHints":{"allow":["GET"]}}],"collection":[{"href":"https:\/\/pagodahotelchengdu.com\/fr\/wp-json\/wp\/v2\/pages"}],"about":[{"href":"https:\/\/pagodahotelchengdu.com\/fr\/wp-json\/wp\/v2\/types\/page"}],"author":[{"embeddable":true,"href":"https:\/\/pagodahotelchengdu.com\/fr\/wp-json\/wp\/v2\/users\/1"}],"replies":[{"embeddable":true,"href":"https:\/\/pagodahotelchengdu.com\/fr\/wp-json\/wp\/v2\/comments?post=2109"}],"version-history":[{"count":0,"href":"https:\/\/pagodahotelchengdu.com\/fr\/wp-json\/wp\/v2\/pages\/2109\/revisions"}],"wp:attachment":[{"href":"https:\/\/pagodahotelchengdu.com\/fr\/wp-json\/wp\/v2\/media?parent=2109"}],"curies":[{"name":"wp","href":"https:\/\/api.w.org\/{rel}","templated":true}]}}