{"id":612,"date":"2021-03-26T10:04:13","date_gmt":"2021-03-26T10:04:13","guid":{"rendered":"http:\/\/localhost\/nuss\/?page_id=612"},"modified":"2025-09-04T10:54:38","modified_gmt":"2025-09-04T10:54:38","slug":"restaurant","status":"publish","type":"page","link":"https:\/\/pagodahotelchengdu.com\/fr\/restaurant\/","title":{"rendered":"Restaurant"},"content":{"rendered":"<div data-elementor-type=\"wp-page\" data-elementor-id=\"612\" class=\"elementor elementor-612\">\n\t\t\t\t\t\t<section class=\"elementor-section elementor-top-section elementor-element elementor-element-e2effe8 elementor-section-boxed elementor-section-gap-beside-yes elementor-section-height-default elementor-section-height-default elementor-section-column-vertical-align-stretch\" data-id=\"e2effe8\" data-element_type=\"section\" data-e-type=\"section\">\n\t\t\t\t\t\t<div class=\"elementor-container elementor-column-gap-extended\">\n\t\t\t\t\t<div class=\"elementor-column elementor-col-100 elementor-top-column elementor-element elementor-element-e18f688\" data-id=\"e18f688\" data-element_type=\"column\" data-e-type=\"column\">\n\t\t\t<div class=\"elementor-widget-wrap elementor-element-populated\">\n\t\t\t\t\t\t<div class=\"elementor-element elementor-element-6db146d elementor-widget__width-initial elementor-invisible elementor-widget elementor-widget-text-editor\" data-id=\"6db146d\" data-element_type=\"widget\" data-e-type=\"widget\" data-settings=\"{&quot;_animation&quot;:&quot;nussFadeInUp&quot;}\" data-widget_type=\"text-editor.default\">\n\t\t\t\t\t\t\t\t\t<p><strong data-spm-anchor-id=\"a2ty_o01.29997173.0.i57.6fbec921q4yY4x\">Un voyage culinaire exquis au restaurant du Pagoda Hotel Chengdu Taikoo Li<\/strong><\/p>\t\t\t\t\t\t\t\t<\/div>\n\t\t\t\t\t<\/div>\n\t\t<\/div>\n\t\t\t\t\t<\/div>\n\t\t<\/section>\n\t\t<div class=\"elementor-element elementor-element-05eadeb e-flex e-con-boxed e-con e-parent\" data-id=\"05eadeb\" data-element_type=\"container\" data-e-type=\"container\">\n\t\t\t\t\t<div class=\"e-con-inner\">\n\t\t\t\t<div class=\"elementor-element elementor-element-cb0ecdc elementor-widget elementor-widget-nuss-image-gallery\" data-id=\"cb0ecdc\" data-element_type=\"widget\" data-e-type=\"widget\" data-widget_type=\"nuss-image-gallery.default\">\n\t\t\t\t<div class=\"elementor-widget-container\">\n\t\t\t\t\t\t\t<div class=\"nuss-grid-wrapper\" data-grid=\"{&quot;type&quot;:&quot;grid&quot;,&quot;ratio&quot;:null,&quot;columns&quot;:3,&quot;gutter&quot;:30}\">\r\n\t\t\t<div class=\"nuss-grid lazy-grid\">\r\n\t\t\t\t<div class=\"grid-sizer\"><\/div>\r\n\r\n\t\t\t\t\t\t\t\t\t\t\t\t<div class=\"grid-item\">\r\n\t\t\t\t\t\t<div class=\"nuss-box\">\t\t<div class=\"nuss-image image\">\r\n\t\t\t<img decoding=\"async\"  src=\"https:\/\/pagodahotelchengdu.com\/wp-content\/uploads\/2025\/09\/Pagoda-Hotel-Chengdu-Taikoo-Li-53.webp\" alt=\"H\u00f4tel Pagoda Chengdu Taikoo Li (53)\" \/>\t\t<\/div>\r\n\t\t\t\t<\/div>\t\t\t\t\t<\/div>\r\n\t\t\t\t\t\t<div class=\"grid-item\">\r\n\t\t\t\t\t\t<div class=\"nuss-box\">\t\t<div class=\"nuss-image image\">\r\n\t\t\t<img decoding=\"async\"  src=\"https:\/\/pagodahotelchengdu.com\/wp-content\/uploads\/2025\/09\/Pagoda-Hotel-Chengdu-Taikoo-Li-52.webp\" alt=\"Pagoda Hotel Chengdu Taikoo Li (52)\" \/>\t\t<\/div>\r\n\t\t\t\t<\/div>\t\t\t\t\t<\/div>\r\n\t\t\t\t\t\t<div class=\"grid-item\">\r\n\t\t\t\t\t\t<div class=\"nuss-box\">\t\t<div class=\"nuss-image image\">\r\n\t\t\t<img decoding=\"async\"  src=\"https:\/\/pagodahotelchengdu.com\/wp-content\/uploads\/2025\/09\/Pagoda-Hotel-Chengdu-Taikoo-Li-51.webp\" alt=\"H\u00f4tel Pagoda Chengdu Taikoo Li (51)\" \/>\t\t<\/div>\r\n\t\t\t\t<\/div>\t\t\t\t\t<\/div>\r\n\t\t\t\t\t\t<div class=\"grid-item\">\r\n\t\t\t\t\t\t<div class=\"nuss-box\">\t\t<div class=\"nuss-image image\">\r\n\t\t\t<img decoding=\"async\"  src=\"https:\/\/pagodahotelchengdu.com\/wp-content\/uploads\/2025\/09\/Pagoda-Hotel-Chengdu-Taikoo-Li-48.webp\" alt=\"H\u00f4tel Pagoda Chengdu Taikoo Li (48)\" \/>\t\t<\/div>\r\n\t\t\t\t<\/div>\t\t\t\t\t<\/div>\r\n\t\t\t\t\t\t<div class=\"grid-item\">\r\n\t\t\t\t\t\t<div class=\"nuss-box\">\t\t<div class=\"nuss-image image\">\r\n\t\t\t<img decoding=\"async\"  src=\"https:\/\/pagodahotelchengdu.com\/wp-content\/uploads\/2025\/09\/Pagoda-Hotel-Chengdu-Taikoo-Li-49.webp\" alt=\"Pagoda Hotel Chengdu Taikoo Li (49)\" \/>\t\t<\/div>\r\n\t\t\t\t<\/div>\t\t\t\t\t<\/div>\r\n\t\t\t\t\t\t<div class=\"grid-item\">\r\n\t\t\t\t\t\t<div class=\"nuss-box\">\t\t<div class=\"nuss-image image\">\r\n\t\t\t<img decoding=\"async\"  src=\"https:\/\/pagodahotelchengdu.com\/wp-content\/uploads\/2025\/09\/Pagoda-Hotel-Chengdu-Taikoo-Li-47.webp\" alt=\"Pagoda Hotel Chengdu Taikoo Li (47)\" \/>\t\t<\/div>\r\n\t\t\t\t<\/div>\t\t\t\t\t<\/div>\r\n\t\t\t\t\t\t<div class=\"grid-item\">\r\n\t\t\t\t\t\t<div class=\"nuss-box\">\t\t<div class=\"nuss-image image\">\r\n\t\t\t<img decoding=\"async\"  src=\"https:\/\/pagodahotelchengdu.com\/wp-content\/uploads\/2025\/09\/Pagoda-Hotel-Chengdu-Taikoo-Li-46.webp\" alt=\"Pagoda Hotel Chengdu Taikoo Li (46)\" \/>\t\t<\/div>\r\n\t\t\t\t<\/div>\t\t\t\t\t<\/div>\r\n\t\t\t\t\t\t<div class=\"grid-item\">\r\n\t\t\t\t\t\t<div class=\"nuss-box\">\t\t<div class=\"nuss-image image\">\r\n\t\t\t<img decoding=\"async\"  src=\"https:\/\/pagodahotelchengdu.com\/wp-content\/uploads\/2025\/09\/Pagoda-Hotel-Chengdu-Taikoo-Li-45.webp\" alt=\"Pagoda Hotel Chengdu Taikoo Li (45)\" \/>\t\t<\/div>\r\n\t\t\t\t<\/div>\t\t\t\t\t<\/div>\r\n\t\t\t\t\t\t<div class=\"grid-item\">\r\n\t\t\t\t\t\t<div class=\"nuss-box\">\t\t<div class=\"nuss-image image\">\r\n\t\t\t<img decoding=\"async\"  src=\"https:\/\/pagodahotelchengdu.com\/wp-content\/uploads\/2025\/09\/Pagoda-Hotel-Chengdu-Taikoo-Li-44.webp\" alt=\"H\u00f4tel Pagoda Chengdu Taikoo Li (44)\" \/>\t\t<\/div>\r\n\t\t\t\t<\/div>\t\t\t\t\t<\/div>\r\n\t\t\t\t\t\t<div class=\"grid-item\">\r\n\t\t\t\t\t\t<div class=\"nuss-box\">\t\t<div class=\"nuss-image image\">\r\n\t\t\t<img decoding=\"async\"  src=\"https:\/\/pagodahotelchengdu.com\/wp-content\/uploads\/2025\/09\/Pagoda-Hotel-Chengdu-Taikoo-Li-41.webp\" alt=\"Pagoda Hotel Chengdu Taikoo Li (41)\" \/>\t\t<\/div>\r\n\t\t\t\t<\/div>\t\t\t\t\t<\/div>\r\n\t\t\t\t\t\t<div class=\"grid-item\">\r\n\t\t\t\t\t\t<div class=\"nuss-box\">\t\t<div class=\"nuss-image image\">\r\n\t\t\t<img decoding=\"async\"  src=\"https:\/\/pagodahotelchengdu.com\/wp-content\/uploads\/2025\/09\/Pagoda-Hotel-Chengdu-Taikoo-Li-42.webp\" alt=\"Pagoda Hotel Chengdu Taikoo Li (42)\" \/>\t\t<\/div>\r\n\t\t\t\t<\/div>\t\t\t\t\t<\/div>\r\n\t\t\t\t\t\t<div class=\"grid-item\">\r\n\t\t\t\t\t\t<div class=\"nuss-box\">\t\t<div class=\"nuss-image image\">\r\n\t\t\t<img decoding=\"async\"  src=\"https:\/\/pagodahotelchengdu.com\/wp-content\/uploads\/2025\/09\/Pagoda-Hotel-Chengdu-Taikoo-Li-40.webp\" alt=\"H\u00f4tel Pagoda Chengdu Taikoo Li (40)\" \/>\t\t<\/div>\r\n\t\t\t\t<\/div>\t\t\t\t\t<\/div>\r\n\t\t\t\t\t\t\t\r\n\t\t\t<\/div>\r\n\t\t<\/div>\r\n\t\t\t\t\t\t<\/div>\n\t\t\t\t<\/div>\n\t\t\t\t\t<\/div>\n\t\t\t\t<\/div>\n\t\t<div class=\"elementor-element elementor-element-3f96813 e-flex e-con-boxed e-con e-parent\" data-id=\"3f96813\" data-element_type=\"container\" data-e-type=\"container\">\n\t\t\t\t\t<div class=\"e-con-inner\">\n\t\t\t\t<div class=\"elementor-element elementor-element-4ab724b elementor-widget elementor-widget-text-editor\" data-id=\"4ab724b\" data-element_type=\"widget\" data-e-type=\"widget\" data-widget_type=\"text-editor.default\">\n\t\t\t\t\t\t\t\t\t<p data-spm-anchor-id=\"a2ty_o01.29997173.0.i58.6fbec921q4yY4x\">Nich\u00e9 au c\u0153ur anim\u00e9 de <strong>District de Jinjiang<\/strong>, <strong>le restaurant sur place du Pagoda Hotel Chengdu Taikoo Li<\/strong> offre plus qu&#039;un simple repas \u2014 il vous invite \u00e0 une aventure gastronomique raffin\u00e9e qui c\u00e9l\u00e8bre les saveurs audacieuses, aromatiques et profond\u00e9ment complexes de <strong>cuisine authentique du Sichuan<\/strong>, le tout dans un cadre \u00e9l\u00e9gant et serein. Situ\u00e9 \u00e0 <strong>No.16 rue Hua Xing Est, Chengdu, Sichuan, Chine<\/strong>, \u00e0 quelques pas du c\u00e9l\u00e8bre <strong>Taikoo Li<\/strong> quartier commer\u00e7ant et culturel, notre restaurant est la destination id\u00e9ale pour les clients et les visiteurs \u00e0 la recherche d&#039;un m\u00e9lange harmonieux de <strong>patrimoine local, pr\u00e9sentation moderne et confort sophistiqu\u00e9<\/strong>.<\/p><p>Que vous commenciez votre journ\u00e9e avec un petit-d\u00e9jeuner nourrissant, que vous vous d\u00e9tendiez apr\u00e8s une journ\u00e9e d&#039;exploration de Kuanzhai Alley ou que vous receviez un associ\u00e9 pour une conversation significative, notre exp\u00e9rience culinaire est con\u00e7ue pour ravir les sens et honorer le riche h\u00e9ritage culinaire de Chengdu \u2014 un <strong>Ville UNESCO de la gastronomie<\/strong>.<\/p><div class=\"py-2 my-3\"><hr \/><\/div><h3>\ud83c\udf5c Une c\u00e9l\u00e9bration des saveurs authentiques du Sichuan<\/h3><p>Au c\u0153ur de notre menu se trouve un profond respect pour <strong>Les traditions culinaires l\u00e9gendaires du Sichuan<\/strong> \u2014 o\u00f9 la chaleur ardente du piment rencontre l&#039;engourdissement piquant du poivre du Sichuan dans une symphonie de <em>m\u00e1l\u00e0<\/em> (engourdissant-\u00e9pic\u00e9) perfection. Nos chefs, form\u00e9s aux techniques ancestrales et inspir\u00e9s par les march\u00e9s anim\u00e9s de Chengdu, concoctent des plats \u00e0 la fois <strong>audacieuse en saveur et \u00e9quilibr\u00e9e en harmonie<\/strong>.<\/p><h4>Plats signatures \u00e0 ne pas manquer :<\/h4><ul><li><strong>Tofu Mapo<\/strong>:Tofu soyeux dans une sauce bouillonnante et aromatique avec du porc hach\u00e9 et des haricots noirs ferment\u00e9s \u2014 un plat si embl\u00e9matique qu&#039;il est consid\u00e9r\u00e9 comme l&#039;\u00e2me de la cuisine du Sichuan.<\/li><li><strong>Nouilles Dan Dan<\/strong>:Un classique de la cuisine de rue de Chengdu, compos\u00e9 de nouilles fines garnies de porc hach\u00e9 \u00e9pic\u00e9, de l\u00e9gumes marin\u00e9s et d&#039;une vinaigrette parfum\u00e9e \u00e0 l&#039;huile de piment.<\/li><li><strong>Rago\u00fbt du Sichuan (\u00c0i Hu\u01d2gu\u014d)<\/strong>:Bien que nous n&#039;offrions pas une exp\u00e9rience compl\u00e8te de fondue chinoise au restaurant, notre menu propose des plats inspir\u00e9s de la fondue chinoise et des rago\u00fbts de saison qui capturent l&#039;essence de ce favori communautaire.<\/li><li><strong>Porc cuit deux fois (Hu\u00ed Gu\u014d R\u00f2u)<\/strong>:Tranches tendres de poitrine de porc brais\u00e9es, puis saut\u00e9es avec des poireaux et des haricots ferment\u00e9s pour un d\u00e9lice fum\u00e9 et savoureux.<\/li><\/ul><p>Chaque plat est pr\u00e9par\u00e9 avec <strong>ingr\u00e9dients frais et de saison<\/strong>, dont beaucoup proviennent de fermes et de march\u00e9s locaux, garantissant une saveur optimale et soutenant la communaut\u00e9 r\u00e9gionale.<\/p><div class=\"py-2 my-3\"><hr \/><\/div><h3>\ud83c\udf3f Un menu pour chaque palais<\/h3><p>Conscients des besoins divers de nos clients internationaux et nationaux, nous proposons une <strong>menu soigneusement \u00e9labor\u00e9<\/strong> qui va au-del\u00e0 des \u00e9pices pour embrasser la vari\u00e9t\u00e9 et l&#039;inclusivit\u00e9.<\/p><ul><li><strong>Options v\u00e9g\u00e9tariennes et v\u00e9g\u00e9taliennes<\/strong>:Des l\u00e9gumes de saison saut\u00e9s aux sp\u00e9cialit\u00e9s \u00e0 base de tofu, notre cuisine est heureuse de s&#039;adapter aux r\u00e9gimes \u00e0 base de plantes.<\/li><li><strong>Plats sans gluten<\/strong>:Nous proposons plusieurs options sans gluten et pouvons modifier les plats sur demande.<\/li><li><strong>Favoris internationaux<\/strong>:Pour ceux qui recherchent une pause \u00e9pic\u00e9e, savourez des classiques occidentaux comme des \u0153ufs brouill\u00e9s, du bacon et des fruits frais au petit-d\u00e9jeuner, ou des prot\u00e9ines grill\u00e9es et des p\u00e2tes au d\u00e9jeuner et au d\u00eener.<\/li><li><strong>Buffet de petit-d\u00e9jeuner<\/strong>: Commencez votre journ\u00e9e avec un g\u00e9n\u00e9reux buffet compos\u00e9 \u00e0 la fois <strong>S\u00e9lections chinoises et occidentales<\/strong> \u2014 du congee fumant, du baozi, des l\u00e9gumes marin\u00e9s, accompagn\u00e9s de yaourts, de pains et de caf\u00e9 de qualit\u00e9 sup\u00e9rieure.<\/li><\/ul><p>Notre \u00e9quipe culinaire s&#039;engage \u00e0 ce que chaque client, qu&#039;il soit amateur d&#039;\u00e9pices ou nouveau venu prudent, trouve quelque chose de d\u00e9licieux \u00e0 savourer.<\/p><div class=\"py-2 my-3\"><hr \/><\/div><h3>\ud83c\udf7d\ufe0f Une ambiance d&#039;\u00e9l\u00e9gance raffin\u00e9e<\/h3><p>La conception du restaurant refl\u00e8te la m\u00eame philosophie que l&#039;h\u00f4tel : <strong>sophistication moderne avec une \u00e2me de tradition<\/strong>Avec un \u00e9clairage doux, des accents de bois naturel et de grandes fen\u00eatres qui invitent \u00e0 la lumi\u00e8re naturelle, l&#039;espace est \u00e0 la fois <strong>accueillant et polyvalent<\/strong>.<\/p><ul><li><strong>Matin<\/strong>:Commencez votre journ\u00e9e dans un cadre lumineux et a\u00e9r\u00e9 avec une tasse de th\u00e9 ou de caf\u00e9 chaud et une assiette de dim sum fra\u00eechement pr\u00e9par\u00e9s.<\/li><li><strong>D\u00e9jeuner<\/strong>: Profitez d&#039;un repas d&#039;affaires rapide mais satisfaisant avec nos ensembles d\u00e9jeuner ex\u00e9cutifs.<\/li><li><strong>D\u00eener<\/strong>: Offrez-vous une soir\u00e9e tranquille de gastronomie raffin\u00e9e, o\u00f9 les ar\u00f4mes subtils des \u00e9pices du Sichuan remplissent l&#039;air et l&#039;ambiance encourage la conversation.<\/li><li><strong>Boissons du soir<\/strong>:D\u00e9tendez-vous avec un verre de vin, un th\u00e9 local ou un cocktail signature de notre carte de boissons, servi dans l&#039;\u00e9l\u00e9gance tranquille de la salle \u00e0 manger.<\/li><\/ul><p>Le restaurant est \u00e9galement <strong>ouvert au public<\/strong>, ce qui en fait un choix de confiance pour les locaux organisant des r\u00e9unions, les couples en rendez-vous galant ou les visiteurs explorant la sc\u00e8ne culinaire de Chengdu au-del\u00e0 des rues.<\/p><div class=\"py-2 my-3\"><hr \/><\/div><h3>\ud83d\udccd Un emplacement privil\u00e9gi\u00e9 pour les gourmands<\/h3><p>Situ\u00e9 au c\u0153ur de <strong>District de Jinjiang<\/strong>, notre restaurant est \u00e0 quelques pas de certaines des destinations les plus embl\u00e9matiques de Chengdu :<\/p><ul><li><strong>Taikoo Li (0 m\u00e8tres)<\/strong>:L&#039;un des quartiers de style de vie les plus c\u00e9l\u00e8bres d&#039;Asie, abritant des marques de luxe, des galeries d&#039;art et des restaurants gastronomiques.<\/li><li><strong>Ruelle Kuanzhai (ruelles larges et \u00e9troites)<\/strong>:Une promenade de 10 minutes pour explorer les ruelles restaur\u00e9es de la dynastie Qing et go\u00fbter \u00e0 la cuisine de rue locale.<\/li><li><strong>Route de Chunxi<\/strong>:\u00c0 seulement 5 minutes \u2014 la rue commer\u00e7ante la plus c\u00e9l\u00e8bre de Chengdu.<\/li><li><strong>Temple Daci<\/strong>:Un temple bouddhiste serein du XVe si\u00e8cle entour\u00e9 de caf\u00e9s et de boutiques branch\u00e9s.<\/li><\/ul><p>Cela fait <strong>le restaurant du Pagoda Hotel Chengdu Taikoo Li<\/strong> une \u00e9tape id\u00e9ale pour :<\/p><ul><li><strong>Voyageurs d&#039;affaires<\/strong> besoin d&#039;un espace de restauration fiable et professionnel<\/li><li><strong>Les touristes<\/strong> \u00e0 la recherche d&#039;une cuisine authentique du Sichuan dans un environnement propre et confortable<\/li><li><strong>Invit\u00e9s locaux<\/strong> \u00e0 la recherche d&#039;un repas calme et de qualit\u00e9, sans le chaos des stands de rue bond\u00e9s<\/li><\/ul><div class=\"py-2 my-3\"><hr \/><\/div><h3>\u2615 Service attentionn\u00e9 et pratiques durables<\/h3><p>Au c\u0153ur de notre restaurant se trouve une \u00e9quipe de <strong>professionnels d\u00e9vou\u00e9s de la cuisine et du service<\/strong> Pour qui la bonne cuisine n&#039;est qu&#039;une partie de l&#039;exp\u00e9rience. De l&#039;accueil chaleureux \u00e0 la porte au service attentionn\u00e9 et discret, chaque interaction est con\u00e7ue pour vous faire sentir <strong>valoris\u00e9 et \u00e0 l&#039;aise<\/strong>.<\/p><p>Nous priorisons \u00e9galement <strong>durabilit\u00e9 et qualit\u00e9<\/strong>:<\/p><ul><li>Les ingr\u00e9dients proviennent de <strong>fermes et march\u00e9s locaux<\/strong> pour assurer la fra\u00eecheur et soutenir l&#039;\u00e9conomie r\u00e9gionale.<\/li><li>Nous utilisons <strong>emballage \u00e9cologique<\/strong> pour les commandes \u00e0 emporter.<\/li><li>Nos pratiques en cuisine <strong>gestion responsable des d\u00e9chets<\/strong> et l&#039;efficacit\u00e9 \u00e9nerg\u00e9tique.<\/li><\/ul><p>Cet engagement envers <strong>hospitalit\u00e9 \u00e9thique<\/strong> garantit que votre repas n&#039;est pas seulement bon au go\u00fbt, mais qu&#039;il est \u00e9galement agr\u00e9able au toucher.<\/p><div class=\"py-2 my-3\"><hr \/><\/div><h3>\ud83e\udd62 Plus qu&#039;un repas \u2014 Un avant-go\u00fbt de l&#039;esprit de Chengdu<\/h3><p>Dans une ville o\u00f9 la nourriture est la vie, <strong>le restaurant du Pagoda Hotel Chengdu Taikoo Li<\/strong> Un hommage \u00e0 l&#039;\u00e2me culinaire de Chengdu : ardente, accueillante et d\u00e9licieusement exquise. Nous ne nous contentons pas de servir de la nourriture\u00a0; nous partageons culture, r\u00e9confort et convivialit\u00e9, un plat \u00e0 la fois.<\/p><p>Que vous s\u00e9journiez chez nous ou que vous soyez simplement de passage, nous vous invitons \u00e0 vous installer, \u00e0 siroter une tasse de th\u00e9 au jasmin et \u00e0 laisser les saveurs du Sichuan r\u00e9chauffer votre esprit.<\/p><div class=\"py-2 my-3\"><hr \/><\/div><p data-spm-anchor-id=\"a2ty_o01.29997173.0.i59.6fbec921q4yY4x\"><strong>D\u00eenez avec nous aujourd&#039;hui<\/strong><br \/>\ud83d\udccd <strong>Emplacement<\/strong>: No.16 rue Hua Xing East, district de Jinjiang, Chengdu, Sichuan, Chine<br \/>\ud83d\udd52 <strong>Heures<\/strong>:Ouvert tous les jours \u00e0 partir de <strong>7h00 \u2013 22h00<\/strong> (Petit-d\u00e9jeuner, d\u00e9jeuner, d\u00eener)<br \/>\ud83d\udcde <strong>Appelez-nous<\/strong>: +86 185 5824 6062<br \/>\ud83c\udf7d\ufe0f <strong>R\u00e9servations recommand\u00e9es<\/strong>:Disponible pour les clients internes et les visiteurs sans rendez-vous<\/p><p>#PagodaH\u00f4telChengdu #ChengduRestaurant #SichuanCuisine #H\u00f4telD\u00eenerChengdu #BestRestaurantJinjiang #MapoTofuChengdu #BusinessLunchChengdu #V\u00e9g\u00e9tarienSichuan #ChengduFoodExperience #SustainableDining #SaveursLocalesChengdu #C\u00e9l\u00e9brerChengdu<\/p><div class=\"py-2 my-3\"><hr \/><\/div><p data-spm-anchor-id=\"a2ty_o01.29997173.0.i60.6fbec921q4yY4x\"><strong>Au Pagoda Hotel Chengdu Taikoo Li, chaque repas est une c\u00e9l\u00e9bration de la saveur, du lieu et du but.<\/strong><\/p>\t\t\t\t\t\t\t\t<\/div>\n\t\t\t\t\t<\/div>\n\t\t\t\t<\/div>\n\t\t\t\t<section class=\"elementor-section elementor-top-section elementor-element elementor-element-7cd0da2d elementor-section-stretched elementor-section-boxed elementor-section-gap-beside-yes elementor-section-height-default elementor-section-height-default elementor-section-column-vertical-align-stretch\" data-id=\"7cd0da2d\" data-element_type=\"section\" data-e-type=\"section\" data-settings=\"{&quot;background_background&quot;:&quot;classic&quot;,&quot;stretch_section&quot;:&quot;section-stretched&quot;}\">\n\t\t\t\t\t\t<div class=\"elementor-container elementor-column-gap-extended\">\n\t\t\t\t\t<div class=\"elementor-column elementor-col-100 elementor-top-column elementor-element elementor-element-7904f509\" data-id=\"7904f509\" data-element_type=\"column\" data-e-type=\"column\">\n\t\t\t<div class=\"elementor-widget-wrap elementor-element-populated\">\n\t\t\t\t\t\t<div class=\"elementor-element elementor-element-2eb19947 elementor-widget elementor-widget-heading\" data-id=\"2eb19947\" data-element_type=\"widget\" data-e-type=\"widget\" data-widget_type=\"heading.default\">\n\t\t\t\t\t<h2 class=\"elementor-heading-title elementor-size-default\">Ch\u00e8que disponible <\/h2>\t\t\t\t<\/div>\n\t\t\t\t<div class=\"elementor-element elementor-element-36d2e784 elementor-widget elementor-widget-text-editor\" data-id=\"36d2e784\" data-element_type=\"widget\" data-e-type=\"widget\" data-widget_type=\"text-editor.default\">\n\t\t\t\t\t\t\t\t\t<iframe border=\"0\" src=\"https:\/\/www.trip.com\/partners\/ad\/S5194877?Allianceid=4590391&#038;SID=255941827&#038;trip_sub1=\" style=\"width:1200px;height:200px\" frameborder=\"0\" scrolling=\"no\" id=\"S5194877\"><\/iframe>\t\t\t\t\t\t\t\t<\/div>\n\t\t\t\t\t<\/div>\n\t\t<\/div>\n\t\t\t\t\t<\/div>\n\t\t<\/section>\n\t\t\t\t<\/div>","protected":false},"excerpt":{"rendered":"<p>Feeling healthy and well is not a luxury but an absolute necessity. Heal both your soul and body with our miraculous treatments and return home as a new person, calm and refreshed. Opening Dates Monday &#8211; Sunday Opening Hours 06:00 am &#8211; 22:30 pm Price Range $50 &#8211; $450 Book A Table Or calll us: [&hellip;]<\/p>\n","protected":false},"author":1,"featured_media":0,"parent":0,"menu_order":0,"comment_status":"closed","ping_status":"closed","template":"","meta":{"footnotes":""},"class_list":["post-612","page","type-page","status-publish","hentry","post-no-thumbnail"],"_links":{"self":[{"href":"https:\/\/pagodahotelchengdu.com\/fr\/wp-json\/wp\/v2\/pages\/612","targetHints":{"allow":["GET"]}}],"collection":[{"href":"https:\/\/pagodahotelchengdu.com\/fr\/wp-json\/wp\/v2\/pages"}],"about":[{"href":"https:\/\/pagodahotelchengdu.com\/fr\/wp-json\/wp\/v2\/types\/page"}],"author":[{"embeddable":true,"href":"https:\/\/pagodahotelchengdu.com\/fr\/wp-json\/wp\/v2\/users\/1"}],"replies":[{"embeddable":true,"href":"https:\/\/pagodahotelchengdu.com\/fr\/wp-json\/wp\/v2\/comments?post=612"}],"version-history":[{"count":0,"href":"https:\/\/pagodahotelchengdu.com\/fr\/wp-json\/wp\/v2\/pages\/612\/revisions"}],"wp:attachment":[{"href":"https:\/\/pagodahotelchengdu.com\/fr\/wp-json\/wp\/v2\/media?parent=612"}],"curies":[{"name":"wp","href":"https:\/\/api.w.org\/{rel}","templated":true}]}}