{"id":647,"date":"2021-03-29T02:13:52","date_gmt":"2021-03-29T02:13:52","guid":{"rendered":"http:\/\/localhost\/nuss\/?page_id=647"},"modified":"2025-09-04T13:22:57","modified_gmt":"2025-09-04T13:22:57","slug":"services","status":"publish","type":"page","link":"https:\/\/pagodahotelchengdu.com\/fr\/services\/","title":{"rendered":"Services"},"content":{"rendered":"<div data-elementor-type=\"wp-page\" data-elementor-id=\"647\" class=\"elementor elementor-647\">\n\t\t\t\t\t\t<section class=\"elementor-section elementor-top-section elementor-element elementor-element-3353bc8 elementor-section-boxed elementor-section-gap-beside-yes elementor-section-height-default elementor-section-height-default elementor-section-column-vertical-align-stretch\" data-id=\"3353bc8\" data-element_type=\"section\" data-e-type=\"section\">\n\t\t\t\t\t\t<div class=\"elementor-container elementor-column-gap-extended\">\n\t\t\t\t\t<div class=\"elementor-column elementor-col-100 elementor-top-column elementor-element elementor-element-0a2bc64\" data-id=\"0a2bc64\" data-element_type=\"column\" data-e-type=\"column\">\n\t\t\t<div class=\"elementor-widget-wrap elementor-element-populated\">\n\t\t\t\t\t\t<div class=\"elementor-element elementor-element-447e3ef elementor-widget__width-initial elementor-invisible elementor-widget elementor-widget-text-editor\" data-id=\"447e3ef\" data-element_type=\"widget\" data-e-type=\"widget\" data-settings=\"{&quot;_animation&quot;:&quot;nussFadeInUp&quot;}\" data-widget_type=\"text-editor.default\">\n\t\t\t\t\t\t\t\t\t<p><strong data-spm-anchor-id=\"a2ty_o01.29997173.0.i63.6fbec921q4yY4x\">Les services complets du Pagoda Hotel Chengdu Taikoo Li<\/strong><\/p>\t\t\t\t\t\t\t\t<\/div>\n\t\t\t\t\t<\/div>\n\t\t<\/div>\n\t\t\t\t\t<\/div>\n\t\t<\/section>\n\t\t<div class=\"elementor-element elementor-element-01bff08 e-flex e-con-boxed e-con e-parent\" data-id=\"01bff08\" data-element_type=\"container\" data-e-type=\"container\">\n\t\t\t\t\t<div class=\"e-con-inner\">\n\t\t\t\t<div class=\"elementor-element elementor-element-3e3b0d2 elementor-widget elementor-widget-nuss-image-gallery\" data-id=\"3e3b0d2\" data-element_type=\"widget\" data-e-type=\"widget\" data-widget_type=\"nuss-image-gallery.default\">\n\t\t\t\t<div class=\"elementor-widget-container\">\n\t\t\t\t\t\t\t<div class=\"nuss-grid-wrapper\" data-grid=\"{&quot;type&quot;:&quot;grid&quot;,&quot;ratio&quot;:null,&quot;columns&quot;:3,&quot;gutter&quot;:30}\">\r\n\t\t\t<div class=\"nuss-grid lazy-grid\">\r\n\t\t\t\t<div class=\"grid-sizer\"><\/div>\r\n\r\n\t\t\t\t\t\t\t\t\t\t\t\t<div class=\"grid-item\">\r\n\t\t\t\t\t\t<div class=\"nuss-box\">\t\t<div class=\"nuss-image image\">\r\n\t\t\t<img decoding=\"async\"  src=\"https:\/\/pagodahotelchengdu.com\/wp-content\/uploads\/2025\/09\/Pagoda-Hotel-Chengdu-Taikoo-Li-14.webp\" alt=\"Pagoda Hotel Chengdu Taikoo Li (14)\" \/>\t\t<\/div>\r\n\t\t\t\t<\/div>\t\t\t\t\t<\/div>\r\n\t\t\t\t\t\t<div class=\"grid-item\">\r\n\t\t\t\t\t\t<div class=\"nuss-box\">\t\t<div class=\"nuss-image image\">\r\n\t\t\t<img decoding=\"async\"  src=\"https:\/\/pagodahotelchengdu.com\/wp-content\/uploads\/2025\/09\/Pagoda-Hotel-Chengdu-Taikoo-Li-15.webp\" alt=\"Pagoda Hotel Chengdu Taikoo Li (15)\" \/>\t\t<\/div>\r\n\t\t\t\t<\/div>\t\t\t\t\t<\/div>\r\n\t\t\t\t\t\t<div class=\"grid-item\">\r\n\t\t\t\t\t\t<div class=\"nuss-box\">\t\t<div class=\"nuss-image image\">\r\n\t\t\t<img decoding=\"async\"  src=\"https:\/\/pagodahotelchengdu.com\/wp-content\/uploads\/2025\/09\/Pagoda-Hotel-Chengdu-Taikoo-Li-13.webp\" alt=\"Pagoda Hotel Chengdu Taikoo Li (13)\" \/>\t\t<\/div>\r\n\t\t\t\t<\/div>\t\t\t\t\t<\/div>\r\n\t\t\t\t\t\t<div class=\"grid-item\">\r\n\t\t\t\t\t\t<div class=\"nuss-box\">\t\t<div class=\"nuss-image image\">\r\n\t\t\t<img decoding=\"async\"  src=\"https:\/\/pagodahotelchengdu.com\/wp-content\/uploads\/2025\/09\/Pagoda-Hotel-Chengdu-Taikoo-Li-9.webp\" alt=\"H\u00f4tel Pagoda Chengdu Taikoo Li (9)\" \/>\t\t<\/div>\r\n\t\t\t\t<\/div>\t\t\t\t\t<\/div>\r\n\t\t\t\t\t\t<div class=\"grid-item\">\r\n\t\t\t\t\t\t<div class=\"nuss-box\">\t\t<div class=\"nuss-image image\">\r\n\t\t\t<img decoding=\"async\"  src=\"https:\/\/pagodahotelchengdu.com\/wp-content\/uploads\/2025\/09\/Pagoda-Hotel-Chengdu-Taikoo-Li-5.webp\" alt=\"H\u00f4tel Pagoda Chengdu Taikoo Li (5)\" \/>\t\t<\/div>\r\n\t\t\t\t<\/div>\t\t\t\t\t<\/div>\r\n\t\t\t\t\t\t<div class=\"grid-item\">\r\n\t\t\t\t\t\t<div class=\"nuss-box\">\t\t<div class=\"nuss-image image\">\r\n\t\t\t<img decoding=\"async\"  src=\"https:\/\/pagodahotelchengdu.com\/wp-content\/uploads\/2025\/09\/Pagoda-Hotel-Chengdu-Taikoo-Li-19.webp\" alt=\"Pagoda Hotel Chengdu Taikoo Li (19)\" \/>\t\t<\/div>\r\n\t\t\t\t<\/div>\t\t\t\t\t<\/div>\r\n\t\t\t\t\t\t<div class=\"grid-item\">\r\n\t\t\t\t\t\t<div class=\"nuss-box\">\t\t<div class=\"nuss-image image\">\r\n\t\t\t<img decoding=\"async\"  src=\"https:\/\/pagodahotelchengdu.com\/wp-content\/uploads\/2025\/09\/Pagoda-Hotel-Chengdu-Taikoo-Li-18.webp\" alt=\"Pagoda Hotel Chengdu Taikoo Li (18)\" \/>\t\t<\/div>\r\n\t\t\t\t<\/div>\t\t\t\t\t<\/div>\r\n\t\t\t\t\t\t<div class=\"grid-item\">\r\n\t\t\t\t\t\t<div class=\"nuss-box\">\t\t<div class=\"nuss-image image\">\r\n\t\t\t<img decoding=\"async\"  src=\"https:\/\/pagodahotelchengdu.com\/wp-content\/uploads\/2025\/09\/Pagoda-Hotel-Chengdu-Taikoo-Li-36.webp\" alt=\"H\u00f4tel Pagoda Chengdu Taikoo Li (36)\" \/>\t\t<\/div>\r\n\t\t\t\t<\/div>\t\t\t\t\t<\/div>\r\n\t\t\t\t\t\t<div class=\"grid-item\">\r\n\t\t\t\t\t\t<div class=\"nuss-box\">\t\t<div class=\"nuss-image image\">\r\n\t\t\t<img decoding=\"async\"  src=\"https:\/\/pagodahotelchengdu.com\/wp-content\/uploads\/2025\/09\/Pagoda-Hotel-Chengdu-Taikoo-Li-42.webp\" alt=\"Pagoda Hotel Chengdu Taikoo Li (42)\" \/>\t\t<\/div>\r\n\t\t\t\t<\/div>\t\t\t\t\t<\/div>\r\n\t\t\t\t\t\t<div class=\"grid-item\">\r\n\t\t\t\t\t\t<div class=\"nuss-box\">\t\t<div class=\"nuss-image image\">\r\n\t\t\t<img decoding=\"async\"  src=\"https:\/\/pagodahotelchengdu.com\/wp-content\/uploads\/2025\/09\/Pagoda-Hotel-Chengdu-Taikoo-Li-2.webp\" alt=\"H\u00f4tel Pagoda Chengdu Taikoo Li (2)\" \/>\t\t<\/div>\r\n\t\t\t\t<\/div>\t\t\t\t\t<\/div>\r\n\t\t\t\t\t\t<div class=\"grid-item\">\r\n\t\t\t\t\t\t<div class=\"nuss-box\">\t\t<div class=\"nuss-image image\">\r\n\t\t\t<img decoding=\"async\"  src=\"https:\/\/pagodahotelchengdu.com\/wp-content\/uploads\/2025\/09\/Pagoda-Hotel-Chengdu-Taikoo-Li-55.webp\" alt=\"Pagoda Hotel Chengdu Taikoo Li (55)\" \/>\t\t<\/div>\r\n\t\t\t\t<\/div>\t\t\t\t\t<\/div>\r\n\t\t\t\t\t\t<div class=\"grid-item\">\r\n\t\t\t\t\t\t<div class=\"nuss-box\">\t\t<div class=\"nuss-image image\">\r\n\t\t\t<img decoding=\"async\"  src=\"https:\/\/pagodahotelchengdu.com\/wp-content\/uploads\/2025\/09\/Pagoda-Hotel-Chengdu-Taikoo-Li-3.webp\" alt=\"H\u00f4tel Pagoda Chengdu Taikoo Li (3)\" \/>\t\t<\/div>\r\n\t\t\t\t<\/div>\t\t\t\t\t<\/div>\r\n\t\t\t\t\t\t\t\r\n\t\t\t<\/div>\r\n\t\t<\/div>\r\n\t\t\t\t\t\t<\/div>\n\t\t\t\t<\/div>\n\t\t\t\t\t<\/div>\n\t\t\t\t<\/div>\n\t\t<div class=\"elementor-element elementor-element-3eca558 e-flex e-con-boxed e-con e-parent\" data-id=\"3eca558\" data-element_type=\"container\" data-e-type=\"container\">\n\t\t\t\t\t<div class=\"e-con-inner\">\n\t\t\t\t<div class=\"elementor-element elementor-element-8e65983 elementor-widget elementor-widget-text-editor\" data-id=\"8e65983\" data-element_type=\"widget\" data-e-type=\"widget\" data-widget_type=\"text-editor.default\">\n\t\t\t\t\t\t\t\t\t<p data-spm-anchor-id=\"a2ty_o01.29997173.0.i64.6fbec921q4yY4x\">\u00c0 <strong>Pagoda Hotel Chengdu Taikoo Li<\/strong>, situ\u00e9 \u00e0 <strong>No.16 rue Hua Xing East, district de Jinjiang, Chengdu, Sichuan, Chine<\/strong>Le service n&#039;est pas seulement une fonction\u00a0: il est le fondement m\u00eame de l&#039;exp\u00e9rience client. De votre arriv\u00e9e \u00e0 votre d\u00e9part, chaque interaction, chaque commodit\u00e9 et chaque offre sont soigneusement con\u00e7ues pour vous offrir <strong>une hospitalit\u00e9 transparente, attentionn\u00e9e et personnalis\u00e9e<\/strong> qui anticipe vos besoins et d\u00e9passe vos attentes.<\/p><p>Situ\u00e9 dans l&#039;un des quartiers les plus prestigieux et dynamiques de Chengdu, \u00e0 quelques pas du c\u00e9l\u00e8bre <strong>Taikoo Li (Taikoo Li sino-oc\u00e9anique)<\/strong> Quartier commer\u00e7ant et culturel \u2014 notre h\u00f4tel est plus qu&#039;un havre de paix luxueux. C&#039;est un <strong>sanctuaire moderne<\/strong> O\u00f9 l&#039;\u00e9l\u00e9gance d&#039;un design contemporain rencontre la chaleur de l&#039;hospitalit\u00e9 authentique du Sichuan. Que vous soyez en ville pour une r\u00e9union d&#039;affaires importante, une exploration culturelle ou une escapade tranquille, notre gamme compl\u00e8te de services vous garantit un s\u00e9jour efficace, confortable et inoubliable.<\/p><div class=\"py-2 my-3\"><hr \/><\/div><h3>\ud83d\udece\ufe0f <strong>R\u00e9ception 24h\/24 et 7j\/7 et concierge multilingue\u00a0: votre porte d&#039;entr\u00e9e personnelle vers Chengdu<\/strong><\/h3><p>Notre <strong>r\u00e9ception ouverte 24h\/24<\/strong> est compos\u00e9 d&#039;une \u00e9quipe professionnelle et multilingue parlant couramment <strong>Mandarin, anglais et japonais de base<\/strong>, garantissant une communication fluide pour les clients internationaux. De l&#039;arriv\u00e9e au d\u00e9part, notre personnel offre un service rapide, courtois et personnalis\u00e9, refl\u00e9tant l&#039;hospitalit\u00e9 chaleureuse et r\u00e9put\u00e9e de Chengdu.<\/p><p>Le <strong>service de conciergerie d\u00e9di\u00e9<\/strong> va bien au-del\u00e0 de l&#039;assistance de base. Besoin d&#039;une r\u00e9servation dans un restaurant du Sichuan recommand\u00e9 par le guide Michelin\u00a0? Vous cherchez des billets pour un <strong>Un spectacle qui change le visage de l&#039;op\u00e9ra du Sichuan<\/strong>? Vous souhaitez organiser une visite priv\u00e9e du <strong>Base de recherche de Chengdu sur l&#039;\u00e9levage du panda g\u00e9ant<\/strong> ou une excursion d&#039;une journ\u00e9e \u00e0 <strong>Bouddha g\u00e9ant de Leshan<\/strong>? Notre concierge est votre guide local de confiance, vous proposant <strong>recommandations personnalis\u00e9es et arrangements transparents<\/strong> pour les repas, les visites touristiques, les transports et les exp\u00e9riences culturelles.<\/p><p>Nous proposons \u00e9galement :<\/p><ul><li><strong>Enregistrement\/d\u00e9part express<\/strong> pour les clients fid\u00e8les et les voyageurs d&#039;affaires<\/li><li><strong>Consigne \u00e0 bagages gratuite<\/strong> avant l&#039;enregistrement et apr\u00e8s le d\u00e9part<\/li><li><strong>Services postaux et de messagerie<\/strong> (SF Express, DHL et courrier local)<\/li><li><strong>Assistance aux objets perdus et trouv\u00e9s<\/strong> et assistance en mati\u00e8re de documentation de voyage<\/li><li><strong>Informations et cartes locales<\/strong> pour vous aider \u00e0 vous d\u00e9placer dans la ville comme un local<\/li><\/ul><div class=\"py-2 my-3\"><hr \/><\/div><h3>\ud83c\udf10 <strong>Connectivit\u00e9 et services aux entreprises\u00a0: dynamiser votre vie professionnelle<\/strong><\/h3><p>Comprendre les exigences du voyageur international d&#039;aujourd&#039;hui, <strong>Pagoda Hotel Chengdu Taikoo Li<\/strong> offre une suite robuste de <strong>services aux entreprises et de connectivit\u00e9<\/strong> qui vous garantissent de rester productif, connect\u00e9 et pr\u00e9par\u00e9, quel que soit votre fuseau horaire.<\/p><h4>\u2705 <strong>Centre d&#039;affaires ouvert 24h\/24<\/strong><\/h4><p>Ouvert 24h\/24, notre <strong>centre d&#039;affaires enti\u00e8rement \u00e9quip\u00e9<\/strong> caract\u00e9ristiques:<\/p><ul><li>Wi-Fi haut d\u00e9bit de qualit\u00e9 professionnelle avec connectivit\u00e9 double bande<\/li><li>Postes de travail ergonomiques avec cloisons de confidentialit\u00e9<\/li><li>Imprimantes multifonctions, scanners et copieurs (prenant en charge l&#039;impression USB, cloud et mobile)<\/li><li>Prises de courant internationales et ports de chargement USB<\/li><li>Kits de papeterie et blocs-notes gratuits<\/li><\/ul><p>Id\u00e9al pour les pr\u00e9sentations de derni\u00e8re minute, les courriels urgents ou les s\u00e9ances de travail tranquilles, cet espace est un havre de paix pour les professionnels.<\/p><h4>\u2705 <strong>Salles de r\u00e9union et de conf\u00e9rence priv\u00e9es<\/strong><\/h4><p>Pour des r\u00e9unions formelles, des pr\u00e9sentations clients ou des r\u00e9unions d&#039;\u00e9quipe, nous proposons <strong>salles de r\u00e9union \u00e9l\u00e9gantes et insonoris\u00e9es<\/strong> pouvant accueillir de 6 \u00e0 15 personnes. Chaque chambre est \u00e9quip\u00e9e de\u00a0:<\/p><ul><li>T\u00e9l\u00e9viseurs et projecteurs intelligents HD avec HDMI et mise en miroir d&#039;\u00e9cran sans fil (AirPlay, Miracast)<\/li><li>Syst\u00e8mes audio professionnels avec microphones sans fil et haut-parleurs antibruit<\/li><li>Internet haut d\u00e9bit et capacit\u00e9s de visioconf\u00e9rence (Zoom, Microsoft Teams, Google Meet)<\/li><li>Dispositions de si\u00e8ges flexibles (en U, en salle de r\u00e9union, en style th\u00e9\u00e2tre)<\/li><li>Restauration \u00e0 la demande avec canap\u00e9s d&#039;inspiration Sichuan, service \u00e0 th\u00e9 ou coffrets d\u00e9jeuner d&#039;affaires<\/li><\/ul><p>Notre <strong>coordinateur d&#039;\u00e9v\u00e9nements<\/strong> est disponible pour vous aider dans la configuration, le support technique et la planification, garantissant ainsi que votre r\u00e9union se d\u00e9roule parfaitement.<\/p><div class=\"py-2 my-3\"><hr \/><\/div><h3>\ud83c\udf7d\ufe0f <strong>Restauration et services culinaires\u00a0: un avant-go\u00fbt de Chengdu, servi avec soin<\/strong><\/h3><p>Notre <strong>restaurant sur place<\/strong> est plus qu&#039;un simple lieu de restauration\u00a0: c&#039;est une destination. Ouvert aux clients comme au public, il offre une exp\u00e9rience gastronomique raffin\u00e9e et accessible qui c\u00e9l\u00e8bre les saveurs audacieuses de <strong>La cuisine du Sichuan<\/strong> tout en s&#039;adressant \u00e0 des palais divers.<\/p><h4>\ud83c\udf5c Services Signature :<\/h4><ul><li><strong>Petit-d\u00e9jeuner buffet quotidien<\/strong>:Une g\u00e9n\u00e9reuse tartinade comprenant \u00e0 la fois <strong>Options chinoises et occidentales<\/strong> \u2014 du congee fumant, du baozi et des l\u00e9gumes marin\u00e9s aux \u0153ufs brouill\u00e9s, au bacon, aux fruits frais, au yaourt et aux pains artisanaux.<\/li><li><strong>Menu \u00e0 manger toute la journ\u00e9e<\/strong>:Proposant des sp\u00e9cialit\u00e9s locales comme <strong>Mapo Tofu, nouilles Dan Dan, porc cuit deux fois<\/strong>, et <strong>Saut\u00e9 \u00e0 la sichuanaise<\/strong>, ainsi que des plats internationaux pour les clients en qu\u00eate de vari\u00e9t\u00e9.<\/li><li><strong>Am\u00e9nagements di\u00e9t\u00e9tiques<\/strong>:Nous offrons fi\u00e8rement <strong>options v\u00e9g\u00e9tariennes, v\u00e9g\u00e9taliennes, sans gluten et halal<\/strong> sur demande, notre \u00e9quipe de cuisine se fera un plaisir de personnaliser les plats pour r\u00e9pondre \u00e0 vos besoins.<\/li><li><strong>Service de chambre<\/strong>: Profitez d&#039;une soir\u00e9e tranquille avec notre <strong>menu de restauration en chambre<\/strong>, disponible pendant les heures d&#039;ouverture du restaurant.<\/li><li><strong>Coffrets repas d&#039;affaires<\/strong>:Parfaits pour les convives seuls ou les petits groupes, ces ensembles s\u00e9lectionn\u00e9s offrent efficacit\u00e9 et saveur pour le professionnel occup\u00e9.<\/li><\/ul><p>Notre <strong>salon du hall<\/strong> offre \u00e9galement un espace tranquille pour prendre un caf\u00e9, un th\u00e9 ou une collation l\u00e9g\u00e8re, avec des boissons gratuites disponibles pour les clients tout au long de la journ\u00e9e.<\/p><div class=\"py-2 my-3\"><hr \/><\/div><h3>\ud83d\udecf\ufe0f <strong>Services de chambre : confort, commodit\u00e9 et soins<\/strong><\/h3><p>Chaque chambre du Pagoda Hotel Chengdu Taikoo Li est con\u00e7ue pour le confort et la fonctionnalit\u00e9, et nos services garantissent que votre espace personnel reste un sanctuaire.<\/p><ul><li><strong>M\u00e9nage quotidien<\/strong>:Un nettoyage m\u00e9ticuleux et un service de pr\u00e9paration \u00e0 la nuit (sur demande) gardent votre chambre fra\u00eeche et accueillante.<\/li><li><strong>Eau chaude et climatisation 24h\/24<\/strong>:Des syst\u00e8mes de climatisation et de chauffage fiables garantissent un confort tout au long de l&#039;ann\u00e9e, avec des commandes individuelles par pi\u00e8ce.<\/li><li><strong>\u00c9quipements en chambre<\/strong>:Comprend un mini-r\u00e9frig\u00e9rateur, un coffre-fort, une bouilloire \u00e9lectrique, des articles de toilette haut de gamme, des chaussons et des peignoirs.<\/li><li><strong>Blanchisserie et nettoyage \u00e0 sec<\/strong>:Services de blanchisserie express et standard disponibles avec retour le jour m\u00eame ou le lendemain.<\/li><li><strong>Fer et planche \u00e0 repasser<\/strong>:Disponible sur demande, gratuitement.<\/li><li><strong>Literie et oreillers suppl\u00e9mentaires<\/strong>:Options d&#039;oreillers hypoallerg\u00e9niques, fermes ou moelleux selon vos pr\u00e9f\u00e9rences.<\/li><\/ul><div class=\"py-2 my-3\"><hr \/><\/div><h3>\ud83c\udfc3\u200d\u2642\ufe0f <strong>Services de bien-\u00eatre et de loisirs\u00a0: rechargez votre corps et votre esprit<\/strong><\/h3><p>Bien que l&#039;H\u00f4tel Pagoda mette l&#039;accent sur l&#039;efficacit\u00e9 commerciale, nous comprenons \u00e9galement l&#039;importance de l&#039;\u00e9quilibre. Notre <strong>services de bien-\u00eatre<\/strong> sont con\u00e7us pour vous aider \u00e0 vous d\u00e9tendre, \u00e0 vous rafra\u00eechir et \u00e0 maintenir votre routine.<\/p><h4>\u2705 <strong>Centre de remise en forme bien \u00e9quip\u00e9<\/strong><\/h4><p>Notre centre de remise en forme moderne est ouvert tous les jours et propose :<\/p><ul><li>Tapis de course, v\u00e9los elliptiques et v\u00e9los stationnaires<\/li><li>Poids libres et \u00e9quipement de musculation<\/li><li>Tapis de yoga et zones d&#039;\u00e9tirement<\/li><li>Espace climatis\u00e9 et bien \u00e9clair\u00e9 avec des murs en miroir<\/li><\/ul><p>Parfait pour les l\u00e8ve-t\u00f4t ou les amateurs d&#039;entra\u00eenement en soir\u00e9e.<\/p><h4>\u2705 <strong>Relaxation et soutien au sommeil<\/strong><\/h4><ul><li><strong>Fen\u00eatres insonoris\u00e9es<\/strong> minimiser le bruit de la ville<\/li><li><strong>Rideaux occultants<\/strong> assurer un sommeil profond et ininterrompu<\/li><li><strong>Machines \u00e0 bruit blanc<\/strong> disponible sur demande<\/li><li><strong>Kits d&#039;aromath\u00e9rapie<\/strong> (lavande, eucalyptus) peuvent \u00eatre fournis pour une relaxation accrue<\/li><\/ul><div class=\"py-2 my-3\"><hr \/><\/div><h3>\ud83d\ude97 <strong>Services de transport et d&#039;accessibilit\u00e9<\/strong><\/h3><p>Nous facilitons vos d\u00e9placements \u00e0 Chengdu et vous facilitons la vie\u00a0:<\/p><ul><li><strong>Parking sur place<\/strong>:Disponible pour les clients selon le principe du premier arriv\u00e9, premier servi (moyennant des frais).<\/li><li><strong>Assistance taxi et VTC<\/strong>:La r\u00e9ception peut appeler Didi (l&#039;application de covoiturage chinoise) ou organiser un taxi vers n&#039;importe quelle destination.<\/li><li><strong>Acc\u00e8s au m\u00e9tro<\/strong>: Juste un <strong>\u00c0 5 minutes \u00e0 pied de la station Chunxi Road (lignes 2 et 3)<\/strong>, vous reliant aux principales zones d&#039;affaires et touristiques.<\/li><li><strong>Coordination des transferts a\u00e9roportuaires<\/strong>:Bien qu&#039;aucune navette gratuite ne soit propos\u00e9e, nous pouvons vous aider \u00e0 r\u00e9server des transferts priv\u00e9s depuis <strong>A\u00e9roport international de Chengdu Tianfu (TFU)<\/strong> ou <strong>A\u00e9roport international de Shuangliu (CTU)<\/strong>.<\/li><\/ul><div class=\"py-2 my-3\"><hr \/><\/div><h3>\ud83c\udf31 <strong>Initiatives de services durables et r\u00e9fl\u00e9chies<\/strong><\/h3><p>Au Pagoda Hotel Chengdu Taikoo Li, nous pensons qu&#039;un excellent service signifie \u00e9galement <strong>service responsable<\/strong>C&#039;est pourquoi nous avons int\u00e9gr\u00e9 des pratiques \u00e9co-responsables dans nos op\u00e9rations quotidiennes :<\/p><ul><li><strong>R\u00e9duction des plastiques \u00e0 usage unique<\/strong> dans les chambres et les espaces publics<\/li><li><strong>Articles de toilette \u00e9cologiques<\/strong> dans un emballage recyclable<\/li><li><strong>Syst\u00e8mes d&#039;\u00e9clairage et de CVC \u00e9co\u00e9nerg\u00e9tiques<\/strong><\/li><li><strong>Approvisionnement local<\/strong> de nourriture et de fournitures pour soutenir la communaut\u00e9 de Chengdu<\/li><li><strong>Enregistrement\/d\u00e9part num\u00e9rique et acc\u00e8s par cl\u00e9 mobile<\/strong> pour r\u00e9duire le gaspillage de papier<\/li><\/ul><div class=\"py-2 my-3\"><hr \/><\/div><h3>\ud83e\udd1d <strong>Notre promesse de service : Anticiper. S&#039;adapter. Accomplir.<\/strong><\/h3><p>\u00c0 <strong>Pagoda Hotel Chengdu Taikoo Li<\/strong>, nous ne r\u00e9pondons pas seulement \u00e0 vos besoins \u2014 nous <strong>les anticiper<\/strong>Notre \u00e9quipe est form\u00e9e pour \u00eatre proactive, discr\u00e8te et ax\u00e9e sur les solutions, garantissant que chaque aspect de votre s\u00e9jour se d\u00e9roule sans effort.<\/p><p>Que vous soyez ici pour une nuit ou un s\u00e9jour prolong\u00e9, nos services sont con\u00e7us pour <strong>s&#039;adapter \u00e0 son rythme<\/strong> \u2014 que ce soit le rythme d&#039;un agenda d&#039;entreprise ou le plaisir d&#039;un voyage culturel. Nous sommes l\u00e0 pour <strong>vous aider \u00e0 atteindre vos objectifs<\/strong>, qu&#039;il s&#039;agisse de conclure une affaire, de retrouver sa famille ou simplement de d\u00e9couvrir l&#039;\u00e2me de Chengdu avec confort et confiance.<\/p><div class=\"py-2 my-3\"><hr \/><\/div><p><strong>Exp\u00e9rience de service red\u00e9finie<\/strong><br \/>\ud83d\udccd <strong>Adresse<\/strong>: No.16 rue Hua Xing East, district de Jinjiang, Chengdu, Sichuan, Chine<br \/>\ud83d\udcde <strong>T\u00e9l\u00e9phone<\/strong>: +86 185 5824 6062<br \/>\ud83c\udf10 <strong>Site web<\/strong>: <a href=\"https:\/\/pagodahotelchengdu.com\/fr\/\" target=\"_blank\" rel=\"nofollow noopener\">https:\/\/pagodahotelchengdu.com <\/a><\/p><p>#PagodaHotelChengdu #ChengduHotelServices #ChengduHotelluxuryHotelChengdu #Chengdu BusinessHotel #Chengdu withMeetingRooms #ChengduHospitality #ChengduGuestServicesChengdu #Chengdu BusinessCentre 24h\/24 #ChengduTravel #ChengduProfessionalStay<\/p><div class=\"py-2 my-3\"><hr \/><\/div><p data-spm-anchor-id=\"a2ty_o01.29997173.0.i65.6fbec921q4yY4x\"><strong>Au Pagoda Hotel Chengdu Taikoo Li, le service n&#039;est pas seulement ce que nous faisons, c&#039;est ce que nous sommes.<\/strong><\/p>\t\t\t\t\t\t\t\t<\/div>\n\t\t\t\t\t<\/div>\n\t\t\t\t<\/div>\n\t\t\t\t<section class=\"elementor-section elementor-top-section elementor-element elementor-element-134e55db elementor-section-stretched elementor-section-boxed elementor-section-gap-beside-yes elementor-section-height-default elementor-section-height-default elementor-section-column-vertical-align-stretch\" data-id=\"134e55db\" data-element_type=\"section\" data-e-type=\"section\" data-settings=\"{&quot;background_background&quot;:&quot;classic&quot;,&quot;stretch_section&quot;:&quot;section-stretched&quot;}\">\n\t\t\t\t\t\t<div class=\"elementor-container elementor-column-gap-extended\">\n\t\t\t\t\t<div class=\"elementor-column elementor-col-100 elementor-top-column elementor-element elementor-element-5e86fb97\" data-id=\"5e86fb97\" data-element_type=\"column\" data-e-type=\"column\">\n\t\t\t<div class=\"elementor-widget-wrap elementor-element-populated\">\n\t\t\t\t\t\t<div class=\"elementor-element elementor-element-477409f3 elementor-widget elementor-widget-heading\" data-id=\"477409f3\" data-element_type=\"widget\" data-e-type=\"widget\" data-widget_type=\"heading.default\">\n\t\t\t\t\t<h2 class=\"elementor-heading-title elementor-size-default\">Ch\u00e8que disponible <\/h2>\t\t\t\t<\/div>\n\t\t\t\t<div class=\"elementor-element elementor-element-b8e27b7 elementor-widget elementor-widget-text-editor\" data-id=\"b8e27b7\" data-element_type=\"widget\" data-e-type=\"widget\" data-widget_type=\"text-editor.default\">\n\t\t\t\t\t\t\t\t\t<iframe border=\"0\" src=\"https:\/\/www.trip.com\/partners\/ad\/S5194877?Allianceid=4590391&#038;SID=255941827&#038;trip_sub1=\" style=\"width:1200px;height:200px\" frameborder=\"0\" scrolling=\"no\" id=\"S5194877\"><\/iframe>\t\t\t\t\t\t\t\t<\/div>\n\t\t\t\t\t<\/div>\n\t\t<\/div>\n\t\t\t\t\t<\/div>\n\t\t<\/section>\n\t\t\t\t<\/div>","protected":false},"excerpt":{"rendered":"<p>We do our best to offer all our guests the services and facilities to make their stay a memorable one. Eat&amp;Drink Restaurant &amp; Bar Suspendisse laoreet orci ac nulla vulputate pellentesque. Vivamus nec eleifend ex, eget molestie lorem. Integer sed sodales sapien. Cras aliquam fringilla elit sit amet fringilla. Open Daily: 7:00pm &#8211; 11:00pm Find [&hellip;]<\/p>\n","protected":false},"author":1,"featured_media":0,"parent":0,"menu_order":0,"comment_status":"closed","ping_status":"closed","template":"","meta":{"footnotes":""},"class_list":["post-647","page","type-page","status-publish","hentry","post-no-thumbnail"],"_links":{"self":[{"href":"https:\/\/pagodahotelchengdu.com\/fr\/wp-json\/wp\/v2\/pages\/647","targetHints":{"allow":["GET"]}}],"collection":[{"href":"https:\/\/pagodahotelchengdu.com\/fr\/wp-json\/wp\/v2\/pages"}],"about":[{"href":"https:\/\/pagodahotelchengdu.com\/fr\/wp-json\/wp\/v2\/types\/page"}],"author":[{"embeddable":true,"href":"https:\/\/pagodahotelchengdu.com\/fr\/wp-json\/wp\/v2\/users\/1"}],"replies":[{"embeddable":true,"href":"https:\/\/pagodahotelchengdu.com\/fr\/wp-json\/wp\/v2\/comments?post=647"}],"version-history":[{"count":0,"href":"https:\/\/pagodahotelchengdu.com\/fr\/wp-json\/wp\/v2\/pages\/647\/revisions"}],"wp:attachment":[{"href":"https:\/\/pagodahotelchengdu.com\/fr\/wp-json\/wp\/v2\/media?parent=647"}],"curies":[{"name":"wp","href":"https:\/\/api.w.org\/{rel}","templated":true}]}}