{"id":612,"date":"2021-03-26T10:04:13","date_gmt":"2021-03-26T10:04:13","guid":{"rendered":"http:\/\/localhost\/nuss\/?page_id=612"},"modified":"2025-09-04T10:54:38","modified_gmt":"2025-09-04T10:54:38","slug":"ristorante","status":"publish","type":"page","link":"https:\/\/pagodahotelchengdu.com\/it\/ristorante\/","title":{"rendered":"Ristorante"},"content":{"rendered":"<div data-elementor-type=\"wp-page\" data-elementor-id=\"612\" class=\"elementor elementor-612\">\n\t\t\t\t\t\t<section class=\"elementor-section elementor-top-section elementor-element elementor-element-e2effe8 elementor-section-boxed elementor-section-gap-beside-yes elementor-section-height-default elementor-section-height-default elementor-section-column-vertical-align-stretch\" data-id=\"e2effe8\" data-element_type=\"section\" data-e-type=\"section\">\n\t\t\t\t\t\t<div class=\"elementor-container elementor-column-gap-extended\">\n\t\t\t\t\t<div class=\"elementor-column elementor-col-100 elementor-top-column elementor-element elementor-element-e18f688\" data-id=\"e18f688\" data-element_type=\"column\" data-e-type=\"column\">\n\t\t\t<div class=\"elementor-widget-wrap elementor-element-populated\">\n\t\t\t\t\t\t<div class=\"elementor-element elementor-element-6db146d elementor-widget__width-initial elementor-invisible elementor-widget elementor-widget-text-editor\" data-id=\"6db146d\" data-element_type=\"widget\" data-e-type=\"widget\" data-settings=\"{&quot;_animation&quot;:&quot;nussFadeInUp&quot;}\" data-widget_type=\"text-editor.default\">\n\t\t\t\t\t\t\t\t\t<p><strong data-spm-anchor-id=\"a2ty_o01.29997173.0.i57.6fbec921q4yY4x\">Un viaggio culinario squisito al ristorante del Pagoda Hotel Chengdu Taikoo Li<\/strong><\/p>\t\t\t\t\t\t\t\t<\/div>\n\t\t\t\t\t<\/div>\n\t\t<\/div>\n\t\t\t\t\t<\/div>\n\t\t<\/section>\n\t\t<div class=\"elementor-element elementor-element-05eadeb e-flex e-con-boxed e-con e-parent\" data-id=\"05eadeb\" data-element_type=\"container\" data-e-type=\"container\">\n\t\t\t\t\t<div class=\"e-con-inner\">\n\t\t\t\t<div class=\"elementor-element elementor-element-cb0ecdc elementor-widget elementor-widget-nuss-image-gallery\" data-id=\"cb0ecdc\" data-element_type=\"widget\" data-e-type=\"widget\" data-widget_type=\"nuss-image-gallery.default\">\n\t\t\t\t<div class=\"elementor-widget-container\">\n\t\t\t\t\t\t\t<div class=\"nuss-grid-wrapper\" data-grid=\"{&quot;type&quot;:&quot;grid&quot;,&quot;ratio&quot;:null,&quot;columns&quot;:3,&quot;gutter&quot;:30}\">\r\n\t\t\t<div class=\"nuss-grid lazy-grid\">\r\n\t\t\t\t<div class=\"grid-sizer\"><\/div>\r\n\r\n\t\t\t\t\t\t\t\t\t\t\t\t<div class=\"grid-item\">\r\n\t\t\t\t\t\t<div class=\"nuss-box\">\t\t<div class=\"nuss-image image\">\r\n\t\t\t<img decoding=\"async\"  src=\"https:\/\/pagodahotelchengdu.com\/wp-content\/uploads\/2025\/09\/Pagoda-Hotel-Chengdu-Taikoo-Li-53.webp\" alt=\"Hotel Pagoda Chengdu Taikoo Li (53)\" \/>\t\t<\/div>\r\n\t\t\t\t<\/div>\t\t\t\t\t<\/div>\r\n\t\t\t\t\t\t<div class=\"grid-item\">\r\n\t\t\t\t\t\t<div class=\"nuss-box\">\t\t<div class=\"nuss-image image\">\r\n\t\t\t<img decoding=\"async\"  src=\"https:\/\/pagodahotelchengdu.com\/wp-content\/uploads\/2025\/09\/Pagoda-Hotel-Chengdu-Taikoo-Li-52.webp\" alt=\"Hotel Pagoda Chengdu Taikoo Li (52)\" \/>\t\t<\/div>\r\n\t\t\t\t<\/div>\t\t\t\t\t<\/div>\r\n\t\t\t\t\t\t<div class=\"grid-item\">\r\n\t\t\t\t\t\t<div class=\"nuss-box\">\t\t<div class=\"nuss-image image\">\r\n\t\t\t<img decoding=\"async\"  src=\"https:\/\/pagodahotelchengdu.com\/wp-content\/uploads\/2025\/09\/Pagoda-Hotel-Chengdu-Taikoo-Li-51.webp\" alt=\"Hotel Pagoda Chengdu Taikoo Li (51)\" \/>\t\t<\/div>\r\n\t\t\t\t<\/div>\t\t\t\t\t<\/div>\r\n\t\t\t\t\t\t<div class=\"grid-item\">\r\n\t\t\t\t\t\t<div class=\"nuss-box\">\t\t<div class=\"nuss-image image\">\r\n\t\t\t<img decoding=\"async\"  src=\"https:\/\/pagodahotelchengdu.com\/wp-content\/uploads\/2025\/09\/Pagoda-Hotel-Chengdu-Taikoo-Li-48.webp\" alt=\"Hotel Pagoda Chengdu Taikoo Li (48)\" \/>\t\t<\/div>\r\n\t\t\t\t<\/div>\t\t\t\t\t<\/div>\r\n\t\t\t\t\t\t<div class=\"grid-item\">\r\n\t\t\t\t\t\t<div class=\"nuss-box\">\t\t<div class=\"nuss-image image\">\r\n\t\t\t<img decoding=\"async\"  src=\"https:\/\/pagodahotelchengdu.com\/wp-content\/uploads\/2025\/09\/Pagoda-Hotel-Chengdu-Taikoo-Li-49.webp\" alt=\"Hotel Pagoda Chengdu Taikoo Li (49)\" \/>\t\t<\/div>\r\n\t\t\t\t<\/div>\t\t\t\t\t<\/div>\r\n\t\t\t\t\t\t<div class=\"grid-item\">\r\n\t\t\t\t\t\t<div class=\"nuss-box\">\t\t<div class=\"nuss-image image\">\r\n\t\t\t<img decoding=\"async\"  src=\"https:\/\/pagodahotelchengdu.com\/wp-content\/uploads\/2025\/09\/Pagoda-Hotel-Chengdu-Taikoo-Li-47.webp\" alt=\"Hotel Pagoda Chengdu Taikoo Li (47)\" \/>\t\t<\/div>\r\n\t\t\t\t<\/div>\t\t\t\t\t<\/div>\r\n\t\t\t\t\t\t<div class=\"grid-item\">\r\n\t\t\t\t\t\t<div class=\"nuss-box\">\t\t<div class=\"nuss-image image\">\r\n\t\t\t<img decoding=\"async\"  src=\"https:\/\/pagodahotelchengdu.com\/wp-content\/uploads\/2025\/09\/Pagoda-Hotel-Chengdu-Taikoo-Li-46.webp\" alt=\"Hotel Pagoda Chengdu Taikoo Li (46)\" \/>\t\t<\/div>\r\n\t\t\t\t<\/div>\t\t\t\t\t<\/div>\r\n\t\t\t\t\t\t<div class=\"grid-item\">\r\n\t\t\t\t\t\t<div class=\"nuss-box\">\t\t<div class=\"nuss-image image\">\r\n\t\t\t<img decoding=\"async\"  src=\"https:\/\/pagodahotelchengdu.com\/wp-content\/uploads\/2025\/09\/Pagoda-Hotel-Chengdu-Taikoo-Li-45.webp\" alt=\"Hotel Pagoda Chengdu Taikoo Li (45)\" \/>\t\t<\/div>\r\n\t\t\t\t<\/div>\t\t\t\t\t<\/div>\r\n\t\t\t\t\t\t<div class=\"grid-item\">\r\n\t\t\t\t\t\t<div class=\"nuss-box\">\t\t<div class=\"nuss-image image\">\r\n\t\t\t<img decoding=\"async\"  src=\"https:\/\/pagodahotelchengdu.com\/wp-content\/uploads\/2025\/09\/Pagoda-Hotel-Chengdu-Taikoo-Li-44.webp\" alt=\"Hotel Pagoda Chengdu Taikoo Li (44)\" \/>\t\t<\/div>\r\n\t\t\t\t<\/div>\t\t\t\t\t<\/div>\r\n\t\t\t\t\t\t<div class=\"grid-item\">\r\n\t\t\t\t\t\t<div class=\"nuss-box\">\t\t<div class=\"nuss-image image\">\r\n\t\t\t<img decoding=\"async\"  src=\"https:\/\/pagodahotelchengdu.com\/wp-content\/uploads\/2025\/09\/Pagoda-Hotel-Chengdu-Taikoo-Li-41.webp\" alt=\"Hotel Pagoda Chengdu Taikoo Li (41)\" \/>\t\t<\/div>\r\n\t\t\t\t<\/div>\t\t\t\t\t<\/div>\r\n\t\t\t\t\t\t<div class=\"grid-item\">\r\n\t\t\t\t\t\t<div class=\"nuss-box\">\t\t<div class=\"nuss-image image\">\r\n\t\t\t<img decoding=\"async\"  src=\"https:\/\/pagodahotelchengdu.com\/wp-content\/uploads\/2025\/09\/Pagoda-Hotel-Chengdu-Taikoo-Li-42.webp\" alt=\"Hotel Pagoda Chengdu Taikoo Li (42)\" \/>\t\t<\/div>\r\n\t\t\t\t<\/div>\t\t\t\t\t<\/div>\r\n\t\t\t\t\t\t<div class=\"grid-item\">\r\n\t\t\t\t\t\t<div class=\"nuss-box\">\t\t<div class=\"nuss-image image\">\r\n\t\t\t<img decoding=\"async\"  src=\"https:\/\/pagodahotelchengdu.com\/wp-content\/uploads\/2025\/09\/Pagoda-Hotel-Chengdu-Taikoo-Li-40.webp\" alt=\"Hotel Pagoda Chengdu Taikoo Li (40)\" \/>\t\t<\/div>\r\n\t\t\t\t<\/div>\t\t\t\t\t<\/div>\r\n\t\t\t\t\t\t\t\r\n\t\t\t<\/div>\r\n\t\t<\/div>\r\n\t\t\t\t\t\t<\/div>\n\t\t\t\t<\/div>\n\t\t\t\t\t<\/div>\n\t\t\t\t<\/div>\n\t\t<div class=\"elementor-element elementor-element-3f96813 e-flex e-con-boxed e-con e-parent\" data-id=\"3f96813\" data-element_type=\"container\" data-e-type=\"container\">\n\t\t\t\t\t<div class=\"e-con-inner\">\n\t\t\t\t<div class=\"elementor-element elementor-element-4ab724b elementor-widget elementor-widget-text-editor\" data-id=\"4ab724b\" data-element_type=\"widget\" data-e-type=\"widget\" data-widget_type=\"text-editor.default\">\n\t\t\t\t\t\t\t\t\t<p data-spm-anchor-id=\"a2ty_o01.29997173.0.i58.6fbec921q4yY4x\">Immerso nel cuore vibrante di <strong>Distretto di Jinjiang<\/strong>, <strong>il ristorante in loco del Pagoda Hotel Chengdu Taikoo Li<\/strong> offre pi\u00f9 di un semplice pasto: ti invita a un&#039;avventura gastronomica raffinata che celebra i sapori audaci, aromatici e profondamente stratificati di <strong>autentica cucina del Sichuan<\/strong>, il tutto in un ambiente elegante e sereno. Situato a <strong>No.16 Hua Xing East Street, Chengdu, Sichuan, Cina<\/strong>, a pochi passi dal famoso <strong>Taikoo Li<\/strong> quartiere commerciale e culturale, il nostro ristorante \u00e8 la destinazione perfetta per gli ospiti e i visitatori che cercano un mix armonioso di <strong>tradizione locale, presentazione moderna e comfort sofisticato<\/strong>.<\/p><p>Che tu stia iniziando la giornata con una colazione nutriente, rilassandoti dopo una giornata trascorsa ad esplorare Kuanzhai Alley o ospitando un socio in affari per una conversazione significativa, la nostra esperienza culinaria \u00e8 progettata per deliziare i sensi e onorare la ricca eredit\u00e0 culinaria di Chengdu, un <strong>Citt\u00e0 della gastronomia UNESCO<\/strong>.<\/p><div class=\"py-2 my-3\"><hr \/><\/div><h3>\ud83c\udf5c Una celebrazione dei sapori autentici del Sichuan<\/h3><p>Al centro del nostro men\u00f9 c&#039;\u00e8 un profondo rispetto per <strong>Le leggendarie tradizioni culinarie del Sichuan<\/strong> \u2014 dove il calore ardente del peperoncino incontra il formicolio intorpidimento del pepe di Sichuan in una sinfonia di <em>mal\u00e8<\/em> (intorpidente-piccante) perfezione. I nostri chef, formati in tecniche consolidate e ispirati dai vivaci mercati di Chengdu, creano piatti che sono sia <strong>dal sapore deciso ed equilibrato nell&#039;armonia<\/strong>.<\/p><h4>Piatti tipici da non perdere:<\/h4><ul><li><strong>Mapo Tofu<\/strong>: Tofu setoso in una salsa aromatica e gorgogliante con carne di maiale macinata e fagioli neri fermentati: un piatto cos\u00ec iconico da essere considerato l&#039;anima della cucina del Sichuan.<\/li><li><strong>Noodles Dan Dan<\/strong>: Un classico dello street food di Chengdu, con sottili spaghetti conditi con carne di maiale macinata piccante, verdure sottaceto e un profumato condimento all&#039;olio di peperoncino.<\/li><li><strong>Sichuan Hotpot (\u00c0i Hu\u01d2gu\u014d)<\/strong>: Sebbene nel ristorante non offriamo un&#039;esperienza completa di hotpot, il nostro men\u00f9 propone piatti ispirati all&#039;hotpot e stufati stagionali che catturano l&#039;essenza di questo piatto preferito dalla comunit\u00e0.<\/li><li><strong>Maiale cotto due volte (Hu\u00ed Gu\u014d R\u00f2u)<\/strong>: Teneri pezzi di pancetta di maiale brasati e poi saltati in padella con porri e fagioli fermentati per una delizia affumicata e saporita.<\/li><\/ul><p>Ogni piatto \u00e8 preparato con <strong>ingredienti freschi e di stagione<\/strong>, molti dei quali provengono da fattorie e mercati locali, garantendo il massimo sapore e sostenendo la comunit\u00e0 regionale.<\/p><div class=\"py-2 my-3\"><hr \/><\/div><h3>\ud83c\udf3f Un men\u00f9 per ogni palato<\/h3><p>Comprendendo le diverse esigenze dei nostri ospiti internazionali e nazionali, offriamo un <strong>men\u00f9 curato con cura<\/strong> che va oltre le spezie per abbracciare variet\u00e0 e inclusivit\u00e0.<\/p><ul><li><strong>Opzioni vegetariane e vegane<\/strong>: Dalle verdure di stagione saltate in padella alle specialit\u00e0 a base di tofu, la nostra cucina \u00e8 lieta di accogliere diete a base vegetale.<\/li><li><strong>Piatti senza glutine<\/strong>: Offriamo diverse opzioni senza glutine e possiamo modificare i piatti su richiesta.<\/li><li><strong>Preferiti internazionali<\/strong>: Per chi cerca una pausa dalle spezie, a colazione si possono gustare i classici occidentali come uova strapazzate, pancetta e frutta fresca, oppure proteine grigliate e pasta per pranzo e cena.<\/li><li><strong>Colazione a buffet<\/strong>: Inizia la giornata con una generosa colazione a base di entrambi <strong>Selezioni cinesi e occidentali<\/strong> \u2014 congee fumante, baozi, verdure sottaceto, insieme a yogurt, pane e caff\u00e8 di prima qualit\u00e0.<\/li><\/ul><p>Il nostro team culinario si impegna affinch\u00e9 ogni ospite, che sia un amante delle spezie o un cauto nuovo arrivato, trovi qualcosa di delizioso da assaporare.<\/p><div class=\"py-2 my-3\"><hr \/><\/div><h3>\ud83c\udf7d\ufe0f Un&#039;atmosfera di raffinata eleganza<\/h3><p>Il design del ristorante riflette la stessa filosofia dell&#039;hotel: <strong>raffinatezza moderna con un&#039;anima di tradizione<\/strong>Con luci soffuse, accenti in legno naturale e grandi finestre che lasciano entrare la luce naturale, lo spazio \u00e8 allo stesso tempo <strong>invitante e versatile<\/strong>.<\/p><ul><li><strong>Mattina<\/strong>: Inizia la giornata in un ambiente luminoso e arioso con una tazza di t\u00e8 o caff\u00e8 caldo e un piatto di dim sum appena fatti.<\/li><li><strong>Pranzo<\/strong>: Godetevi un pasto di lavoro veloce ma soddisfacente con i nostri set pranzo executive.<\/li><li><strong>Cena<\/strong>: Concedetevi una piacevole serata all&#039;insegna della buona cucina, dove i delicati aromi delle spezie del Sichuan riempiono l&#039;aria e l&#039;atmosfera incoraggia la conversazione.<\/li><li><strong>Drink serali<\/strong>: Rilassatevi con un bicchiere di vino, un t\u00e8 locale o un cocktail esclusivo dal nostro men\u00f9 di bevande, servito nella tranquilla eleganza della sala da pranzo.<\/li><\/ul><p>Il ristorante \u00e8 anche <strong>aperto al pubblico<\/strong>, il che lo rende una scelta affidabile per la gente del posto che organizza riunioni, per le coppie che vogliono uscire insieme o per i visitatori che vogliono esplorare la scena culinaria di Chengdu oltre le strade.<\/p><div class=\"py-2 my-3\"><hr \/><\/div><h3>\ud83d\udccd Una posizione privilegiata per gli amanti del cibo<\/h3><p>Situato nel cuore di <strong>Distretto di Jinjiang<\/strong>Il nostro ristorante \u00e8 a pochi passi da alcune delle destinazioni pi\u00f9 iconiche di Chengdu:<\/p><ul><li><strong>Taikoo Li (0 metri)<\/strong>: Uno dei quartieri pi\u00f9 rinomati dell&#039;Asia, sede di marchi di lusso, gallerie d&#039;arte e ristoranti gourmet.<\/li><li><strong>Vicolo Kuanzhai (vicoli larghi e stretti)<\/strong>: Una passeggiata di 10 minuti per esplorare i vicoli restaurati della dinastia Qing e assaggiare il cibo di strada locale.<\/li><li><strong>Chunxi Road<\/strong>: A soli 5 minuti di distanza: la via dello shopping pi\u00f9 famosa di Chengdu.<\/li><li><strong>Tempio dei Daci<\/strong>: Un sereno tempio buddista del XV secolo circondato da caff\u00e8 e boutique alla moda.<\/li><\/ul><p>Questo fa <strong>il ristorante del Pagoda Hotel Chengdu Taikoo Li<\/strong> una tappa ideale per:<\/p><ul><li><strong>Viaggiatori d&#039;affari<\/strong> hai bisogno di uno spazio ristorazione affidabile e professionale<\/li><li><strong>Turisti<\/strong> alla ricerca di autentico cibo del Sichuan in un ambiente pulito e confortevole<\/li><li><strong>Ospiti locali<\/strong> alla ricerca di un pasto tranquillo e di alta qualit\u00e0 senza il caos delle bancarelle affollate<\/li><\/ul><div class=\"py-2 my-3\"><hr \/><\/div><h3>\u2615 Servizio attento e pratiche sostenibili<\/h3><p>Il cuore del nostro ristorante \u00e8 un team di <strong>professionisti dedicati alla cucina e al servizio<\/strong> che credono che il buon cibo sia solo una parte dell&#039;esperienza. Dal caloroso benvenuto all&#039;ingresso al servizio attento ma discreto, ogni interazione \u00e8 progettata per farti sentire <strong>apprezzato e a suo agio<\/strong>.<\/p><p>Diamo priorit\u00e0 anche <strong>sostenibilit\u00e0 e qualit\u00e0<\/strong>:<\/p><ul><li>Gli ingredienti provengono da <strong>fattorie e mercati locali<\/strong> per garantire la freschezza e sostenere l&#039;economia regionale.<\/li><li>Noi usiamo <strong>imballaggi ecologici<\/strong> per ordini da asporto.<\/li><li>Le nostre pratiche in cucina <strong>gestione responsabile dei rifiuti<\/strong> e l&#039;efficienza energetica.<\/li><\/ul><p>Questo impegno a <strong>ospitalit\u00e0 etica<\/strong> garantisce che il tuo pasto non solo abbia un buon sapore, ma che ti faccia anche sentire bene.<\/p><div class=\"py-2 my-3\"><hr \/><\/div><h3>\ud83e\udd62 Pi\u00f9 di un pasto: un assaggio dello spirito di Chengdu<\/h3><p>In una citt\u00e0 dove il cibo \u00e8 vita, <strong>il ristorante del Pagoda Hotel Chengdu Taikoo Li<\/strong> \u00e8 un omaggio all&#039;anima culinaria di Chengdu: ardente, accogliente e infinitamente deliziosa. Non serviamo solo cibo; condividiamo cultura, comfort e connessione, un piatto alla volta.<\/p><p>Che siate ospiti o semplicemente di passaggio, vi invitiamo a sedervi, sorseggiare una tazza di t\u00e8 al gelsomino e lasciare che i sapori del Sichuan riscaldino il vostro spirito.<\/p><div class=\"py-2 my-3\"><hr \/><\/div><p data-spm-anchor-id=\"a2ty_o01.29997173.0.i59.6fbec921q4yY4x\"><strong>Cena con noi oggi<\/strong><br \/>\ud83d\udccd <strong>Posizione<\/strong>: No.16 Hua Xing East Street, distretto di Jinjiang, Chengdu, Sichuan, Cina<br \/>\ud83d\udd52 <strong>Ore<\/strong>: Aperto tutti i giorni dalle <strong>7:00 \u2013 22:00<\/strong> (Colazione, Pranzo, Cena)<br \/>\ud83d\udcde <strong>Chiamaci<\/strong>: +86 185 5824 6062<br \/>\ud83c\udf7d\ufe0f <strong>Si consiglia la prenotazione<\/strong>: Disponibile per gli ospiti interni e walk-in<\/p><p>#PagodaHotelChengdu #ChengduRistorante #SichuanCucina #HotelRistoranteChengdu #BestRistoranteJinjiang #MapoTofuChengdu #AffariPranzoChengdu #VegetarianoSichuan #ChengduEsperienza gastronomica #Scena sostenibile #Lapori localiChengdu #Celebra Chengdu<\/p><div class=\"py-2 my-3\"><hr \/><\/div><p data-spm-anchor-id=\"a2ty_o01.29997173.0.i60.6fbec921q4yY4x\"><strong>Al Pagoda Hotel Chengdu Taikoo Li, ogni pasto \u00e8 una celebrazione del sapore, del luogo e dello scopo.<\/strong><\/p>\t\t\t\t\t\t\t\t<\/div>\n\t\t\t\t\t<\/div>\n\t\t\t\t<\/div>\n\t\t\t\t<section class=\"elementor-section elementor-top-section elementor-element elementor-element-7cd0da2d elementor-section-stretched elementor-section-boxed elementor-section-gap-beside-yes elementor-section-height-default elementor-section-height-default elementor-section-column-vertical-align-stretch\" data-id=\"7cd0da2d\" data-element_type=\"section\" data-e-type=\"section\" data-settings=\"{&quot;background_background&quot;:&quot;classic&quot;,&quot;stretch_section&quot;:&quot;section-stretched&quot;}\">\n\t\t\t\t\t\t<div class=\"elementor-container elementor-column-gap-extended\">\n\t\t\t\t\t<div class=\"elementor-column elementor-col-100 elementor-top-column elementor-element elementor-element-7904f509\" data-id=\"7904f509\" data-element_type=\"column\" data-e-type=\"column\">\n\t\t\t<div class=\"elementor-widget-wrap elementor-element-populated\">\n\t\t\t\t\t\t<div class=\"elementor-element elementor-element-2eb19947 elementor-widget elementor-widget-heading\" data-id=\"2eb19947\" data-element_type=\"widget\" data-e-type=\"widget\" data-widget_type=\"heading.default\">\n\t\t\t\t\t<h2 class=\"elementor-heading-title elementor-size-default\">Controlla disponibile <\/h2>\t\t\t\t<\/div>\n\t\t\t\t<div class=\"elementor-element elementor-element-36d2e784 elementor-widget elementor-widget-text-editor\" data-id=\"36d2e784\" data-element_type=\"widget\" data-e-type=\"widget\" data-widget_type=\"text-editor.default\">\n\t\t\t\t\t\t\t\t\t<iframe border=\"0\" src=\"https:\/\/www.trip.com\/partners\/ad\/S5194877?Allianceid=4590391&#038;SID=255941827&#038;trip_sub1=\" style=\"width:1200px;height:200px\" frameborder=\"0\" scrolling=\"no\" id=\"S5194877\"><\/iframe>\t\t\t\t\t\t\t\t<\/div>\n\t\t\t\t\t<\/div>\n\t\t<\/div>\n\t\t\t\t\t<\/div>\n\t\t<\/section>\n\t\t\t\t<\/div>","protected":false},"excerpt":{"rendered":"<p>Feeling healthy and well is not a luxury but an absolute necessity. Heal both your soul and body with our miraculous treatments and return home as a new person, calm and refreshed. Opening Dates Monday &#8211; Sunday Opening Hours 06:00 am &#8211; 22:30 pm Price Range $50 &#8211; $450 Book A Table Or calll us: [&hellip;]<\/p>\n","protected":false},"author":1,"featured_media":0,"parent":0,"menu_order":0,"comment_status":"closed","ping_status":"closed","template":"","meta":{"footnotes":""},"class_list":["post-612","page","type-page","status-publish","hentry","post-no-thumbnail"],"_links":{"self":[{"href":"https:\/\/pagodahotelchengdu.com\/it\/wp-json\/wp\/v2\/pages\/612","targetHints":{"allow":["GET"]}}],"collection":[{"href":"https:\/\/pagodahotelchengdu.com\/it\/wp-json\/wp\/v2\/pages"}],"about":[{"href":"https:\/\/pagodahotelchengdu.com\/it\/wp-json\/wp\/v2\/types\/page"}],"author":[{"embeddable":true,"href":"https:\/\/pagodahotelchengdu.com\/it\/wp-json\/wp\/v2\/users\/1"}],"replies":[{"embeddable":true,"href":"https:\/\/pagodahotelchengdu.com\/it\/wp-json\/wp\/v2\/comments?post=612"}],"version-history":[{"count":0,"href":"https:\/\/pagodahotelchengdu.com\/it\/wp-json\/wp\/v2\/pages\/612\/revisions"}],"wp:attachment":[{"href":"https:\/\/pagodahotelchengdu.com\/it\/wp-json\/wp\/v2\/media?parent=612"}],"curies":[{"name":"parola chiave","href":"https:\/\/api.w.org\/{rel}","templated":true}]}}