{"id":647,"date":"2021-03-29T02:13:52","date_gmt":"2021-03-29T02:13:52","guid":{"rendered":"http:\/\/localhost\/nuss\/?page_id=647"},"modified":"2025-09-04T13:22:57","modified_gmt":"2025-09-04T13:22:57","slug":"servizi","status":"publish","type":"page","link":"https:\/\/pagodahotelchengdu.com\/it\/servizi\/","title":{"rendered":"Servizi"},"content":{"rendered":"<div data-elementor-type=\"wp-page\" data-elementor-id=\"647\" class=\"elementor elementor-647\">\n\t\t\t\t\t\t<section class=\"elementor-section elementor-top-section elementor-element elementor-element-3353bc8 elementor-section-boxed elementor-section-gap-beside-yes elementor-section-height-default elementor-section-height-default elementor-section-column-vertical-align-stretch\" data-id=\"3353bc8\" data-element_type=\"section\" data-e-type=\"section\">\n\t\t\t\t\t\t<div class=\"elementor-container elementor-column-gap-extended\">\n\t\t\t\t\t<div class=\"elementor-column elementor-col-100 elementor-top-column elementor-element elementor-element-0a2bc64\" data-id=\"0a2bc64\" data-element_type=\"column\" data-e-type=\"column\">\n\t\t\t<div class=\"elementor-widget-wrap elementor-element-populated\">\n\t\t\t\t\t\t<div class=\"elementor-element elementor-element-447e3ef elementor-widget__width-initial elementor-invisible elementor-widget elementor-widget-text-editor\" data-id=\"447e3ef\" data-element_type=\"widget\" data-e-type=\"widget\" data-settings=\"{&quot;_animation&quot;:&quot;nussFadeInUp&quot;}\" data-widget_type=\"text-editor.default\">\n\t\t\t\t\t\t\t\t\t<p><strong data-spm-anchor-id=\"a2ty_o01.29997173.0.i63.6fbec921q4yY4x\">I servizi completi del Pagoda Hotel Chengdu Taikoo Li<\/strong><\/p>\t\t\t\t\t\t\t\t<\/div>\n\t\t\t\t\t<\/div>\n\t\t<\/div>\n\t\t\t\t\t<\/div>\n\t\t<\/section>\n\t\t<div class=\"elementor-element elementor-element-01bff08 e-flex e-con-boxed e-con e-parent\" data-id=\"01bff08\" data-element_type=\"container\" data-e-type=\"container\">\n\t\t\t\t\t<div class=\"e-con-inner\">\n\t\t\t\t<div class=\"elementor-element elementor-element-3e3b0d2 elementor-widget elementor-widget-nuss-image-gallery\" data-id=\"3e3b0d2\" data-element_type=\"widget\" data-e-type=\"widget\" data-widget_type=\"nuss-image-gallery.default\">\n\t\t\t\t<div class=\"elementor-widget-container\">\n\t\t\t\t\t\t\t<div class=\"nuss-grid-wrapper\" data-grid=\"{&quot;type&quot;:&quot;grid&quot;,&quot;ratio&quot;:null,&quot;columns&quot;:3,&quot;gutter&quot;:30}\">\r\n\t\t\t<div class=\"nuss-grid lazy-grid\">\r\n\t\t\t\t<div class=\"grid-sizer\"><\/div>\r\n\r\n\t\t\t\t\t\t\t\t\t\t\t\t<div class=\"grid-item\">\r\n\t\t\t\t\t\t<div class=\"nuss-box\">\t\t<div class=\"nuss-image image\">\r\n\t\t\t<img decoding=\"async\"  src=\"https:\/\/pagodahotelchengdu.com\/wp-content\/uploads\/2025\/09\/Pagoda-Hotel-Chengdu-Taikoo-Li-14.webp\" alt=\"Hotel Pagoda Chengdu Taikoo Li (14)\" \/>\t\t<\/div>\r\n\t\t\t\t<\/div>\t\t\t\t\t<\/div>\r\n\t\t\t\t\t\t<div class=\"grid-item\">\r\n\t\t\t\t\t\t<div class=\"nuss-box\">\t\t<div class=\"nuss-image image\">\r\n\t\t\t<img decoding=\"async\"  src=\"https:\/\/pagodahotelchengdu.com\/wp-content\/uploads\/2025\/09\/Pagoda-Hotel-Chengdu-Taikoo-Li-15.webp\" alt=\"Pagoda Hotel Chengdu Taikoo Li (15)\" \/>\t\t<\/div>\r\n\t\t\t\t<\/div>\t\t\t\t\t<\/div>\r\n\t\t\t\t\t\t<div class=\"grid-item\">\r\n\t\t\t\t\t\t<div class=\"nuss-box\">\t\t<div class=\"nuss-image image\">\r\n\t\t\t<img decoding=\"async\"  src=\"https:\/\/pagodahotelchengdu.com\/wp-content\/uploads\/2025\/09\/Pagoda-Hotel-Chengdu-Taikoo-Li-13.webp\" alt=\"Pagoda Hotel Chengdu Taikoo Li (13)\" \/>\t\t<\/div>\r\n\t\t\t\t<\/div>\t\t\t\t\t<\/div>\r\n\t\t\t\t\t\t<div class=\"grid-item\">\r\n\t\t\t\t\t\t<div class=\"nuss-box\">\t\t<div class=\"nuss-image image\">\r\n\t\t\t<img decoding=\"async\"  src=\"https:\/\/pagodahotelchengdu.com\/wp-content\/uploads\/2025\/09\/Pagoda-Hotel-Chengdu-Taikoo-Li-9.webp\" alt=\"Pagoda Hotel Chengdu Taikoo Li (9)\" \/>\t\t<\/div>\r\n\t\t\t\t<\/div>\t\t\t\t\t<\/div>\r\n\t\t\t\t\t\t<div class=\"grid-item\">\r\n\t\t\t\t\t\t<div class=\"nuss-box\">\t\t<div class=\"nuss-image image\">\r\n\t\t\t<img decoding=\"async\"  src=\"https:\/\/pagodahotelchengdu.com\/wp-content\/uploads\/2025\/09\/Pagoda-Hotel-Chengdu-Taikoo-Li-5.webp\" alt=\"Pagoda Hotel Chengdu Taikoo Li (5)\" \/>\t\t<\/div>\r\n\t\t\t\t<\/div>\t\t\t\t\t<\/div>\r\n\t\t\t\t\t\t<div class=\"grid-item\">\r\n\t\t\t\t\t\t<div class=\"nuss-box\">\t\t<div class=\"nuss-image image\">\r\n\t\t\t<img decoding=\"async\"  src=\"https:\/\/pagodahotelchengdu.com\/wp-content\/uploads\/2025\/09\/Pagoda-Hotel-Chengdu-Taikoo-Li-19.webp\" alt=\"Pagoda Hotel Chengdu Taikoo Li (19)\" \/>\t\t<\/div>\r\n\t\t\t\t<\/div>\t\t\t\t\t<\/div>\r\n\t\t\t\t\t\t<div class=\"grid-item\">\r\n\t\t\t\t\t\t<div class=\"nuss-box\">\t\t<div class=\"nuss-image image\">\r\n\t\t\t<img decoding=\"async\"  src=\"https:\/\/pagodahotelchengdu.com\/wp-content\/uploads\/2025\/09\/Pagoda-Hotel-Chengdu-Taikoo-Li-18.webp\" alt=\"Hotel Pagoda Chengdu Taikoo Li (18)\" \/>\t\t<\/div>\r\n\t\t\t\t<\/div>\t\t\t\t\t<\/div>\r\n\t\t\t\t\t\t<div class=\"grid-item\">\r\n\t\t\t\t\t\t<div class=\"nuss-box\">\t\t<div class=\"nuss-image image\">\r\n\t\t\t<img decoding=\"async\"  src=\"https:\/\/pagodahotelchengdu.com\/wp-content\/uploads\/2025\/09\/Pagoda-Hotel-Chengdu-Taikoo-Li-36.webp\" alt=\"Hotel Pagoda Chengdu Taikoo Li (36)\" \/>\t\t<\/div>\r\n\t\t\t\t<\/div>\t\t\t\t\t<\/div>\r\n\t\t\t\t\t\t<div class=\"grid-item\">\r\n\t\t\t\t\t\t<div class=\"nuss-box\">\t\t<div class=\"nuss-image image\">\r\n\t\t\t<img decoding=\"async\"  src=\"https:\/\/pagodahotelchengdu.com\/wp-content\/uploads\/2025\/09\/Pagoda-Hotel-Chengdu-Taikoo-Li-42.webp\" alt=\"Hotel Pagoda Chengdu Taikoo Li (42)\" \/>\t\t<\/div>\r\n\t\t\t\t<\/div>\t\t\t\t\t<\/div>\r\n\t\t\t\t\t\t<div class=\"grid-item\">\r\n\t\t\t\t\t\t<div class=\"nuss-box\">\t\t<div class=\"nuss-image image\">\r\n\t\t\t<img decoding=\"async\"  src=\"https:\/\/pagodahotelchengdu.com\/wp-content\/uploads\/2025\/09\/Pagoda-Hotel-Chengdu-Taikoo-Li-2.webp\" alt=\"Pagoda Hotel Chengdu Taikoo Li (2)\" \/>\t\t<\/div>\r\n\t\t\t\t<\/div>\t\t\t\t\t<\/div>\r\n\t\t\t\t\t\t<div class=\"grid-item\">\r\n\t\t\t\t\t\t<div class=\"nuss-box\">\t\t<div class=\"nuss-image image\">\r\n\t\t\t<img decoding=\"async\"  src=\"https:\/\/pagodahotelchengdu.com\/wp-content\/uploads\/2025\/09\/Pagoda-Hotel-Chengdu-Taikoo-Li-55.webp\" alt=\"Hotel Pagoda Chengdu Taikoo Li (55)\" \/>\t\t<\/div>\r\n\t\t\t\t<\/div>\t\t\t\t\t<\/div>\r\n\t\t\t\t\t\t<div class=\"grid-item\">\r\n\t\t\t\t\t\t<div class=\"nuss-box\">\t\t<div class=\"nuss-image image\">\r\n\t\t\t<img decoding=\"async\"  src=\"https:\/\/pagodahotelchengdu.com\/wp-content\/uploads\/2025\/09\/Pagoda-Hotel-Chengdu-Taikoo-Li-3.webp\" alt=\"Hotel Pagoda Chengdu Taikoo Li (3)\" \/>\t\t<\/div>\r\n\t\t\t\t<\/div>\t\t\t\t\t<\/div>\r\n\t\t\t\t\t\t\t\r\n\t\t\t<\/div>\r\n\t\t<\/div>\r\n\t\t\t\t\t\t<\/div>\n\t\t\t\t<\/div>\n\t\t\t\t\t<\/div>\n\t\t\t\t<\/div>\n\t\t<div class=\"elementor-element elementor-element-3eca558 e-flex e-con-boxed e-con e-parent\" data-id=\"3eca558\" data-element_type=\"container\" data-e-type=\"container\">\n\t\t\t\t\t<div class=\"e-con-inner\">\n\t\t\t\t<div class=\"elementor-element elementor-element-8e65983 elementor-widget elementor-widget-text-editor\" data-id=\"8e65983\" data-element_type=\"widget\" data-e-type=\"widget\" data-widget_type=\"text-editor.default\">\n\t\t\t\t\t\t\t\t\t<p data-spm-anchor-id=\"a2ty_o01.29997173.0.i64.6fbec921q4yY4x\">A <strong>Pagoda Hotel Chengdu Taikoo Li<\/strong>, situato a <strong>No.16 Hua Xing East Street, distretto di Jinjiang, Chengdu, Sichuan, Cina<\/strong>Il servizio non \u00e8 solo una funzione: \u00e8 il fondamento stesso dell&#039;esperienza dell&#039;ospite. Dal momento dell&#039;arrivo a quello della partenza, ogni interazione, servizio e offerta \u00e8 meticolosamente progettata per offrire <strong>ospitalit\u00e0 impeccabile, premurosa e personalizzata<\/strong> che anticipa le tue esigenze e supera le tue aspettative.<\/p><p>Situato in uno dei quartieri pi\u00f9 prestigiosi e dinamici di Chengdu, a pochi passi dal famoso <strong>Taikoo Li (Taikoo Li sino-oceanico)<\/strong> quartiere commerciale e culturale: il nostro hotel \u00e8 pi\u00f9 di un rifugio di lusso. \u00c8 un <strong>santuario moderno<\/strong> Dove l&#039;eleganza del design contemporaneo incontra il calore dell&#039;autentica ospitalit\u00e0 del Sichuan. Che siate in citt\u00e0 per un importante incontro di lavoro, un&#039;esplorazione culturale o una fuga di piacere, la nostra gamma completa di servizi garantir\u00e0 un soggiorno efficiente, confortevole e davvero memorabile.<\/p><div class=\"py-2 my-3\"><hr \/><\/div><h3>\ud83d\udece\ufe0f <strong>Reception aperta 24 ore su 24, 7 giorni su 7 e concierge multilingue: il tuo portale personale per Chengdu<\/strong><\/h3><p>Nostro <strong>reception aperta 24 ore su 24<\/strong> \u00e8 composto da un team professionale e multilingue che parla fluentemente <strong>Mandarino, inglese e giapponese di base<\/strong>, garantendo una comunicazione fluida per gli ospiti internazionali. Dal check-in al check-out, il nostro personale offre un servizio rapido, cortese e personalizzato, riflettendo il rinomato calore e l&#039;ospitalit\u00e0 di Chengdu.<\/p><p>IL <strong>servizio di portineria dedicato<\/strong> va ben oltre l&#039;assistenza di base. Hai bisogno di una prenotazione in un ristorante del Sichuan raccomandato dalla Michelin? Cerchi biglietti per un <strong>Spettacolo mutevole dell&#039;Opera del Sichuan<\/strong>? Vuoi organizzare un tour privato per il <strong>Base di ricerca di Chengdu per l&#039;allevamento del panda gigante<\/strong> o una gita di un giorno a <strong>Buddha gigante di Leshan<\/strong>? Il nostro concierge \u00e8 la tua guida locale di fiducia, che offre <strong>raccomandazioni personalizzate e accordi senza soluzione di continuit\u00e0<\/strong> per ristoranti, visite turistiche, trasporti ed esperienze culturali.<\/p><p>Offriamo inoltre:<\/p><ul><li><strong>Check-in\/check-out espresso<\/strong> per ospiti abituali e viaggiatori d&#039;affari<\/li><li><strong>Deposito bagagli gratuito<\/strong> prima del check-in e dopo il check-out<\/li><li><strong>Servizi postali e di corriere<\/strong> (SF Express, DHL e posta locale)<\/li><li><strong>Assistenza oggetti smarriti<\/strong> e supporto per la documentazione di viaggio<\/li><li><strong>Approfondimenti e mappe locali<\/strong> per aiutarti a muoverti in citt\u00e0 come un abitante del posto<\/li><\/ul><div class=\"py-2 my-3\"><hr \/><\/div><h3>\ud83c\udf10 <strong>Connettivit\u00e0 e servizi aziendali: potenziare la tua vita professionale<\/strong><\/h3><p>Comprendendo le esigenze del viaggiatore globale di oggi, <strong>Pagoda Hotel Chengdu Taikoo Li<\/strong> fornisce una suite robusta di <strong>servizi aziendali e di connettivit\u00e0<\/strong> che ti assicurano di rimanere produttivo, connesso e preparato, indipendentemente dal fuso orario.<\/p><h4>\u2705 <strong>Centro business aperto 24 ore su 24<\/strong><\/h4><p>Aperto 24 ore su 24, il nostro <strong>centro business completamente attrezzato<\/strong> caratteristiche:<\/p><ul><li>Wi-Fi ad alta velocit\u00e0 di livello aziendale con connettivit\u00e0 dual-band<\/li><li>Postazioni di lavoro ergonomiche con divisori per la privacy<\/li><li>Stampanti, scanner e fotocopiatrici multifunzione (che supportano la stampa tramite USB, cloud e dispositivi mobili)<\/li><li>Prese di corrente internazionali e porte di ricarica USB<\/li><li>Kit di cancelleria e blocchi note gratuiti<\/li><\/ul><p>Ideale per presentazioni dell&#039;ultimo minuto, e-mail urgenti o sessioni di lavoro tranquille, questo spazio \u00e8 un rifugio per i professionisti.<\/p><h4>\u2705 <strong>Sale riunioni e conferenze private<\/strong><\/h4><p>Per riunioni formali, presentazioni ai clienti o riunioni di gruppo, offriamo <strong>eleganti sale riunioni insonorizzate<\/strong> che possono ospitare da 6 a 15 persone. Ogni camera \u00e8 dotata di:<\/p><ul><li>Smart TV HD e proiettori con HDMI e mirroring dello schermo wireless (AirPlay, Miracast)<\/li><li>Sistemi audio professionali con microfoni wireless e altoparlanti con cancellazione del rumore<\/li><li>Internet ad alta velocit\u00e0 e funzionalit\u00e0 di videoconferenza (Zoom, Microsoft Teams, Google Meet)<\/li><li>Disposizione flessibile dei posti a sedere (a U, a sala riunioni, a teatro)<\/li><li>Catering su richiesta con canap\u00e9 ispirati al Sichuan, servizio da t\u00e8 o set per pranzi di lavoro<\/li><\/ul><p>Nostro <strong>coordinatore di eventi<\/strong> \u00e8 disponibile per assisterti con l&#039;installazione, il supporto tecnico e la pianificazione, assicurandoti che la tua riunione si svolga senza intoppi.<\/p><div class=\"py-2 my-3\"><hr \/><\/div><h3>\ud83c\udf7d\ufe0f <strong>Servizi di ristorazione e culinari: un assaggio di Chengdu, servito con cura<\/strong><\/h3><p>Nostro <strong>ristorante in loco<\/strong> \u00e8 pi\u00f9 di una semplice comodit\u00e0: \u00e8 una destinazione. Aperto sia agli ospiti che al pubblico, offre un&#039;esperienza culinaria raffinata ma accessibile che celebra i sapori audaci di <strong>Cucina del Sichuan<\/strong> soddisfacendo al contempo palati diversi.<\/p><h4>\ud83c\udf5c Servizi esclusivi:<\/h4><ul><li><strong>Colazione a buffet giornaliera<\/strong>: Una generosa diffusione che presenta entrambi <strong>Opzioni cinesi e occidentali<\/strong> \u2014 dal congee fumante, al baozi e alle verdure sottaceto, fino alle uova strapazzate, alla pancetta, alla frutta fresca, allo yogurt e al pane artigianale.<\/li><li><strong>Men\u00f9 per tutto il giorno<\/strong>: Con specialit\u00e0 locali come <strong>Mapo Tofu, Dan Dan Noodles, Maiale Cotto Due Volte<\/strong>, E <strong>Saltati in padella in stile Sichuan<\/strong>, insieme a piatti internazionali per gli ospiti che cercano variet\u00e0.<\/li><li><strong>Accomodamenti dietetici<\/strong>: Offriamo con orgoglio <strong>opzioni vegetariane, vegane, senza glutine e halal-friendly<\/strong> su richiesta, il nostro team di cucina sar\u00e0 lieto di personalizzare i piatti in base alle vostre esigenze.<\/li><li><strong>Servizio in camera<\/strong>: Godetevi una serata tranquilla con il nostro <strong>men\u00f9 del servizio in camera<\/strong>, disponibile durante gli orari del ristorante.<\/li><li><strong>Set per pranzo di lavoro<\/strong>: Perfetti per commensali singoli o piccoli gruppi, questi set curati offrono efficienza e sapore al professionista impegnato.<\/li><\/ul><p>Nostro <strong>sala d&#039;attesa<\/strong> Offre anche uno spazio tranquillo dove gustare un caff\u00e8, un t\u00e8 o uno spuntino leggero, con bevande gratuite a disposizione degli ospiti durante tutto il giorno.<\/p><div class=\"py-2 my-3\"><hr \/><\/div><h3>\ud83d\udecf\ufe0f <strong>Servizi in camera: comfort, praticit\u00e0 e cura<\/strong><\/h3><p>Ogni camera del Pagoda Hotel Chengdu Taikoo Li \u00e8 progettata per offrire comfort e funzionalit\u00e0, e i nostri servizi garantiscono che il tuo spazio personale rimanga un santuario.<\/p><ul><li><strong>Pulizia giornaliera<\/strong>: La pulizia meticolosa e il servizio di couverture (su richiesta) mantengono la vostra camera fresca e accogliente.<\/li><li><strong>Acqua calda e controllo del clima 24 ore su 24<\/strong>: Gli affidabili sistemi di aria condizionata e riscaldamento garantiscono il comfort tutto l&#039;anno, con controllo individuale delle stanze.<\/li><li><strong>Servizi in camera<\/strong>: Include un minifrigo, una cassaforte, un bollitore elettrico, articoli da toeletta di alta qualit\u00e0, pantofole e accappatoi.<\/li><li><strong>Lavanderia e lavaggio a secco<\/strong>: Sono disponibili servizi di lavanderia express e standard con reso in giornata o il giorno successivo.<\/li><li><strong>Ferro e asse da stiro<\/strong>: Disponibile su richiesta, gratuitamente.<\/li><li><strong>Biancheria da letto e cuscini extra<\/strong>: Opzioni per cuscini ipoallergenici, rigidi o morbidi in base alle tue preferenze.<\/li><\/ul><div class=\"py-2 my-3\"><hr \/><\/div><h3>\ud83c\udfc3\u200d\u2642\ufe0f <strong>Servizi per il benessere e il tempo libero: ricarica il tuo corpo e la tua mente<\/strong><\/h3><p>Mentre il Pagoda Hotel si concentra sull&#039;efficienza aziendale, comprendiamo anche l&#039;importanza dell&#039;equilibrio. Il nostro <strong>servizi di benessere<\/strong> sono progettati per aiutarti a rilassarti, rinfrescarti e mantenere la tua routine.<\/p><h4>\u2705 <strong>Centro fitness ben attrezzato<\/strong><\/h4><p>Il nostro moderno centro fitness \u00e8 aperto tutti i giorni e offre:<\/p><ul><li>Tapis roulant, ellittiche e cyclette<\/li><li>Pesi liberi e attrezzature per l&#039;allenamento di resistenza<\/li><li>Tappetini yoga e zone di stretching<\/li><li>Spazio climatizzato e ben illuminato con pareti a specchio<\/li><\/ul><p>Perfetto per chi si alza presto o per chi ama allenarsi la sera.<\/p><h4>\u2705 <strong>Supporto per il rilassamento e il sonno<\/strong><\/h4><ul><li><strong>Finestre insonorizzate<\/strong> ridurre al minimo il rumore della citt\u00e0<\/li><li><strong>tende oscuranti<\/strong> garantire un sonno profondo e ininterrotto<\/li><li><strong>Macchine per il rumore bianco<\/strong> disponibile su richiesta<\/li><li><strong>Kit per aromaterapia<\/strong> (lavanda, eucalipto) possono essere forniti per un maggiore rilassamento<\/li><\/ul><div class=\"py-2 my-3\"><hr \/><\/div><h3>\ud83d\ude97 <strong>Servizi di trasporto e accessibilit\u00e0<\/strong><\/h3><p>Rendiamo gli spostamenti a Chengdu facili e senza stress:<\/p><ul><li><strong>Parcheggio in loco<\/strong>: Disponibile per gli ospiti in base all&#039;ordine di arrivo (a pagamento).<\/li><li><strong>Assistenza taxi e ride-hailing<\/strong>: La reception pu\u00f2 chiamare Didi (l&#039;app cinese per il trasporto passeggeri) o prenotare un taxi per qualsiasi destinazione.<\/li><li><strong>Accesso alla metropolitana<\/strong>: Solo un <strong>5 minuti a piedi dalla stazione di Chunxi Road (linee 2 e 3)<\/strong>, collegandoti alle principali aree commerciali e turistiche.<\/li><li><strong>Coordinamento dei trasferimenti aeroportuali<\/strong>: Sebbene non venga offerto alcun servizio navetta gratuito, possiamo aiutarti a prenotare trasferimenti privati da <strong>Aeroporto internazionale di Chengdu Tianfu (TFU)<\/strong> O <strong>Aeroporto internazionale di Shuangliu (CTU)<\/strong>.<\/li><\/ul><div class=\"py-2 my-3\"><hr \/><\/div><h3>\ud83c\udf31 <strong>Iniziative di servizio sostenibili e ponderate<\/strong><\/h3><p>Al Pagoda Hotel Chengdu Taikoo Li, crediamo che un servizio eccellente significhi anche <strong>servizio responsabile<\/strong>Ecco perch\u00e9 abbiamo integrato pratiche eco-sostenibili nelle nostre attivit\u00e0 quotidiane:<\/p><ul><li><strong>Riduzione della plastica monouso<\/strong> nelle camere e nelle aree pubbliche<\/li><li><strong>Articoli da toeletta ecologici<\/strong> in imballaggi riciclabili<\/li><li><strong>Sistemi di illuminazione e HVAC a basso consumo energetico<\/strong><\/li><li><strong>Approvvigionamento locale<\/strong> di cibo e rifornimenti per sostenere la comunit\u00e0 di Chengdu<\/li><li><strong>Check-in\/check-out digitale e accesso con chiave mobile<\/strong> per ridurre lo spreco di carta<\/li><\/ul><div class=\"py-2 my-3\"><hr \/><\/div><h3>\ud83e\udd1d <strong>La nostra promessa di servizio: anticipare. Adattarsi. Realizzare.<\/strong><\/h3><p>A <strong>Pagoda Hotel Chengdu Taikoo Li<\/strong>, non rispondiamo solo alle tue esigenze, ma <strong>anticiparli<\/strong>Il nostro team \u00e8 formato per essere proattivo, discreto e orientato alla soluzione, garantendo che ogni aspetto del tuo soggiorno sia senza sforzo.<\/p><p>Che tu sia qui per una notte o per un soggiorno prolungato, i nostri servizi sono progettati per <strong>adattarsi al tuo ritmo<\/strong> \u2014 che si tratti del ritmo di un&#039;agenda aziendale o del tempo libero di un viaggio culturale. Siamo qui per <strong>aiutarti a raggiungere i tuoi obiettivi<\/strong>, che si tratti di concludere un affare, di riunirsi con la famiglia o semplicemente di vivere l&#039;anima di Chengdu con comfort e sicurezza.<\/p><div class=\"py-2 my-3\"><hr \/><\/div><p><strong>Esperienza di servizio ridefinita<\/strong><br \/>\ud83d\udccd <strong>Indirizzo<\/strong>: No.16 Hua Xing East Street, distretto di Jinjiang, Chengdu, Sichuan, Cina<br \/>\ud83d\udcde <strong>Telefono<\/strong>: +86 185 5824 6062<br \/>\ud83c\udf10 <strong>Sito web<\/strong>: <a href=\"https:\/\/pagodahotelchengdu.com\/it\/\" target=\"_blank\" rel=\"nofollow noopener\">https:\/\/pagodahotelchengdu.com <\/a><\/p><p>#PagodaHotelChengdu #CengduHotelServices #L&#039;Hotel di lussoChengdu #BusinessHotelChengdu #Hotel con sale riunioni #SichuanHospitality #GuestServicesChengdu #24HourBusinessCenter #CengduTravel #ProfessionalStay<\/p><div class=\"py-2 my-3\"><hr \/><\/div><p data-spm-anchor-id=\"a2ty_o01.29997173.0.i65.6fbec921q4yY4x\"><strong>Al Pagoda Hotel Chengdu Taikoo Li, il servizio non \u00e8 solo ci\u00f2 che facciamo: \u00e8 ci\u00f2 che siamo.<\/strong><\/p>\t\t\t\t\t\t\t\t<\/div>\n\t\t\t\t\t<\/div>\n\t\t\t\t<\/div>\n\t\t\t\t<section class=\"elementor-section elementor-top-section elementor-element elementor-element-134e55db elementor-section-stretched elementor-section-boxed elementor-section-gap-beside-yes elementor-section-height-default elementor-section-height-default elementor-section-column-vertical-align-stretch\" data-id=\"134e55db\" data-element_type=\"section\" data-e-type=\"section\" data-settings=\"{&quot;background_background&quot;:&quot;classic&quot;,&quot;stretch_section&quot;:&quot;section-stretched&quot;}\">\n\t\t\t\t\t\t<div class=\"elementor-container elementor-column-gap-extended\">\n\t\t\t\t\t<div class=\"elementor-column elementor-col-100 elementor-top-column elementor-element elementor-element-5e86fb97\" data-id=\"5e86fb97\" data-element_type=\"column\" data-e-type=\"column\">\n\t\t\t<div class=\"elementor-widget-wrap elementor-element-populated\">\n\t\t\t\t\t\t<div class=\"elementor-element elementor-element-477409f3 elementor-widget elementor-widget-heading\" data-id=\"477409f3\" data-element_type=\"widget\" data-e-type=\"widget\" data-widget_type=\"heading.default\">\n\t\t\t\t\t<h2 class=\"elementor-heading-title elementor-size-default\">Controlla disponibile <\/h2>\t\t\t\t<\/div>\n\t\t\t\t<div class=\"elementor-element elementor-element-b8e27b7 elementor-widget elementor-widget-text-editor\" data-id=\"b8e27b7\" data-element_type=\"widget\" data-e-type=\"widget\" data-widget_type=\"text-editor.default\">\n\t\t\t\t\t\t\t\t\t<iframe border=\"0\" src=\"https:\/\/www.trip.com\/partners\/ad\/S5194877?Allianceid=4590391&#038;SID=255941827&#038;trip_sub1=\" style=\"width:1200px;height:200px\" frameborder=\"0\" scrolling=\"no\" id=\"S5194877\"><\/iframe>\t\t\t\t\t\t\t\t<\/div>\n\t\t\t\t\t<\/div>\n\t\t<\/div>\n\t\t\t\t\t<\/div>\n\t\t<\/section>\n\t\t\t\t<\/div>","protected":false},"excerpt":{"rendered":"<p>We do our best to offer all our guests the services and facilities to make their stay a memorable one. Eat&amp;Drink Restaurant &amp; Bar Suspendisse laoreet orci ac nulla vulputate pellentesque. Vivamus nec eleifend ex, eget molestie lorem. Integer sed sodales sapien. Cras aliquam fringilla elit sit amet fringilla. Open Daily: 7:00pm &#8211; 11:00pm Find [&hellip;]<\/p>\n","protected":false},"author":1,"featured_media":0,"parent":0,"menu_order":0,"comment_status":"closed","ping_status":"closed","template":"","meta":{"footnotes":""},"class_list":["post-647","page","type-page","status-publish","hentry","post-no-thumbnail"],"_links":{"self":[{"href":"https:\/\/pagodahotelchengdu.com\/it\/wp-json\/wp\/v2\/pages\/647","targetHints":{"allow":["GET"]}}],"collection":[{"href":"https:\/\/pagodahotelchengdu.com\/it\/wp-json\/wp\/v2\/pages"}],"about":[{"href":"https:\/\/pagodahotelchengdu.com\/it\/wp-json\/wp\/v2\/types\/page"}],"author":[{"embeddable":true,"href":"https:\/\/pagodahotelchengdu.com\/it\/wp-json\/wp\/v2\/users\/1"}],"replies":[{"embeddable":true,"href":"https:\/\/pagodahotelchengdu.com\/it\/wp-json\/wp\/v2\/comments?post=647"}],"version-history":[{"count":0,"href":"https:\/\/pagodahotelchengdu.com\/it\/wp-json\/wp\/v2\/pages\/647\/revisions"}],"wp:attachment":[{"href":"https:\/\/pagodahotelchengdu.com\/it\/wp-json\/wp\/v2\/media?parent=647"}],"curies":[{"name":"parola chiave","href":"https:\/\/api.w.org\/{rel}","templated":true}]}}